{"id":11674,"date":"2017-08-29T16:23:18","date_gmt":"2017-08-29T20:23:18","guid":{"rendered":"https:\/\/wwwprodaz.fprofessionnels.com\/our-rendez-vous\/conferences\/avenir-incorporation-webinaire\/"},"modified":"2025-04-22T16:54:36","modified_gmt":"2025-04-22T20:54:36","slug":"avenir-incorporation-webinaire","status":"publish","type":"page","link":"https:\/\/www.fprofessionnels.com\/en\/our-rendez-vous\/major-conferences\/avenir-incorporation-webinaire\/","title":{"rendered":"Quel est l&#8217;avenir de mon incorporation &#8211; Webdiffusion"},"content":{"rendered":"<ul>\n<li>30 minutes de pr\u00e9sentation, 30 minutes pour poser vos questions<\/li>\n<li>Trois pratiques fiscales seront au c\u0153ur de notre analyse\u00a0: pour en savoir plus, consultez notre <a href=\"https:\/\/www.fprofessionnels.com\/avis-experts\/mesures-fiscales-touchant-societes-privees\/\" target=\"_blank\" rel=\"noopener\"><em><u>Avis d\u2019expert<\/u><\/em> <\/a><\/li>\n<\/ul>\n<div class=\"chapeau\">\n<h3>Inscrivez-vous maintenant!<\/h3>\n<ul>\n<li><a href=\"https:\/\/studiocast.ca\/client\/financiere_des_professionnels\/event\/3106\/fr\/\" target=\"_blank\" rel=\"noopener\">Mercredi 20 septembre, 20 h<\/a><\/li>\n<li><a href=\"https:\/\/studiocast.ca\/client\/financiere_des_professionnels\/event\/3111\/fr\/\" target=\"_blank\" rel=\"noopener\">Jeudi 21 septembre, 20 h<\/a><\/li>\n<\/ul>\n<\/div>\n<p>&nbsp;<\/p>\n<hr \/>\n<h3>Foire aux questions<\/h3>\n<p><strong>Comment faire si je ne peux pas assister aux s\u00e9ances du 20 et 21 septembre?<\/strong><br \/>\n<em>La vid\u00e9o sera accessible en tout temps par la suite via le lien re\u00e7u par courriel ainsi que cette page.<\/em><\/p>\n<p><strong>Je me suis d\u00e9j\u00e0 inscrit(e) \u00e0 l\u2019une de vos s\u00e9ances d\u2019information mais je souhaiterais plut\u00f4t assister \u00e0 la webdiffusion, est-ce possible?<\/strong><br \/>\n<em> Oui, annulez tout d\u2019abord votre inscription en envoyant un courriel \u00e0 l\u2019adresse suivante:<\/em> <a href=\"mailto:info@fprofessionnels.com\">info@fprofessionnels.com<\/a><br \/>\n<em>Compl\u00e9tez par la suite le formulaire d\u2019inscription \u00e0 la webdiffusion de votre choix (liens accessibles sur cette page, dans la section pr\u00e9c\u00e9dente).<\/em><\/p>\n<p><strong>Ai-je besoin de t\u00e9l\u00e9charger \/ configurer un programme ou un logiciel sp\u00e9cifique pour acc\u00e9der \u00e0 la webdiffusion?<\/strong><br \/>\n<em>Non, il vous suffira de cliquer sur le lien qui vous sera envoy\u00e9 24 h avant par courriel pour vous connecter \u00e0 la webdiffusion.<\/em><\/p>\n<p><strong>Est-ce que je pourrai acc\u00e9der \u00e0 la webdiffusion depuis ma tablette ou mon t\u00e9l\u00e9phone intelligent?<\/strong><br \/>\n<em>Oui, la webdiffusion sera accessible sur l\u2019ensemble des supports et appareils.<\/em><\/p>\n<p><strong>Si j&#8217;\u00e9prouve des difficult\u00e9s techniques, est-ce que quelqu\u2019un pourra m\u2019aider \u00e0 me connecter?\u00a0<\/strong><br \/>\n<em>Oui, une ic\u00f4ne \u00ab support technique \u00bb sera disponible sur l\u2019interface pour obtenir de l\u2019assistance.<\/em><\/p>\n<p><strong>Est-ce que je pourrai poser des questions lors de la discussion?<\/strong><br \/>\n<em>Oui, vous aurez la possibilit\u00e9 de poser toutes vos questions en direct.<\/em><\/p>\n<p><strong>Combien de temps dure la webdiffusion?<\/strong><br \/>\n<em>La webdiffusion durera approximativement 1 heure (incluant la p\u00e9riode de questions).<\/em><br \/>\n<em>Elle sera d\u00e9coup\u00e9e en chapitres pour vous permettre de visionner uniquement ce qui vous int\u00e9resse.<\/em><\/p>\n","protected":false},"excerpt":{"rendered":"<p>30 minutes de pr\u00e9sentation, 30 minutes pour poser vos questions Trois pratiques fiscales seront au c\u0153ur de notre analyse\u00a0: pour en savoir plus, consultez notre Avis d\u2019expert Inscrivez-vous maintenant! Mercredi 20 septembre, 20 h Jeudi 21 septembre, 20 h &nbsp; Foire aux questions Comment faire si je ne peux pas assister aux s\u00e9ances du 20 <a class=\"read-more\" href=\"https:\/\/www.fprofessionnels.com\/en\/our-rendez-vous\/major-conferences\/avenir-incorporation-webinaire\/\">[&#8230;]<\/a><\/p>\n","protected":false},"author":6,"featured_media":10261,"parent":1286,"menu_order":0,"comment_status":"closed","ping_status":"closed","template":"","meta":{"_acf_changed":false,"footnotes":"","_links_to":"","_links_to_target":""},"categorie-de-page":[],"class_list":["post-11674","page","type-page","status-publish","has-post-thumbnail","hentry"],"acf":[],"yoast_head":"<!-- This site is optimized with the Yoast SEO Premium plugin v26.9 (Yoast SEO v26.9) - https:\/\/yoast.com\/product\/yoast-seo-premium-wordpress\/ -->\n<title>Quel est l&#039;avenir de mon incorporation - Webdiffusion &#8902; fdp Gestion priv\u00e9e<\/title>\n<meta name=\"robots\" content=\"index, follow, max-snippet:-1, max-image-preview:large, max-video-preview:-1\" \/>\n<link rel=\"canonical\" href=\"https:\/\/www.fprofessionnels.com\/nos-rendez-vous\/grandes-conferences\/avenir-incorporation-webinaire\/\" \/>\n<meta property=\"og:locale\" content=\"en_US\" \/>\n<meta property=\"og:type\" content=\"article\" \/>\n<meta property=\"og:title\" content=\"Quel est l&#039;avenir de mon incorporation - Webdiffusion\" \/>\n<meta property=\"og:description\" content=\"30 minutes de pr\u00e9sentation, 30 minutes pour poser vos questions Trois pratiques fiscales seront au c\u0153ur de notre analyse\u00a0: pour en savoir plus, consultez notre Avis d\u2019expert Inscrivez-vous maintenant! Mercredi 20 septembre, 20 h Jeudi 21 septembre, 20 h &nbsp; Foire aux questions Comment faire si je ne peux pas assister aux s\u00e9ances du 20 [...]\" \/>\n<meta property=\"og:url\" content=\"https:\/\/www.fprofessionnels.com\/nos-rendez-vous\/grandes-conferences\/avenir-incorporation-webinaire\/\" \/>\n<meta property=\"og:site_name\" content=\"fdp Gestion priv\u00e9e\" \/>\n<meta property=\"article:publisher\" content=\"https:\/\/www.facebook.com\/Fprofessionnels\/\" \/>\n<meta property=\"article:modified_time\" content=\"2025-04-22T20:54:36+00:00\" \/>\n<meta property=\"og:image\" content=\"https:\/\/www.fprofessionnels.com\/wp-content\/uploads\/2017\/07\/Pastille_Femme-Pourcentage.jpg\" \/>\n\t<meta property=\"og:image:width\" content=\"220\" \/>\n\t<meta property=\"og:image:height\" content=\"200\" \/>\n\t<meta property=\"og:image:type\" content=\"image\/jpeg\" \/>\n<meta name=\"twitter:card\" content=\"summary_large_image\" \/>\n<meta name=\"twitter:site\" content=\"@Fprofessionnels\" \/>\n<meta name=\"twitter:label1\" content=\"Est. reading time\" \/>\n\t<meta name=\"twitter:data1\" content=\"2 minutes\" \/>\n<script type=\"application\/ld+json\" class=\"yoast-schema-graph\">{\"@context\":\"https:\/\/schema.org\",\"@graph\":[{\"@type\":\"WebPage\",\"@id\":\"https:\/\/www.fprofessionnels.com\/nos-rendez-vous\/grandes-conferences\/avenir-incorporation-webinaire\/\",\"url\":\"https:\/\/www.fprofessionnels.com\/nos-rendez-vous\/grandes-conferences\/avenir-incorporation-webinaire\/\",\"name\":\"Quel est l'avenir de mon incorporation - Webdiffusion &#8902; fdp Gestion priv\u00e9e\",\"isPartOf\":{\"@id\":\"https:\/\/www.fprofessionnels.com\/en\/#website\"},\"primaryImageOfPage\":{\"@id\":\"https:\/\/www.fprofessionnels.com\/nos-rendez-vous\/grandes-conferences\/avenir-incorporation-webinaire\/#primaryimage\"},\"image\":{\"@id\":\"https:\/\/www.fprofessionnels.com\/nos-rendez-vous\/grandes-conferences\/avenir-incorporation-webinaire\/#primaryimage\"},\"thumbnailUrl\":\"\/wp-content\/uploads\/2017\/07\/Pastille_Femme-Pourcentage.jpg\",\"datePublished\":\"2017-08-29T20:23:18+00:00\",\"dateModified\":\"2025-04-22T20:54:36+00:00\",\"breadcrumb\":{\"@id\":\"https:\/\/www.fprofessionnels.com\/nos-rendez-vous\/grandes-conferences\/avenir-incorporation-webinaire\/#breadcrumb\"},\"inLanguage\":\"en-US\",\"potentialAction\":[{\"@type\":\"ReadAction\",\"target\":[\"https:\/\/www.fprofessionnels.com\/nos-rendez-vous\/grandes-conferences\/avenir-incorporation-webinaire\/\"]}]},{\"@type\":\"ImageObject\",\"inLanguage\":\"en-US\",\"@id\":\"https:\/\/www.fprofessionnels.com\/nos-rendez-vous\/grandes-conferences\/avenir-incorporation-webinaire\/#primaryimage\",\"url\":\"\/wp-content\/uploads\/2017\/07\/Pastille_Femme-Pourcentage.jpg\",\"contentUrl\":\"\/wp-content\/uploads\/2017\/07\/Pastille_Femme-Pourcentage.jpg\",\"width\":220,\"height\":200},{\"@type\":\"BreadcrumbList\",\"@id\":\"https:\/\/www.fprofessionnels.com\/nos-rendez-vous\/grandes-conferences\/avenir-incorporation-webinaire\/#breadcrumb\",\"itemListElement\":[{\"@type\":\"ListItem\",\"position\":1,\"name\":\"Accueil\",\"item\":\"https:\/\/www.fprofessionnels.com\/en\/\"},{\"@type\":\"ListItem\",\"position\":2,\"name\":\"Our rendez-vous\",\"item\":\"https:\/\/www.fprofessionnels.com\/en\/our-rendez-vous\/\"},{\"@type\":\"ListItem\",\"position\":3,\"name\":\"Our major conferences\",\"item\":\"https:\/\/www.fprofessionnels.com\/en\/our-rendez-vous\/major-conferences\/\"},{\"@type\":\"ListItem\",\"position\":4,\"name\":\"Quel est l&rsquo;avenir de mon incorporation &#8211; Webdiffusion\"}]},{\"@type\":\"WebSite\",\"@id\":\"https:\/\/www.fprofessionnels.com\/en\/#website\",\"url\":\"https:\/\/www.fprofessionnels.com\/en\/\",\"name\":\"fdp Gestion priv\u00e9e\",\"description\":\"Une longueur d\u2019avance dans vos prises de d\u00e9cisions financi\u00e8res\",\"publisher\":{\"@id\":\"https:\/\/www.fprofessionnels.com\/en\/#organization\"},\"potentialAction\":[{\"@type\":\"SearchAction\",\"target\":{\"@type\":\"EntryPoint\",\"urlTemplate\":\"https:\/\/www.fprofessionnels.com\/en\/?s={search_term_string}\"},\"query-input\":{\"@type\":\"PropertyValueSpecification\",\"valueRequired\":true,\"valueName\":\"search_term_string\"}}],\"inLanguage\":\"en-US\"},{\"@type\":\"Organization\",\"@id\":\"https:\/\/www.fprofessionnels.com\/en\/#organization\",\"name\":\"Financi\u00e8re des professionnels\",\"url\":\"https:\/\/www.fprofessionnels.com\/en\/\",\"logo\":{\"@type\":\"ImageObject\",\"inLanguage\":\"en-US\",\"@id\":\"https:\/\/www.fprofessionnels.com\/en\/#\/schema\/logo\/image\/\",\"url\":\"\/wp-content\/uploads\/2016\/06\/logo-fpro.png\",\"contentUrl\":\"\/wp-content\/uploads\/2016\/06\/logo-fpro.png\",\"width\":292,\"height\":184,\"caption\":\"Financi\u00e8re des professionnels\"},\"image\":{\"@id\":\"https:\/\/www.fprofessionnels.com\/en\/#\/schema\/logo\/image\/\"},\"sameAs\":[\"https:\/\/www.facebook.com\/Fprofessionnels\/\",\"https:\/\/x.com\/Fprofessionnels\",\"https:\/\/www.linkedin.com\/company\/financi-re-des-professionnels\"]}]}<\/script>\n<!-- \/ Yoast SEO Premium plugin. -->","yoast_head_json":{"title":"Quel est l'avenir de mon incorporation - Webdiffusion &#8902; fdp Gestion priv\u00e9e","robots":{"index":"index","follow":"follow","max-snippet":"max-snippet:-1","max-image-preview":"max-image-preview:large","max-video-preview":"max-video-preview:-1"},"canonical":"https:\/\/www.fprofessionnels.com\/nos-rendez-vous\/grandes-conferences\/avenir-incorporation-webinaire\/","og_locale":"en_US","og_type":"article","og_title":"Quel est l'avenir de mon incorporation - Webdiffusion","og_description":"30 minutes de pr\u00e9sentation, 30 minutes pour poser vos questions Trois pratiques fiscales seront au c\u0153ur de notre analyse\u00a0: pour en savoir plus, consultez notre Avis d\u2019expert Inscrivez-vous maintenant! Mercredi 20 septembre, 20 h Jeudi 21 septembre, 20 h &nbsp; Foire aux questions Comment faire si je ne peux pas assister aux s\u00e9ances du 20 [...]","og_url":"https:\/\/www.fprofessionnels.com\/nos-rendez-vous\/grandes-conferences\/avenir-incorporation-webinaire\/","og_site_name":"fdp Gestion priv\u00e9e","article_publisher":"https:\/\/www.facebook.com\/Fprofessionnels\/","article_modified_time":"2025-04-22T20:54:36+00:00","og_image":[{"width":220,"height":200,"url":"https:\/\/www.fprofessionnels.com\/wp-content\/uploads\/2017\/07\/Pastille_Femme-Pourcentage.jpg","type":"image\/jpeg"}],"twitter_card":"summary_large_image","twitter_site":"@Fprofessionnels","twitter_misc":{"Est. reading time":"2 minutes"},"schema":{"@context":"https:\/\/schema.org","@graph":[{"@type":"WebPage","@id":"https:\/\/www.fprofessionnels.com\/nos-rendez-vous\/grandes-conferences\/avenir-incorporation-webinaire\/","url":"https:\/\/www.fprofessionnels.com\/nos-rendez-vous\/grandes-conferences\/avenir-incorporation-webinaire\/","name":"Quel est l'avenir de mon incorporation - Webdiffusion &#8902; fdp Gestion priv\u00e9e","isPartOf":{"@id":"https:\/\/www.fprofessionnels.com\/en\/#website"},"primaryImageOfPage":{"@id":"https:\/\/www.fprofessionnels.com\/nos-rendez-vous\/grandes-conferences\/avenir-incorporation-webinaire\/#primaryimage"},"image":{"@id":"https:\/\/www.fprofessionnels.com\/nos-rendez-vous\/grandes-conferences\/avenir-incorporation-webinaire\/#primaryimage"},"thumbnailUrl":"\/wp-content\/uploads\/2017\/07\/Pastille_Femme-Pourcentage.jpg","datePublished":"2017-08-29T20:23:18+00:00","dateModified":"2025-04-22T20:54:36+00:00","breadcrumb":{"@id":"https:\/\/www.fprofessionnels.com\/nos-rendez-vous\/grandes-conferences\/avenir-incorporation-webinaire\/#breadcrumb"},"inLanguage":"en-US","potentialAction":[{"@type":"ReadAction","target":["https:\/\/www.fprofessionnels.com\/nos-rendez-vous\/grandes-conferences\/avenir-incorporation-webinaire\/"]}]},{"@type":"ImageObject","inLanguage":"en-US","@id":"https:\/\/www.fprofessionnels.com\/nos-rendez-vous\/grandes-conferences\/avenir-incorporation-webinaire\/#primaryimage","url":"\/wp-content\/uploads\/2017\/07\/Pastille_Femme-Pourcentage.jpg","contentUrl":"\/wp-content\/uploads\/2017\/07\/Pastille_Femme-Pourcentage.jpg","width":220,"height":200},{"@type":"BreadcrumbList","@id":"https:\/\/www.fprofessionnels.com\/nos-rendez-vous\/grandes-conferences\/avenir-incorporation-webinaire\/#breadcrumb","itemListElement":[{"@type":"ListItem","position":1,"name":"Accueil","item":"https:\/\/www.fprofessionnels.com\/en\/"},{"@type":"ListItem","position":2,"name":"Our rendez-vous","item":"https:\/\/www.fprofessionnels.com\/en\/our-rendez-vous\/"},{"@type":"ListItem","position":3,"name":"Our major conferences","item":"https:\/\/www.fprofessionnels.com\/en\/our-rendez-vous\/major-conferences\/"},{"@type":"ListItem","position":4,"name":"Quel est l&rsquo;avenir de mon incorporation &#8211; Webdiffusion"}]},{"@type":"WebSite","@id":"https:\/\/www.fprofessionnels.com\/en\/#website","url":"https:\/\/www.fprofessionnels.com\/en\/","name":"fdp Gestion priv\u00e9e","description":"Une longueur d\u2019avance dans vos prises de d\u00e9cisions financi\u00e8res","publisher":{"@id":"https:\/\/www.fprofessionnels.com\/en\/#organization"},"potentialAction":[{"@type":"SearchAction","target":{"@type":"EntryPoint","urlTemplate":"https:\/\/www.fprofessionnels.com\/en\/?s={search_term_string}"},"query-input":{"@type":"PropertyValueSpecification","valueRequired":true,"valueName":"search_term_string"}}],"inLanguage":"en-US"},{"@type":"Organization","@id":"https:\/\/www.fprofessionnels.com\/en\/#organization","name":"Financi\u00e8re des professionnels","url":"https:\/\/www.fprofessionnels.com\/en\/","logo":{"@type":"ImageObject","inLanguage":"en-US","@id":"https:\/\/www.fprofessionnels.com\/en\/#\/schema\/logo\/image\/","url":"\/wp-content\/uploads\/2016\/06\/logo-fpro.png","contentUrl":"\/wp-content\/uploads\/2016\/06\/logo-fpro.png","width":292,"height":184,"caption":"Financi\u00e8re des professionnels"},"image":{"@id":"https:\/\/www.fprofessionnels.com\/en\/#\/schema\/logo\/image\/"},"sameAs":["https:\/\/www.facebook.com\/Fprofessionnels\/","https:\/\/x.com\/Fprofessionnels","https:\/\/www.linkedin.com\/company\/financi-re-des-professionnels"]}]}},"_links":{"self":[{"href":"https:\/\/www.fprofessionnels.com\/en\/wp-json\/wp\/v2\/pages\/11674","targetHints":{"allow":["GET"]}}],"collection":[{"href":"https:\/\/www.fprofessionnels.com\/en\/wp-json\/wp\/v2\/pages"}],"about":[{"href":"https:\/\/www.fprofessionnels.com\/en\/wp-json\/wp\/v2\/types\/page"}],"author":[{"embeddable":true,"href":"https:\/\/www.fprofessionnels.com\/en\/wp-json\/wp\/v2\/users\/6"}],"replies":[{"embeddable":true,"href":"https:\/\/www.fprofessionnels.com\/en\/wp-json\/wp\/v2\/comments?post=11674"}],"version-history":[{"count":2,"href":"https:\/\/www.fprofessionnels.com\/en\/wp-json\/wp\/v2\/pages\/11674\/revisions"}],"predecessor-version":[{"id":55527,"href":"https:\/\/www.fprofessionnels.com\/en\/wp-json\/wp\/v2\/pages\/11674\/revisions\/55527"}],"up":[{"embeddable":true,"href":"https:\/\/www.fprofessionnels.com\/en\/wp-json\/wp\/v2\/pages\/1286"}],"wp:featuredmedia":[{"embeddable":true,"href":"https:\/\/www.fprofessionnels.com\/en\/wp-json\/wp\/v2\/media\/10261"}],"wp:attachment":[{"href":"https:\/\/www.fprofessionnels.com\/en\/wp-json\/wp\/v2\/media?parent=11674"}],"wp:term":[{"taxonomy":"categorie-de-page","embeddable":true,"href":"https:\/\/www.fprofessionnels.com\/en\/wp-json\/wp\/v2\/categorie-de-page?post=11674"}],"curies":[{"name":"wp","href":"https:\/\/api.w.org\/{rel}","templated":true}]}}