{"id":12871,"date":"2017-11-21T11:13:41","date_gmt":"2017-11-21T16:13:41","guid":{"rendered":"https:\/\/wwwprodaz.fprofessionnels.com\/our-solutions\/service-de-fiscalite-mesure\/"},"modified":"2025-01-09T14:47:11","modified_gmt":"2025-01-09T19:47:11","slug":"personalized-tax-service","status":"publish","type":"page","link":"https:\/\/www.fprofessionnels.com\/en\/our-complete-offer\/personalized-tax-service\/","title":{"rendered":"Personalized Tax Service"},"content":{"rendered":"<h6><strong>Sound tax advice<\/strong><\/h6>\n<p>Is your financial situation changing? Do you need advice on incorporation? Do you want to understand the tax consequences on your investment income? Since the tax rules also change, our tax specialists and our advisors are always quickly informed and can help you at any time.<\/p>\n<h6><strong>Make the right choices\u00a0<\/strong><\/h6>\n<p>Do you have questions? Do you want to understand the effects of some of your decisions on your tax situation? In any case, talk to a tax specialist: he or she can analyze your situation and identify solutions that will bring you peace of mind. At fdp Private Wealth Management, your <a href=\"https:\/\/www.fprofessionnels.com\/en\/our-experts\/our-advisors\/\" target=\"_blank\" rel=\"noopener\">advisor <\/a>works with a team of tax specialists who understand the financial issues related to your profession. Don\u2019t hesitate to seek their counsel.<\/p>\n<p><a class=\"button\" href=\"https:\/\/www.fprofessionnels.com\/en\/our-experts\/our-advisors\/\">Contact One Of Our Advisors<\/a><\/p>\n","protected":false},"excerpt":{"rendered":"<p>Sound tax advice Is your financial situation changing? Do you need advice on incorporation? Do you want to understand the tax consequences on your investment income? Since the tax rules also change, our tax specialists and our advisors are always quickly informed and can help you at any time. Make the right choices\u00a0 Do you <a class=\"read-more\" href=\"https:\/\/www.fprofessionnels.com\/en\/our-complete-offer\/personalized-tax-service\/\">[&#8230;]<\/a><\/p>\n","protected":false},"author":5,"featured_media":17187,"parent":9837,"menu_order":0,"comment_status":"closed","ping_status":"closed","template":"","meta":{"_acf_changed":false,"footnotes":"","_links_to":"","_links_to_target":""},"categorie-de-page":[],"class_list":["post-12871","page","type-page","status-publish","has-post-thumbnail","hentry"],"acf":[],"yoast_head":"<!-- This site is optimized with the Yoast SEO Premium plugin v26.9 (Yoast SEO v26.9) - https:\/\/yoast.com\/product\/yoast-seo-premium-wordpress\/ -->\n<title>Service de fiscaliste &#8902; planification financi\u00e8re-fdp Gestion priv\u00e9e<\/title>\n<meta name=\"description\" content=\"dans chacune des \u00e9tapes de votre vie financi\u00e8re. Discutez avec l&#039;un de nos conseiller!\" \/>\n<meta name=\"robots\" content=\"index, follow, max-snippet:-1, max-image-preview:large, max-video-preview:-1\" \/>\n<link rel=\"canonical\" href=\"https:\/\/www.fprofessionnels.com\/notre-offre-complete\/service-de-fiscalite-personnalise\/\" \/>\n<meta property=\"og:locale\" content=\"en_US\" \/>\n<meta property=\"og:type\" content=\"article\" \/>\n<meta property=\"og:title\" content=\"Personalized Tax Service\" \/>\n<meta property=\"og:description\" content=\"dans chacune des \u00e9tapes de votre vie financi\u00e8re. Discutez avec l&#039;un de nos conseiller!\" \/>\n<meta property=\"og:url\" content=\"https:\/\/www.fprofessionnels.com\/notre-offre-complete\/service-de-fiscalite-personnalise\/\" \/>\n<meta property=\"og:site_name\" content=\"fdp Gestion priv\u00e9e\" \/>\n<meta property=\"article:publisher\" content=\"https:\/\/www.facebook.com\/Fprofessionnels\/\" \/>\n<meta property=\"article:modified_time\" content=\"2025-01-09T19:47:11+00:00\" \/>\n<meta property=\"og:image\" content=\"https:\/\/www.fprofessionnels.com\/wp-content\/uploads\/2018\/09\/Pastille_Quantum_Fiscalit\u00e9.jpg\" \/>\n\t<meta property=\"og:image:width\" content=\"220\" \/>\n\t<meta property=\"og:image:height\" content=\"200\" \/>\n\t<meta property=\"og:image:type\" content=\"image\/jpeg\" \/>\n<meta name=\"twitter:card\" content=\"summary_large_image\" \/>\n<meta name=\"twitter:site\" content=\"@Fprofessionnels\" \/>\n<meta name=\"twitter:label1\" content=\"Est. reading time\" \/>\n\t<meta name=\"twitter:data1\" content=\"1 minute\" \/>\n<script type=\"application\/ld+json\" class=\"yoast-schema-graph\">{\"@context\":\"https:\/\/schema.org\",\"@graph\":[{\"@type\":\"WebPage\",\"@id\":\"https:\/\/www.fprofessionnels.com\/notre-offre-complete\/service-de-fiscalite-personnalise\/\",\"url\":\"https:\/\/www.fprofessionnels.com\/notre-offre-complete\/service-de-fiscalite-personnalise\/\",\"name\":\"Service de fiscaliste &#8902; planification financi\u00e8re-fdp Gestion priv\u00e9e\",\"isPartOf\":{\"@id\":\"https:\/\/www.fprofessionnels.com\/en\/#website\"},\"primaryImageOfPage\":{\"@id\":\"https:\/\/www.fprofessionnels.com\/notre-offre-complete\/service-de-fiscalite-personnalise\/#primaryimage\"},\"image\":{\"@id\":\"https:\/\/www.fprofessionnels.com\/notre-offre-complete\/service-de-fiscalite-personnalise\/#primaryimage\"},\"thumbnailUrl\":\"\/wp-content\/uploads\/2018\/09\/Pastille_Quantum_Fiscalit\u00e9.jpg\",\"datePublished\":\"2017-11-21T16:13:41+00:00\",\"dateModified\":\"2025-01-09T19:47:11+00:00\",\"description\":\"dans chacune des \u00e9tapes de votre vie financi\u00e8re. Discutez avec l'un de nos conseiller!\",\"breadcrumb\":{\"@id\":\"https:\/\/www.fprofessionnels.com\/notre-offre-complete\/service-de-fiscalite-personnalise\/#breadcrumb\"},\"inLanguage\":\"en-US\",\"potentialAction\":[{\"@type\":\"ReadAction\",\"target\":[\"https:\/\/www.fprofessionnels.com\/notre-offre-complete\/service-de-fiscalite-personnalise\/\"]}]},{\"@type\":\"ImageObject\",\"inLanguage\":\"en-US\",\"@id\":\"https:\/\/www.fprofessionnels.com\/notre-offre-complete\/service-de-fiscalite-personnalise\/#primaryimage\",\"url\":\"\/wp-content\/uploads\/2018\/09\/Pastille_Quantum_Fiscalit\u00e9.jpg\",\"contentUrl\":\"\/wp-content\/uploads\/2018\/09\/Pastille_Quantum_Fiscalit\u00e9.jpg\",\"width\":220,\"height\":200,\"caption\":\"Planification financi\u00e8re\"},{\"@type\":\"BreadcrumbList\",\"@id\":\"https:\/\/www.fprofessionnels.com\/notre-offre-complete\/service-de-fiscalite-personnalise\/#breadcrumb\",\"itemListElement\":[{\"@type\":\"ListItem\",\"position\":1,\"name\":\"Accueil\",\"item\":\"https:\/\/www.fprofessionnels.com\/en\/\"},{\"@type\":\"ListItem\",\"position\":2,\"name\":\"Our complete offer\",\"item\":\"https:\/\/www.fprofessionnels.com\/en\/our-complete-offer\/\"},{\"@type\":\"ListItem\",\"position\":3,\"name\":\"Personalized Tax Service\"}]},{\"@type\":\"WebSite\",\"@id\":\"https:\/\/www.fprofessionnels.com\/en\/#website\",\"url\":\"https:\/\/www.fprofessionnels.com\/en\/\",\"name\":\"fdp Gestion priv\u00e9e\",\"description\":\"Une longueur d\u2019avance dans vos prises de d\u00e9cisions financi\u00e8res\",\"publisher\":{\"@id\":\"https:\/\/www.fprofessionnels.com\/en\/#organization\"},\"potentialAction\":[{\"@type\":\"SearchAction\",\"target\":{\"@type\":\"EntryPoint\",\"urlTemplate\":\"https:\/\/www.fprofessionnels.com\/en\/?s={search_term_string}\"},\"query-input\":{\"@type\":\"PropertyValueSpecification\",\"valueRequired\":true,\"valueName\":\"search_term_string\"}}],\"inLanguage\":\"en-US\"},{\"@type\":\"Organization\",\"@id\":\"https:\/\/www.fprofessionnels.com\/en\/#organization\",\"name\":\"Financi\u00e8re des professionnels\",\"url\":\"https:\/\/www.fprofessionnels.com\/en\/\",\"logo\":{\"@type\":\"ImageObject\",\"inLanguage\":\"en-US\",\"@id\":\"https:\/\/www.fprofessionnels.com\/en\/#\/schema\/logo\/image\/\",\"url\":\"\/wp-content\/uploads\/2016\/06\/logo-fpro.png\",\"contentUrl\":\"\/wp-content\/uploads\/2016\/06\/logo-fpro.png\",\"width\":292,\"height\":184,\"caption\":\"Financi\u00e8re des professionnels\"},\"image\":{\"@id\":\"https:\/\/www.fprofessionnels.com\/en\/#\/schema\/logo\/image\/\"},\"sameAs\":[\"https:\/\/www.facebook.com\/Fprofessionnels\/\",\"https:\/\/x.com\/Fprofessionnels\",\"https:\/\/www.linkedin.com\/company\/financi-re-des-professionnels\"]}]}<\/script>\n<!-- \/ Yoast SEO Premium plugin. -->","yoast_head_json":{"title":"Service de fiscaliste &#8902; planification financi\u00e8re-fdp Gestion priv\u00e9e","description":"dans chacune des \u00e9tapes de votre vie financi\u00e8re. Discutez avec l'un de nos conseiller!","robots":{"index":"index","follow":"follow","max-snippet":"max-snippet:-1","max-image-preview":"max-image-preview:large","max-video-preview":"max-video-preview:-1"},"canonical":"https:\/\/www.fprofessionnels.com\/notre-offre-complete\/service-de-fiscalite-personnalise\/","og_locale":"en_US","og_type":"article","og_title":"Personalized Tax Service","og_description":"dans chacune des \u00e9tapes de votre vie financi\u00e8re. Discutez avec l'un de nos conseiller!","og_url":"https:\/\/www.fprofessionnels.com\/notre-offre-complete\/service-de-fiscalite-personnalise\/","og_site_name":"fdp Gestion priv\u00e9e","article_publisher":"https:\/\/www.facebook.com\/Fprofessionnels\/","article_modified_time":"2025-01-09T19:47:11+00:00","og_image":[{"width":220,"height":200,"url":"https:\/\/www.fprofessionnels.com\/wp-content\/uploads\/2018\/09\/Pastille_Quantum_Fiscalit\u00e9.jpg","type":"image\/jpeg"}],"twitter_card":"summary_large_image","twitter_site":"@Fprofessionnels","twitter_misc":{"Est. reading time":"1 minute"},"schema":{"@context":"https:\/\/schema.org","@graph":[{"@type":"WebPage","@id":"https:\/\/www.fprofessionnels.com\/notre-offre-complete\/service-de-fiscalite-personnalise\/","url":"https:\/\/www.fprofessionnels.com\/notre-offre-complete\/service-de-fiscalite-personnalise\/","name":"Service de fiscaliste &#8902; planification financi\u00e8re-fdp Gestion priv\u00e9e","isPartOf":{"@id":"https:\/\/www.fprofessionnels.com\/en\/#website"},"primaryImageOfPage":{"@id":"https:\/\/www.fprofessionnels.com\/notre-offre-complete\/service-de-fiscalite-personnalise\/#primaryimage"},"image":{"@id":"https:\/\/www.fprofessionnels.com\/notre-offre-complete\/service-de-fiscalite-personnalise\/#primaryimage"},"thumbnailUrl":"\/wp-content\/uploads\/2018\/09\/Pastille_Quantum_Fiscalit\u00e9.jpg","datePublished":"2017-11-21T16:13:41+00:00","dateModified":"2025-01-09T19:47:11+00:00","description":"dans chacune des \u00e9tapes de votre vie financi\u00e8re. Discutez avec l'un de nos conseiller!","breadcrumb":{"@id":"https:\/\/www.fprofessionnels.com\/notre-offre-complete\/service-de-fiscalite-personnalise\/#breadcrumb"},"inLanguage":"en-US","potentialAction":[{"@type":"ReadAction","target":["https:\/\/www.fprofessionnels.com\/notre-offre-complete\/service-de-fiscalite-personnalise\/"]}]},{"@type":"ImageObject","inLanguage":"en-US","@id":"https:\/\/www.fprofessionnels.com\/notre-offre-complete\/service-de-fiscalite-personnalise\/#primaryimage","url":"\/wp-content\/uploads\/2018\/09\/Pastille_Quantum_Fiscalit\u00e9.jpg","contentUrl":"\/wp-content\/uploads\/2018\/09\/Pastille_Quantum_Fiscalit\u00e9.jpg","width":220,"height":200,"caption":"Planification financi\u00e8re"},{"@type":"BreadcrumbList","@id":"https:\/\/www.fprofessionnels.com\/notre-offre-complete\/service-de-fiscalite-personnalise\/#breadcrumb","itemListElement":[{"@type":"ListItem","position":1,"name":"Accueil","item":"https:\/\/www.fprofessionnels.com\/en\/"},{"@type":"ListItem","position":2,"name":"Our complete offer","item":"https:\/\/www.fprofessionnels.com\/en\/our-complete-offer\/"},{"@type":"ListItem","position":3,"name":"Personalized Tax Service"}]},{"@type":"WebSite","@id":"https:\/\/www.fprofessionnels.com\/en\/#website","url":"https:\/\/www.fprofessionnels.com\/en\/","name":"fdp Gestion priv\u00e9e","description":"Une longueur d\u2019avance dans vos prises de d\u00e9cisions financi\u00e8res","publisher":{"@id":"https:\/\/www.fprofessionnels.com\/en\/#organization"},"potentialAction":[{"@type":"SearchAction","target":{"@type":"EntryPoint","urlTemplate":"https:\/\/www.fprofessionnels.com\/en\/?s={search_term_string}"},"query-input":{"@type":"PropertyValueSpecification","valueRequired":true,"valueName":"search_term_string"}}],"inLanguage":"en-US"},{"@type":"Organization","@id":"https:\/\/www.fprofessionnels.com\/en\/#organization","name":"Financi\u00e8re des professionnels","url":"https:\/\/www.fprofessionnels.com\/en\/","logo":{"@type":"ImageObject","inLanguage":"en-US","@id":"https:\/\/www.fprofessionnels.com\/en\/#\/schema\/logo\/image\/","url":"\/wp-content\/uploads\/2016\/06\/logo-fpro.png","contentUrl":"\/wp-content\/uploads\/2016\/06\/logo-fpro.png","width":292,"height":184,"caption":"Financi\u00e8re des professionnels"},"image":{"@id":"https:\/\/www.fprofessionnels.com\/en\/#\/schema\/logo\/image\/"},"sameAs":["https:\/\/www.facebook.com\/Fprofessionnels\/","https:\/\/x.com\/Fprofessionnels","https:\/\/www.linkedin.com\/company\/financi-re-des-professionnels"]}]}},"_links":{"self":[{"href":"https:\/\/www.fprofessionnels.com\/en\/wp-json\/wp\/v2\/pages\/12871","targetHints":{"allow":["GET"]}}],"collection":[{"href":"https:\/\/www.fprofessionnels.com\/en\/wp-json\/wp\/v2\/pages"}],"about":[{"href":"https:\/\/www.fprofessionnels.com\/en\/wp-json\/wp\/v2\/types\/page"}],"author":[{"embeddable":true,"href":"https:\/\/www.fprofessionnels.com\/en\/wp-json\/wp\/v2\/users\/5"}],"replies":[{"embeddable":true,"href":"https:\/\/www.fprofessionnels.com\/en\/wp-json\/wp\/v2\/comments?post=12871"}],"version-history":[{"count":10,"href":"https:\/\/www.fprofessionnels.com\/en\/wp-json\/wp\/v2\/pages\/12871\/revisions"}],"predecessor-version":[{"id":54190,"href":"https:\/\/www.fprofessionnels.com\/en\/wp-json\/wp\/v2\/pages\/12871\/revisions\/54190"}],"up":[{"embeddable":true,"href":"https:\/\/www.fprofessionnels.com\/en\/wp-json\/wp\/v2\/pages\/9837"}],"wp:featuredmedia":[{"embeddable":true,"href":"https:\/\/www.fprofessionnels.com\/en\/wp-json\/wp\/v2\/media\/17187"}],"wp:attachment":[{"href":"https:\/\/www.fprofessionnels.com\/en\/wp-json\/wp\/v2\/media?parent=12871"}],"wp:term":[{"taxonomy":"categorie-de-page","embeddable":true,"href":"https:\/\/www.fprofessionnels.com\/en\/wp-json\/wp\/v2\/categorie-de-page?post=12871"}],"curies":[{"name":"wp","href":"https:\/\/api.w.org\/{rel}","templated":true}]}}