{"id":12927,"date":"2017-12-04T11:13:52","date_gmt":"2017-12-04T16:13:52","guid":{"rendered":"https:\/\/wwwprodaz.fprofessionnels.com\/fiducie-familiale\/"},"modified":"2018-09-18T09:54:12","modified_gmt":"2018-09-18T13:54:12","slug":"family-trust","status":"publish","type":"page","link":"https:\/\/www.fprofessionnels.com\/en\/our-complete-offer\/family-trust\/","title":{"rendered":"Family Trust"},"content":{"rendered":"<h6><strong>Your family first!<\/strong><\/h6>\n<p>Creating a family trust may be an attractive option to take care of your family. It enables you to:<\/p>\n<ul>\n<li>Assist family members financially by allocating trust income to them<\/li>\n<li>Lend sums to minor children without the intervention of the Curateur public<\/li>\n<li>Lend sums to adult persons if you would like to retain control of the management of your assets<\/li>\n<\/ul>\n<div class=\"fonds-encadre\">\n<h6>A solution with many benefits<\/h6>\n<p>By choosing this solution you can:<\/p>\n<ul>\n<li>Reduce your personal taxes<\/li>\n<li>Control all your capital and the gains generated<\/li>\n<li>Use the investment income to pay for your children\u2019s education, buy their first home or help them start up a business<\/li>\n<\/ul>\n<p><strong>It\u2019s up to you!<\/strong><\/p>\n<\/div>\n<h6><strong>Your trust<\/strong><\/h6>\n<p>To set up your trust, our experts do a detailed assessment of the tax implications in your situation. Wealth management advisors, tax specialists and notaries are involved at each stage. They offer you all the necessary tools for sound management of the trust:<sup>1<\/sup><\/p>\n<ul>\n<li>Preparation of the deed of loan and the deed of trust<\/li>\n<li>Establishment of the trust and supervision of the set-up process<\/li>\n<li>Loan advice and strategic planning<\/li>\n<li>Tools for the trustee: checklist and steps to follow<\/li>\n<li>Annual trust management follow-up (tax reports, etc.)<\/li>\n<\/ul>\n<h6><strong>Plan your family\u2019s future!<\/strong><\/h6>\n<p>Want to know if this service is right for you?\u00a0 Have questions? Contact\u00a0<a href=\"https:\/\/www.fprofessionnels.com\/en\/our-experts\/our-advisors\/\" target=\"_blank\" rel=\"noopener\">your advisor <\/a>for more details and to assess your needs.<\/p>\n<p><span class=\"note\"><sup>1 <\/sup>Certain fees may apply<\/span><\/p>\n","protected":false},"excerpt":{"rendered":"<p>Your family first! Creating a family trust may be an attractive option to take care of your family. It enables you to: Assist family members financially by allocating trust income to them Lend sums to minor children without the intervention of the Curateur public Lend sums to adult persons if you would like to retain <a class=\"read-more\" href=\"https:\/\/www.fprofessionnels.com\/en\/our-complete-offer\/family-trust\/\">[&#8230;]<\/a><\/p>\n","protected":false},"author":5,"featured_media":17164,"parent":9837,"menu_order":0,"comment_status":"closed","ping_status":"closed","template":"","meta":{"_acf_changed":false,"footnotes":"","_links_to":"","_links_to_target":""},"categorie-de-page":[],"class_list":["post-12927","page","type-page","status-publish","has-post-thumbnail","hentry"],"acf":[],"yoast_head":"<!-- This site is optimized with the Yoast SEO Premium plugin v26.9 (Yoast SEO v26.9) - https:\/\/yoast.com\/product\/yoast-seo-premium-wordpress\/ -->\n<title>Family Trust &#8902; Strat\u00e9gies fiscales - fdp Gestion priv\u00e9e<\/title>\n<meta name=\"description\" content=\"La fiducie familiale est une solution utile pour r\u00e9duire votre fardeau fiscal tout en en faisant profiter \u00e0 votre famille. Apprenez-en davantage!\" \/>\n<meta name=\"robots\" content=\"index, follow, max-snippet:-1, max-image-preview:large, max-video-preview:-1\" \/>\n<link rel=\"canonical\" href=\"https:\/\/www.fprofessionnels.com\/en\/our-complete-offer\/family-trust\/\" \/>\n<meta property=\"og:locale\" content=\"en_US\" \/>\n<meta property=\"og:type\" content=\"article\" \/>\n<meta property=\"og:title\" content=\"Family Trust\" \/>\n<meta property=\"og:description\" content=\"La fiducie familiale est une solution utile pour r\u00e9duire votre fardeau fiscal tout en en faisant profiter \u00e0 votre famille. Apprenez-en davantage!\" \/>\n<meta property=\"og:url\" content=\"https:\/\/www.fprofessionnels.com\/en\/our-complete-offer\/family-trust\/\" \/>\n<meta property=\"og:site_name\" content=\"fdp Gestion priv\u00e9e\" \/>\n<meta property=\"article:publisher\" content=\"https:\/\/www.facebook.com\/Fprofessionnels\/\" \/>\n<meta property=\"article:modified_time\" content=\"2018-09-18T13:54:12+00:00\" \/>\n<meta property=\"og:image\" content=\"https:\/\/www.fprofessionnels.com\/wp-content\/uploads\/2018\/09\/Pastille_TarificationFamiliale.jpg\" \/>\n\t<meta property=\"og:image:width\" content=\"220\" \/>\n\t<meta property=\"og:image:height\" content=\"200\" \/>\n\t<meta property=\"og:image:type\" content=\"image\/jpeg\" \/>\n<meta name=\"twitter:card\" content=\"summary_large_image\" \/>\n<meta name=\"twitter:site\" content=\"@Fprofessionnels\" \/>\n<meta name=\"twitter:label1\" content=\"Est. reading time\" \/>\n\t<meta name=\"twitter:data1\" content=\"1 minute\" \/>\n<script type=\"application\/ld+json\" class=\"yoast-schema-graph\">{\"@context\":\"https:\/\/schema.org\",\"@graph\":[{\"@type\":\"WebPage\",\"@id\":\"https:\/\/www.fprofessionnels.com\/en\/our-complete-offer\/family-trust\/\",\"url\":\"https:\/\/www.fprofessionnels.com\/en\/our-complete-offer\/family-trust\/\",\"name\":\"Family Trust &#8902; Strat\u00e9gies fiscales - fdp Gestion priv\u00e9e\",\"isPartOf\":{\"@id\":\"https:\/\/www.fprofessionnels.com\/en\/#website\"},\"primaryImageOfPage\":{\"@id\":\"https:\/\/www.fprofessionnels.com\/en\/our-complete-offer\/family-trust\/#primaryimage\"},\"image\":{\"@id\":\"https:\/\/www.fprofessionnels.com\/en\/our-complete-offer\/family-trust\/#primaryimage\"},\"thumbnailUrl\":\"\/wp-content\/uploads\/2018\/09\/Pastille_TarificationFamiliale.jpg\",\"datePublished\":\"2017-12-04T16:13:52+00:00\",\"dateModified\":\"2018-09-18T13:54:12+00:00\",\"description\":\"La fiducie familiale est une solution utile pour r\u00e9duire votre fardeau fiscal tout en en faisant profiter \u00e0 votre famille. Apprenez-en davantage!\",\"breadcrumb\":{\"@id\":\"https:\/\/www.fprofessionnels.com\/en\/our-complete-offer\/family-trust\/#breadcrumb\"},\"inLanguage\":\"en-US\",\"potentialAction\":[{\"@type\":\"ReadAction\",\"target\":[\"https:\/\/www.fprofessionnels.com\/en\/our-complete-offer\/family-trust\/\"]}]},{\"@type\":\"ImageObject\",\"inLanguage\":\"en-US\",\"@id\":\"https:\/\/www.fprofessionnels.com\/en\/our-complete-offer\/family-trust\/#primaryimage\",\"url\":\"\/wp-content\/uploads\/2018\/09\/Pastille_TarificationFamiliale.jpg\",\"contentUrl\":\"\/wp-content\/uploads\/2018\/09\/Pastille_TarificationFamiliale.jpg\",\"width\":220,\"height\":200},{\"@type\":\"BreadcrumbList\",\"@id\":\"https:\/\/www.fprofessionnels.com\/en\/our-complete-offer\/family-trust\/#breadcrumb\",\"itemListElement\":[{\"@type\":\"ListItem\",\"position\":1,\"name\":\"Accueil\",\"item\":\"https:\/\/www.fprofessionnels.com\/en\/\"},{\"@type\":\"ListItem\",\"position\":2,\"name\":\"Our complete offer\",\"item\":\"https:\/\/www.fprofessionnels.com\/en\/our-complete-offer\/\"},{\"@type\":\"ListItem\",\"position\":3,\"name\":\"Family Trust\"}]},{\"@type\":\"WebSite\",\"@id\":\"https:\/\/www.fprofessionnels.com\/en\/#website\",\"url\":\"https:\/\/www.fprofessionnels.com\/en\/\",\"name\":\"fdp Gestion priv\u00e9e\",\"description\":\"Une longueur d\u2019avance dans vos prises de d\u00e9cisions financi\u00e8res\",\"publisher\":{\"@id\":\"https:\/\/www.fprofessionnels.com\/en\/#organization\"},\"potentialAction\":[{\"@type\":\"SearchAction\",\"target\":{\"@type\":\"EntryPoint\",\"urlTemplate\":\"https:\/\/www.fprofessionnels.com\/en\/?s={search_term_string}\"},\"query-input\":{\"@type\":\"PropertyValueSpecification\",\"valueRequired\":true,\"valueName\":\"search_term_string\"}}],\"inLanguage\":\"en-US\"},{\"@type\":\"Organization\",\"@id\":\"https:\/\/www.fprofessionnels.com\/en\/#organization\",\"name\":\"Financi\u00e8re des professionnels\",\"url\":\"https:\/\/www.fprofessionnels.com\/en\/\",\"logo\":{\"@type\":\"ImageObject\",\"inLanguage\":\"en-US\",\"@id\":\"https:\/\/www.fprofessionnels.com\/en\/#\/schema\/logo\/image\/\",\"url\":\"\/wp-content\/uploads\/2016\/06\/logo-fpro.png\",\"contentUrl\":\"\/wp-content\/uploads\/2016\/06\/logo-fpro.png\",\"width\":292,\"height\":184,\"caption\":\"Financi\u00e8re des professionnels\"},\"image\":{\"@id\":\"https:\/\/www.fprofessionnels.com\/en\/#\/schema\/logo\/image\/\"},\"sameAs\":[\"https:\/\/www.facebook.com\/Fprofessionnels\/\",\"https:\/\/x.com\/Fprofessionnels\",\"https:\/\/www.linkedin.com\/company\/financi-re-des-professionnels\"]}]}<\/script>\n<!-- \/ Yoast SEO Premium plugin. -->","yoast_head_json":{"title":"Family Trust &#8902; Strat\u00e9gies fiscales - fdp Gestion priv\u00e9e","description":"La fiducie familiale est une solution utile pour r\u00e9duire votre fardeau fiscal tout en en faisant profiter \u00e0 votre famille. Apprenez-en davantage!","robots":{"index":"index","follow":"follow","max-snippet":"max-snippet:-1","max-image-preview":"max-image-preview:large","max-video-preview":"max-video-preview:-1"},"canonical":"https:\/\/www.fprofessionnels.com\/en\/our-complete-offer\/family-trust\/","og_locale":"en_US","og_type":"article","og_title":"Family Trust","og_description":"La fiducie familiale est une solution utile pour r\u00e9duire votre fardeau fiscal tout en en faisant profiter \u00e0 votre famille. Apprenez-en davantage!","og_url":"https:\/\/www.fprofessionnels.com\/en\/our-complete-offer\/family-trust\/","og_site_name":"fdp Gestion priv\u00e9e","article_publisher":"https:\/\/www.facebook.com\/Fprofessionnels\/","article_modified_time":"2018-09-18T13:54:12+00:00","og_image":[{"width":220,"height":200,"url":"https:\/\/www.fprofessionnels.com\/wp-content\/uploads\/2018\/09\/Pastille_TarificationFamiliale.jpg","type":"image\/jpeg"}],"twitter_card":"summary_large_image","twitter_site":"@Fprofessionnels","twitter_misc":{"Est. reading time":"1 minute"},"schema":{"@context":"https:\/\/schema.org","@graph":[{"@type":"WebPage","@id":"https:\/\/www.fprofessionnels.com\/en\/our-complete-offer\/family-trust\/","url":"https:\/\/www.fprofessionnels.com\/en\/our-complete-offer\/family-trust\/","name":"Family Trust &#8902; Strat\u00e9gies fiscales - fdp Gestion priv\u00e9e","isPartOf":{"@id":"https:\/\/www.fprofessionnels.com\/en\/#website"},"primaryImageOfPage":{"@id":"https:\/\/www.fprofessionnels.com\/en\/our-complete-offer\/family-trust\/#primaryimage"},"image":{"@id":"https:\/\/www.fprofessionnels.com\/en\/our-complete-offer\/family-trust\/#primaryimage"},"thumbnailUrl":"\/wp-content\/uploads\/2018\/09\/Pastille_TarificationFamiliale.jpg","datePublished":"2017-12-04T16:13:52+00:00","dateModified":"2018-09-18T13:54:12+00:00","description":"La fiducie familiale est une solution utile pour r\u00e9duire votre fardeau fiscal tout en en faisant profiter \u00e0 votre famille. Apprenez-en davantage!","breadcrumb":{"@id":"https:\/\/www.fprofessionnels.com\/en\/our-complete-offer\/family-trust\/#breadcrumb"},"inLanguage":"en-US","potentialAction":[{"@type":"ReadAction","target":["https:\/\/www.fprofessionnels.com\/en\/our-complete-offer\/family-trust\/"]}]},{"@type":"ImageObject","inLanguage":"en-US","@id":"https:\/\/www.fprofessionnels.com\/en\/our-complete-offer\/family-trust\/#primaryimage","url":"\/wp-content\/uploads\/2018\/09\/Pastille_TarificationFamiliale.jpg","contentUrl":"\/wp-content\/uploads\/2018\/09\/Pastille_TarificationFamiliale.jpg","width":220,"height":200},{"@type":"BreadcrumbList","@id":"https:\/\/www.fprofessionnels.com\/en\/our-complete-offer\/family-trust\/#breadcrumb","itemListElement":[{"@type":"ListItem","position":1,"name":"Accueil","item":"https:\/\/www.fprofessionnels.com\/en\/"},{"@type":"ListItem","position":2,"name":"Our complete offer","item":"https:\/\/www.fprofessionnels.com\/en\/our-complete-offer\/"},{"@type":"ListItem","position":3,"name":"Family Trust"}]},{"@type":"WebSite","@id":"https:\/\/www.fprofessionnels.com\/en\/#website","url":"https:\/\/www.fprofessionnels.com\/en\/","name":"fdp Gestion priv\u00e9e","description":"Une longueur d\u2019avance dans vos prises de d\u00e9cisions financi\u00e8res","publisher":{"@id":"https:\/\/www.fprofessionnels.com\/en\/#organization"},"potentialAction":[{"@type":"SearchAction","target":{"@type":"EntryPoint","urlTemplate":"https:\/\/www.fprofessionnels.com\/en\/?s={search_term_string}"},"query-input":{"@type":"PropertyValueSpecification","valueRequired":true,"valueName":"search_term_string"}}],"inLanguage":"en-US"},{"@type":"Organization","@id":"https:\/\/www.fprofessionnels.com\/en\/#organization","name":"Financi\u00e8re des professionnels","url":"https:\/\/www.fprofessionnels.com\/en\/","logo":{"@type":"ImageObject","inLanguage":"en-US","@id":"https:\/\/www.fprofessionnels.com\/en\/#\/schema\/logo\/image\/","url":"\/wp-content\/uploads\/2016\/06\/logo-fpro.png","contentUrl":"\/wp-content\/uploads\/2016\/06\/logo-fpro.png","width":292,"height":184,"caption":"Financi\u00e8re des professionnels"},"image":{"@id":"https:\/\/www.fprofessionnels.com\/en\/#\/schema\/logo\/image\/"},"sameAs":["https:\/\/www.facebook.com\/Fprofessionnels\/","https:\/\/x.com\/Fprofessionnels","https:\/\/www.linkedin.com\/company\/financi-re-des-professionnels"]}]}},"_links":{"self":[{"href":"https:\/\/www.fprofessionnels.com\/en\/wp-json\/wp\/v2\/pages\/12927","targetHints":{"allow":["GET"]}}],"collection":[{"href":"https:\/\/www.fprofessionnels.com\/en\/wp-json\/wp\/v2\/pages"}],"about":[{"href":"https:\/\/www.fprofessionnels.com\/en\/wp-json\/wp\/v2\/types\/page"}],"author":[{"embeddable":true,"href":"https:\/\/www.fprofessionnels.com\/en\/wp-json\/wp\/v2\/users\/5"}],"replies":[{"embeddable":true,"href":"https:\/\/www.fprofessionnels.com\/en\/wp-json\/wp\/v2\/comments?post=12927"}],"version-history":[{"count":3,"href":"https:\/\/www.fprofessionnels.com\/en\/wp-json\/wp\/v2\/pages\/12927\/revisions"}],"predecessor-version":[{"id":12931,"href":"https:\/\/www.fprofessionnels.com\/en\/wp-json\/wp\/v2\/pages\/12927\/revisions\/12931"}],"up":[{"embeddable":true,"href":"https:\/\/www.fprofessionnels.com\/en\/wp-json\/wp\/v2\/pages\/9837"}],"wp:featuredmedia":[{"embeddable":true,"href":"https:\/\/www.fprofessionnels.com\/en\/wp-json\/wp\/v2\/media\/17164"}],"wp:attachment":[{"href":"https:\/\/www.fprofessionnels.com\/en\/wp-json\/wp\/v2\/media?parent=12927"}],"wp:term":[{"taxonomy":"categorie-de-page","embeddable":true,"href":"https:\/\/www.fprofessionnels.com\/en\/wp-json\/wp\/v2\/categorie-de-page?post=12927"}],"curies":[{"name":"wp","href":"https:\/\/api.w.org\/{rel}","templated":true}]}}