{"id":14223,"date":"2018-03-27T10:12:20","date_gmt":"2018-03-27T14:12:20","guid":{"rendered":"https:\/\/wwwprodaz.fprofessionnels.com\/?page_id=14223"},"modified":"2018-03-27T11:33:32","modified_gmt":"2018-03-27T15:33:32","slug":"universite-laval-2016","status":"publish","type":"page","link":"https:\/\/www.fprofessionnels.com\/en\/about\/scholarships\/recipients-2016\/universite-laval-2016\/","title":{"rendered":"Universit\u00e9 Laval 2016"},"content":{"rendered":"<p>In the <strong>Faculty of Medicine<\/strong>, three students each received a $4,000 scholarship for their outstanding commitment and perseverance as well as for the success they achieved in the discipline.<\/p>\n<p>The purpose of these scholarships is not only to encourage the recipients to continue their studies, but also to stimulate their interest in research.<\/p>\n<figure id=\"attachment_5848\" aria-describedby=\"caption-attachment-5848\" style=\"width: 640px\" class=\"wp-caption alignnone\"><img loading=\"lazy\" decoding=\"async\" class=\"wp-image-5848 size-large content-img\" src=\"\/wp-content\/uploads\/2016\/05\/Bourses_etudes_FDP_2016_ULaval_medecine-1024x683.jpg\" alt=\"Professionals' Financial Scholarships 2016 - Universit\u00e9 Laval - Faculty of Medicine\" width=\"640\" height=\"427\" srcset=\"\/wp-content\/uploads\/2016\/05\/Bourses_etudes_FDP_2016_ULaval_medecine-1024x683.jpg 1024w, \/wp-content\/uploads\/2016\/05\/Bourses_etudes_FDP_2016_ULaval_medecine-300x200.jpg 300w, \/wp-content\/uploads\/2016\/05\/Bourses_etudes_FDP_2016_ULaval_medecine-768x512.jpg 768w, \/wp-content\/uploads\/2016\/05\/Bourses_etudes_FDP_2016_ULaval_medecine.jpg 1800w\" sizes=\"auto, (max-width: 640px) 100vw, 640px\" \/><figcaption id=\"caption-attachment-5848\" class=\"wp-caption-text\">From left to right, the scholarship winners: G\u00e9raldine Godmaire-Duhaime, Mathieu Bergeron and Pierre-Alexis L\u00e9pine, with Jean-Fran\u00e7ois Blais, Wealth Management Advisor at Professionals\u2019 Financial.<\/figcaption><\/figure>\n<p>&nbsp;<\/p>\n<p>In addition, a total of $7,500\u00a0was awarded to three <strong>dentistry <\/strong>students at Universit\u00e9 Laval. These scholarships recognize the professionalism, academic performance, commitment to research, and quality of care and services offered to the different clienteles of the student clinics.<\/p>\n<p>Our sincere congratulations to the recipients, Ms. Laurence Bombardier-Cauffop\u00e9, Ms. Catherine Gagnon and Mr. Olivier Marceau.<\/p>\n<figure id=\"attachment_2304\" aria-describedby=\"caption-attachment-2304\" style=\"width: 640px\" class=\"wp-caption alignnone\"><img loading=\"lazy\" decoding=\"async\" class=\"wp-image-2304 size-large content-img\" src=\"\/wp-content\/uploads\/2016\/05\/Bourse_etude_FDP_2016_ULaval_dentiste_bombardier-cauffop\u00e9-1024x683.jpg\" alt=\"Professionals' Financial Scholarship 2016 - Universit\u00e9 Laval - Faculty of Dentistry\" width=\"640\" height=\"427\" srcset=\"\/wp-content\/uploads\/2016\/05\/Bourse_etude_FDP_2016_ULaval_dentiste_bombardier-cauffop\u00e9-1024x683.jpg 1024w, \/wp-content\/uploads\/2016\/05\/Bourse_etude_FDP_2016_ULaval_dentiste_bombardier-cauffop\u00e9-300x200.jpg 300w, \/wp-content\/uploads\/2016\/05\/Bourse_etude_FDP_2016_ULaval_dentiste_bombardier-cauffop\u00e9-768x512.jpg 768w, \/wp-content\/uploads\/2016\/05\/Bourse_etude_FDP_2016_ULaval_dentiste_bombardier-cauffop\u00e9.jpg 1500w\" sizes=\"auto, (max-width: 640px) 100vw, 640px\" \/><figcaption id=\"caption-attachment-2304\" class=\"wp-caption-text\">From left to right: Dr. Sylvie Breton, Assistant to the Director of Clinics; Mr. Maxime Demers, Wealth Management Advisor, Professionals\u2019 Financial; Ms. Laurence Bombardier-Cauffop\u00e9, award winner; and Ms. Cathia Bergeron, Dean of the Faculty of Dentistry. \u00a9Universit\u00e9 Laval\/Pascal Duchesne.<\/figcaption><\/figure>\n<p>&nbsp;<\/p>\n<figure id=\"attachment_2302\" aria-describedby=\"caption-attachment-2302\" style=\"width: 640px\" class=\"wp-caption alignnone\"><img loading=\"lazy\" decoding=\"async\" class=\"wp-image-2302 size-large content-img\" src=\"\/wp-content\/uploads\/2016\/05\/Bourse_etude_FDP_2016_ULaval_dentiste_gagnon-1024x683.jpg\" alt=\"Professionals' Financial Scholarship 2016 - Universit\u00e9 Laval - Faculty of Dentistry\" width=\"640\" height=\"427\" srcset=\"\/wp-content\/uploads\/2016\/05\/Bourse_etude_FDP_2016_ULaval_dentiste_gagnon-1024x683.jpg 1024w, \/wp-content\/uploads\/2016\/05\/Bourse_etude_FDP_2016_ULaval_dentiste_gagnon-300x200.jpg 300w, \/wp-content\/uploads\/2016\/05\/Bourse_etude_FDP_2016_ULaval_dentiste_gagnon-768x512.jpg 768w, \/wp-content\/uploads\/2016\/05\/Bourse_etude_FDP_2016_ULaval_dentiste_gagnon.jpg 1500w\" sizes=\"auto, (max-width: 640px) 100vw, 640px\" \/><figcaption id=\"caption-attachment-2302\" class=\"wp-caption-text\">From left to right: Ms. Cathia Bergeron, Dean of the Faculty of Dentistry; Ms. Catherine Gagnon, scholarship winner; and Mr. Maxime Demers, Wealth Management Advisor, Professionals\u2019 Financial. \u00a9Universit\u00e9 Laval\/Pascal Duchesne.<\/figcaption><\/figure>\n<p>&nbsp;<\/p>\n<figure id=\"attachment_2300\" aria-describedby=\"caption-attachment-2300\" style=\"width: 640px\" class=\"wp-caption alignnone\"><img loading=\"lazy\" decoding=\"async\" class=\"wp-image-2300 size-large content-img\" src=\"\/wp-content\/uploads\/2016\/05\/Bourse_etude_FDP_2016_ULaval_dentiste_marceau-1024x683.jpg\" alt=\"Professionals' Financial Scholarship 2016 - Universit\u00e9 Laval - Faculty of Dentistry\" width=\"640\" height=\"427\" srcset=\"\/wp-content\/uploads\/2016\/05\/Bourse_etude_FDP_2016_ULaval_dentiste_marceau-1024x683.jpg 1024w, \/wp-content\/uploads\/2016\/05\/Bourse_etude_FDP_2016_ULaval_dentiste_marceau-300x200.jpg 300w, \/wp-content\/uploads\/2016\/05\/Bourse_etude_FDP_2016_ULaval_dentiste_marceau-768x512.jpg 768w, \/wp-content\/uploads\/2016\/05\/Bourse_etude_FDP_2016_ULaval_dentiste_marceau.jpg 1500w\" sizes=\"auto, (max-width: 640px) 100vw, 640px\" \/><figcaption id=\"caption-attachment-2300\" class=\"wp-caption-text\">From left to right: Ms. Cathia Bergeron, Dean of the Faculty of Dentistry; Mr. Olivier Marceau, scholarship winner; and Mr. Maxime Demers, Wealth Management Advisor, Professionals\u2019 Financial. \u00a9Universit\u00e9 Laval\/Pascal Duchesne.<\/figcaption><\/figure>\n<p>&nbsp;<\/p>\n<p>In the <strong>Faculty of Pharmacy<\/strong>, Maxime Dub\u00e9, a Master\u2019s student in advanced pharmacotherapy, won a $2,000 scholarship.<\/p>\n<figure id=\"attachment_14214\" aria-describedby=\"caption-attachment-14214\" style=\"width: 640px\" class=\"wp-caption alignnone\"><img loading=\"lazy\" decoding=\"async\" class=\"wp-image-14214 size-large content-img\" src=\"\/wp-content\/uploads\/2018\/03\/Bourse_FDP_ULaval_Pharmacie_10nov2016-1024x683.jpg\" alt=\"Professionals' Financial Scholarship 2016 - Universit\u00e9 Laval - Faculty of Pharmacy\" width=\"640\" height=\"427\" srcset=\"\/wp-content\/uploads\/2018\/03\/Bourse_FDP_ULaval_Pharmacie_10nov2016-1024x683.jpg 1024w, \/wp-content\/uploads\/2018\/03\/Bourse_FDP_ULaval_Pharmacie_10nov2016-300x200.jpg 300w, \/wp-content\/uploads\/2018\/03\/Bourse_FDP_ULaval_Pharmacie_10nov2016-768x512.jpg 768w, \/wp-content\/uploads\/2018\/03\/Bourse_FDP_ULaval_Pharmacie_10nov2016.jpg 1800w\" sizes=\"auto, (max-width: 640px) 100vw, 640px\" \/><figcaption id=\"caption-attachment-14214\" class=\"wp-caption-text\">Pictured from left to right: Mr. Bernard Fortin, Regional Vice-President, Qu\u00e9bec City, Estrie and Eastern Quebec, Professionals\u2019 Financial, Mr. Maxime Dub\u00e9, scholarship winner, and Mr. Jean Lefebvre, Dean of the Faculty of Pharmacy of Universit\u00e9 Laval.<\/figcaption><\/figure>\n<p>&nbsp;<\/p>\n<p>Lastly, a $1,500 scholarship was awarded to Ms. M\u00e9lanie Bellemare, a <strong>notarial law<\/strong> student, for her excellent results and her extracurricular involvement.<\/p>\n<p>&nbsp;<\/p>\n<h3>Congratulations to all the recipients!<\/h3>\n","protected":false},"excerpt":{"rendered":"<p>In the Faculty of Medicine, three students each received a $4,000 scholarship for their outstanding commitment and perseverance as well as for the success they achieved in the discipline. The purpose of these scholarships is not only to encourage the recipients to continue their studies, but also to stimulate their interest in research. &nbsp; In <a class=\"read-more\" href=\"https:\/\/www.fprofessionnels.com\/en\/about\/scholarships\/recipients-2016\/universite-laval-2016\/\">[&#8230;]<\/a><\/p>\n","protected":false},"author":6,"featured_media":14213,"parent":1678,"menu_order":0,"comment_status":"closed","ping_status":"closed","template":"","meta":{"_acf_changed":false,"footnotes":"","_links_to":"","_links_to_target":""},"categorie-de-page":[],"class_list":["post-14223","page","type-page","status-publish","has-post-thumbnail","hentry"],"acf":[],"yoast_head":"<!-- This site is optimized with the Yoast SEO Premium plugin v26.9 (Yoast SEO v26.9) - https:\/\/yoast.com\/product\/yoast-seo-premium-wordpress\/ -->\n<title>Universit\u00e9 Laval 2016 &#8902; fdp Gestion priv\u00e9e<\/title>\n<meta name=\"robots\" content=\"index, follow, max-snippet:-1, max-image-preview:large, max-video-preview:-1\" \/>\n<link rel=\"canonical\" href=\"https:\/\/www.fprofessionnels.com\/en\/about\/scholarships\/recipients-2016\/universite-laval-2016\/\" \/>\n<meta property=\"og:locale\" content=\"en_US\" \/>\n<meta property=\"og:type\" content=\"article\" \/>\n<meta property=\"og:title\" content=\"Universit\u00e9 Laval 2016\" \/>\n<meta property=\"og:description\" content=\"In the Faculty of Medicine, three students each received a $4,000 scholarship for their outstanding commitment and perseverance as well as for the success they achieved in the discipline. The purpose of these scholarships is not only to encourage the recipients to continue their studies, but also to stimulate their interest in research. &nbsp; In [...]\" \/>\n<meta property=\"og:url\" content=\"https:\/\/www.fprofessionnels.com\/en\/about\/scholarships\/recipients-2016\/universite-laval-2016\/\" \/>\n<meta property=\"og:site_name\" content=\"fdp Gestion priv\u00e9e\" \/>\n<meta property=\"article:publisher\" content=\"https:\/\/www.facebook.com\/Fprofessionnels\/\" \/>\n<meta property=\"article:modified_time\" content=\"2018-03-27T15:33:32+00:00\" \/>\n<meta property=\"og:image\" content=\"https:\/\/www.fprofessionnels.com\/wp-content\/uploads\/2018\/03\/Pastille_BourseEtudes-FormatTUILE.jpg\" \/>\n\t<meta property=\"og:image:width\" content=\"220\" \/>\n\t<meta property=\"og:image:height\" content=\"200\" \/>\n\t<meta property=\"og:image:type\" content=\"image\/jpeg\" \/>\n<meta name=\"twitter:card\" content=\"summary_large_image\" \/>\n<meta name=\"twitter:site\" content=\"@Fprofessionnels\" \/>\n<meta name=\"twitter:label1\" content=\"Est. reading time\" \/>\n\t<meta name=\"twitter:data1\" content=\"2 minutes\" \/>\n<script type=\"application\/ld+json\" class=\"yoast-schema-graph\">{\"@context\":\"https:\/\/schema.org\",\"@graph\":[{\"@type\":\"WebPage\",\"@id\":\"https:\/\/www.fprofessionnels.com\/en\/about\/scholarships\/recipients-2016\/universite-laval-2016\/\",\"url\":\"https:\/\/www.fprofessionnels.com\/en\/about\/scholarships\/recipients-2016\/universite-laval-2016\/\",\"name\":\"Universit\u00e9 Laval 2016 &#8902; fdp Gestion priv\u00e9e\",\"isPartOf\":{\"@id\":\"https:\/\/www.fprofessionnels.com\/en\/#website\"},\"primaryImageOfPage\":{\"@id\":\"https:\/\/www.fprofessionnels.com\/en\/about\/scholarships\/recipients-2016\/universite-laval-2016\/#primaryimage\"},\"image\":{\"@id\":\"https:\/\/www.fprofessionnels.com\/en\/about\/scholarships\/recipients-2016\/universite-laval-2016\/#primaryimage\"},\"thumbnailUrl\":\"\/wp-content\/uploads\/2018\/03\/Pastille_BourseEtudes-FormatTUILE.jpg\",\"datePublished\":\"2018-03-27T14:12:20+00:00\",\"dateModified\":\"2018-03-27T15:33:32+00:00\",\"breadcrumb\":{\"@id\":\"https:\/\/www.fprofessionnels.com\/en\/about\/scholarships\/recipients-2016\/universite-laval-2016\/#breadcrumb\"},\"inLanguage\":\"en-US\",\"potentialAction\":[{\"@type\":\"ReadAction\",\"target\":[\"https:\/\/www.fprofessionnels.com\/en\/about\/scholarships\/recipients-2016\/universite-laval-2016\/\"]}]},{\"@type\":\"ImageObject\",\"inLanguage\":\"en-US\",\"@id\":\"https:\/\/www.fprofessionnels.com\/en\/about\/scholarships\/recipients-2016\/universite-laval-2016\/#primaryimage\",\"url\":\"\/wp-content\/uploads\/2018\/03\/Pastille_BourseEtudes-FormatTUILE.jpg\",\"contentUrl\":\"\/wp-content\/uploads\/2018\/03\/Pastille_BourseEtudes-FormatTUILE.jpg\",\"width\":220,\"height\":200},{\"@type\":\"BreadcrumbList\",\"@id\":\"https:\/\/www.fprofessionnels.com\/en\/about\/scholarships\/recipients-2016\/universite-laval-2016\/#breadcrumb\",\"itemListElement\":[{\"@type\":\"ListItem\",\"position\":1,\"name\":\"Accueil\",\"item\":\"https:\/\/www.fprofessionnels.com\/en\/\"},{\"@type\":\"ListItem\",\"position\":2,\"name\":\"About us\",\"item\":\"https:\/\/www.fprofessionnels.com\/en\/about\/\"},{\"@type\":\"ListItem\",\"position\":3,\"name\":\"Scholarships\",\"item\":\"https:\/\/www.fprofessionnels.com\/en\/?page_id=1304\"},{\"@type\":\"ListItem\",\"position\":4,\"name\":\"Scholarships recipients 2016\",\"item\":\"https:\/\/www.fprofessionnels.com\/en\/about\/scholarships\/recipients-2016\/\"},{\"@type\":\"ListItem\",\"position\":5,\"name\":\"Universit\u00e9 Laval 2016\"}]},{\"@type\":\"WebSite\",\"@id\":\"https:\/\/www.fprofessionnels.com\/en\/#website\",\"url\":\"https:\/\/www.fprofessionnels.com\/en\/\",\"name\":\"fdp Gestion priv\u00e9e\",\"description\":\"Une longueur d\u2019avance dans vos prises de d\u00e9cisions financi\u00e8res\",\"publisher\":{\"@id\":\"https:\/\/www.fprofessionnels.com\/en\/#organization\"},\"potentialAction\":[{\"@type\":\"SearchAction\",\"target\":{\"@type\":\"EntryPoint\",\"urlTemplate\":\"https:\/\/www.fprofessionnels.com\/en\/?s={search_term_string}\"},\"query-input\":{\"@type\":\"PropertyValueSpecification\",\"valueRequired\":true,\"valueName\":\"search_term_string\"}}],\"inLanguage\":\"en-US\"},{\"@type\":\"Organization\",\"@id\":\"https:\/\/www.fprofessionnels.com\/en\/#organization\",\"name\":\"Financi\u00e8re des professionnels\",\"url\":\"https:\/\/www.fprofessionnels.com\/en\/\",\"logo\":{\"@type\":\"ImageObject\",\"inLanguage\":\"en-US\",\"@id\":\"https:\/\/www.fprofessionnels.com\/en\/#\/schema\/logo\/image\/\",\"url\":\"\/wp-content\/uploads\/2016\/06\/logo-fpro.png\",\"contentUrl\":\"\/wp-content\/uploads\/2016\/06\/logo-fpro.png\",\"width\":292,\"height\":184,\"caption\":\"Financi\u00e8re des professionnels\"},\"image\":{\"@id\":\"https:\/\/www.fprofessionnels.com\/en\/#\/schema\/logo\/image\/\"},\"sameAs\":[\"https:\/\/www.facebook.com\/Fprofessionnels\/\",\"https:\/\/x.com\/Fprofessionnels\",\"https:\/\/www.linkedin.com\/company\/financi-re-des-professionnels\"]}]}<\/script>\n<!-- \/ Yoast SEO Premium plugin. -->","yoast_head_json":{"title":"Universit\u00e9 Laval 2016 &#8902; fdp Gestion priv\u00e9e","robots":{"index":"index","follow":"follow","max-snippet":"max-snippet:-1","max-image-preview":"max-image-preview:large","max-video-preview":"max-video-preview:-1"},"canonical":"https:\/\/www.fprofessionnels.com\/en\/about\/scholarships\/recipients-2016\/universite-laval-2016\/","og_locale":"en_US","og_type":"article","og_title":"Universit\u00e9 Laval 2016","og_description":"In the Faculty of Medicine, three students each received a $4,000 scholarship for their outstanding commitment and perseverance as well as for the success they achieved in the discipline. The purpose of these scholarships is not only to encourage the recipients to continue their studies, but also to stimulate their interest in research. &nbsp; In [...]","og_url":"https:\/\/www.fprofessionnels.com\/en\/about\/scholarships\/recipients-2016\/universite-laval-2016\/","og_site_name":"fdp Gestion priv\u00e9e","article_publisher":"https:\/\/www.facebook.com\/Fprofessionnels\/","article_modified_time":"2018-03-27T15:33:32+00:00","og_image":[{"width":220,"height":200,"url":"https:\/\/www.fprofessionnels.com\/wp-content\/uploads\/2018\/03\/Pastille_BourseEtudes-FormatTUILE.jpg","type":"image\/jpeg"}],"twitter_card":"summary_large_image","twitter_site":"@Fprofessionnels","twitter_misc":{"Est. reading time":"2 minutes"},"schema":{"@context":"https:\/\/schema.org","@graph":[{"@type":"WebPage","@id":"https:\/\/www.fprofessionnels.com\/en\/about\/scholarships\/recipients-2016\/universite-laval-2016\/","url":"https:\/\/www.fprofessionnels.com\/en\/about\/scholarships\/recipients-2016\/universite-laval-2016\/","name":"Universit\u00e9 Laval 2016 &#8902; fdp Gestion priv\u00e9e","isPartOf":{"@id":"https:\/\/www.fprofessionnels.com\/en\/#website"},"primaryImageOfPage":{"@id":"https:\/\/www.fprofessionnels.com\/en\/about\/scholarships\/recipients-2016\/universite-laval-2016\/#primaryimage"},"image":{"@id":"https:\/\/www.fprofessionnels.com\/en\/about\/scholarships\/recipients-2016\/universite-laval-2016\/#primaryimage"},"thumbnailUrl":"\/wp-content\/uploads\/2018\/03\/Pastille_BourseEtudes-FormatTUILE.jpg","datePublished":"2018-03-27T14:12:20+00:00","dateModified":"2018-03-27T15:33:32+00:00","breadcrumb":{"@id":"https:\/\/www.fprofessionnels.com\/en\/about\/scholarships\/recipients-2016\/universite-laval-2016\/#breadcrumb"},"inLanguage":"en-US","potentialAction":[{"@type":"ReadAction","target":["https:\/\/www.fprofessionnels.com\/en\/about\/scholarships\/recipients-2016\/universite-laval-2016\/"]}]},{"@type":"ImageObject","inLanguage":"en-US","@id":"https:\/\/www.fprofessionnels.com\/en\/about\/scholarships\/recipients-2016\/universite-laval-2016\/#primaryimage","url":"\/wp-content\/uploads\/2018\/03\/Pastille_BourseEtudes-FormatTUILE.jpg","contentUrl":"\/wp-content\/uploads\/2018\/03\/Pastille_BourseEtudes-FormatTUILE.jpg","width":220,"height":200},{"@type":"BreadcrumbList","@id":"https:\/\/www.fprofessionnels.com\/en\/about\/scholarships\/recipients-2016\/universite-laval-2016\/#breadcrumb","itemListElement":[{"@type":"ListItem","position":1,"name":"Accueil","item":"https:\/\/www.fprofessionnels.com\/en\/"},{"@type":"ListItem","position":2,"name":"About us","item":"https:\/\/www.fprofessionnels.com\/en\/about\/"},{"@type":"ListItem","position":3,"name":"Scholarships","item":"https:\/\/www.fprofessionnels.com\/en\/?page_id=1304"},{"@type":"ListItem","position":4,"name":"Scholarships recipients 2016","item":"https:\/\/www.fprofessionnels.com\/en\/about\/scholarships\/recipients-2016\/"},{"@type":"ListItem","position":5,"name":"Universit\u00e9 Laval 2016"}]},{"@type":"WebSite","@id":"https:\/\/www.fprofessionnels.com\/en\/#website","url":"https:\/\/www.fprofessionnels.com\/en\/","name":"fdp Gestion priv\u00e9e","description":"Une longueur d\u2019avance dans vos prises de d\u00e9cisions financi\u00e8res","publisher":{"@id":"https:\/\/www.fprofessionnels.com\/en\/#organization"},"potentialAction":[{"@type":"SearchAction","target":{"@type":"EntryPoint","urlTemplate":"https:\/\/www.fprofessionnels.com\/en\/?s={search_term_string}"},"query-input":{"@type":"PropertyValueSpecification","valueRequired":true,"valueName":"search_term_string"}}],"inLanguage":"en-US"},{"@type":"Organization","@id":"https:\/\/www.fprofessionnels.com\/en\/#organization","name":"Financi\u00e8re des professionnels","url":"https:\/\/www.fprofessionnels.com\/en\/","logo":{"@type":"ImageObject","inLanguage":"en-US","@id":"https:\/\/www.fprofessionnels.com\/en\/#\/schema\/logo\/image\/","url":"\/wp-content\/uploads\/2016\/06\/logo-fpro.png","contentUrl":"\/wp-content\/uploads\/2016\/06\/logo-fpro.png","width":292,"height":184,"caption":"Financi\u00e8re des professionnels"},"image":{"@id":"https:\/\/www.fprofessionnels.com\/en\/#\/schema\/logo\/image\/"},"sameAs":["https:\/\/www.facebook.com\/Fprofessionnels\/","https:\/\/x.com\/Fprofessionnels","https:\/\/www.linkedin.com\/company\/financi-re-des-professionnels"]}]}},"_links":{"self":[{"href":"https:\/\/www.fprofessionnels.com\/en\/wp-json\/wp\/v2\/pages\/14223","targetHints":{"allow":["GET"]}}],"collection":[{"href":"https:\/\/www.fprofessionnels.com\/en\/wp-json\/wp\/v2\/pages"}],"about":[{"href":"https:\/\/www.fprofessionnels.com\/en\/wp-json\/wp\/v2\/types\/page"}],"author":[{"embeddable":true,"href":"https:\/\/www.fprofessionnels.com\/en\/wp-json\/wp\/v2\/users\/6"}],"replies":[{"embeddable":true,"href":"https:\/\/www.fprofessionnels.com\/en\/wp-json\/wp\/v2\/comments?post=14223"}],"version-history":[{"count":4,"href":"https:\/\/www.fprofessionnels.com\/en\/wp-json\/wp\/v2\/pages\/14223\/revisions"}],"predecessor-version":[{"id":14261,"href":"https:\/\/www.fprofessionnels.com\/en\/wp-json\/wp\/v2\/pages\/14223\/revisions\/14261"}],"up":[{"embeddable":true,"href":"https:\/\/www.fprofessionnels.com\/en\/wp-json\/wp\/v2\/pages\/1678"}],"wp:featuredmedia":[{"embeddable":true,"href":"https:\/\/www.fprofessionnels.com\/en\/wp-json\/wp\/v2\/media\/14213"}],"wp:attachment":[{"href":"https:\/\/www.fprofessionnels.com\/en\/wp-json\/wp\/v2\/media?parent=14223"}],"wp:term":[{"taxonomy":"categorie-de-page","embeddable":true,"href":"https:\/\/www.fprofessionnels.com\/en\/wp-json\/wp\/v2\/categorie-de-page?post=14223"}],"curies":[{"name":"wp","href":"https:\/\/api.w.org\/{rel}","templated":true}]}}