{"id":14229,"date":"2018-03-27T10:16:00","date_gmt":"2018-03-27T14:16:00","guid":{"rendered":"https:\/\/wwwprodaz.fprofessionnels.com\/?page_id=14229"},"modified":"2018-03-27T10:16:00","modified_gmt":"2018-03-27T14:16:00","slug":"universite-de-montreal-2016","status":"publish","type":"page","link":"https:\/\/www.fprofessionnels.com\/en\/about\/scholarships\/recipients-2016\/universite-de-montreal-2016\/","title":{"rendered":"Universit\u00e9 de Montr\u00e9al 2016"},"content":{"rendered":"<p>First, Sophie Talbot, an <strong>architecture<\/strong> student, obtained a $2,000 scholarship for her efforts, her dynamism and her participation in the activities of the School of Architecture.<\/p>\n<figure id=\"attachment_2293\" aria-describedby=\"caption-attachment-2293\" style=\"width: 640px\" class=\"wp-caption alignnone\"><img loading=\"lazy\" decoding=\"async\" class=\"wp-image-2293 size-large content-img\" src=\"\/wp-content\/uploads\/2016\/05\/Bourse_etude_FDP_2016_UdeM_architecture_Talbot-1024x792.jpg\" alt=\"Professionals' Financial Scholarship 2016 - Universit\u00e9 de Montr\u00e9al - School of Architecture, Faculty of Urban Planning\" width=\"640\" height=\"495\" srcset=\"\/wp-content\/uploads\/2016\/05\/Bourse_etude_FDP_2016_UdeM_architecture_Talbot-1024x792.jpg 1024w, \/wp-content\/uploads\/2016\/05\/Bourse_etude_FDP_2016_UdeM_architecture_Talbot-300x232.jpg 300w, \/wp-content\/uploads\/2016\/05\/Bourse_etude_FDP_2016_UdeM_architecture_Talbot-768x594.jpg 768w, \/wp-content\/uploads\/2016\/05\/Bourse_etude_FDP_2016_UdeM_architecture_Talbot.jpg 1657w\" sizes=\"auto, (max-width: 640px) 100vw, 640px\" \/><figcaption id=\"caption-attachment-2293\" class=\"wp-caption-text\">Pictured, from left to right: Jacques Lachapelle, Director of the School of Architecture, and Sophie Talbot, scholarship winner.<\/figcaption><\/figure>\n<p>&nbsp;<\/p>\n<p>In the <strong>Faculty of Pharmacy<\/strong>, Karina Savoie, a pharmacy student, received a $2,000 scholarship for academic excellence and for her involvement in community practice.<\/p>\n<figure id=\"attachment_14225\" aria-describedby=\"caption-attachment-14225\" style=\"width: 640px\" class=\"wp-caption alignnone\"><img loading=\"lazy\" decoding=\"async\" class=\"wp-image-14225 size-large content-img\" src=\"\/wp-content\/uploads\/2018\/03\/Bourse_FDP_UdeM_Pharmacie_18nov2016-1024x732.jpg\" alt=\"Professionals' Financial Scholarship 2016 - Universit\u00e9 de Montr\u00e9al - Faculty of Pharmacy\" width=\"640\" height=\"458\" srcset=\"\/wp-content\/uploads\/2018\/03\/Bourse_FDP_UdeM_Pharmacie_18nov2016-1024x732.jpg 1024w, \/wp-content\/uploads\/2018\/03\/Bourse_FDP_UdeM_Pharmacie_18nov2016-300x214.jpg 300w, \/wp-content\/uploads\/2018\/03\/Bourse_FDP_UdeM_Pharmacie_18nov2016-768x549.jpg 768w, \/wp-content\/uploads\/2018\/03\/Bourse_FDP_UdeM_Pharmacie_18nov2016.jpg 2048w\" sizes=\"auto, (max-width: 640px) 100vw, 640px\" \/><figcaption id=\"caption-attachment-14225\" class=\"wp-caption-text\">Pictured from left to right: Ms. Lama Jarkas, Wealth Management Advisor, Professionals\u2019 Financial, Ms. Karina Savoie, scholarship winner, and Ms. Nathalie Letarte, Dean of the Pharmacy program.<\/figcaption><\/figure>\n<p>&nbsp;<\/p>\n<p>The Financial also awarded a $1,500 scholarship to Ms. Annie Lafaille, a <strong>notarial law <\/strong>student, for academic excellence and for her significant involvement in numerous extracurricular activities.<\/p>\n<p>&nbsp;<\/p>\n<h3>Congratulations to all the recipients!<\/h3>\n","protected":false},"excerpt":{"rendered":"<p>First, Sophie Talbot, an architecture student, obtained a $2,000 scholarship for her efforts, her dynamism and her participation in the activities of the School of Architecture. &nbsp; In the Faculty of Pharmacy, Karina Savoie, a pharmacy student, received a $2,000 scholarship for academic excellence and for her involvement in community practice. &nbsp; The Financial also <a class=\"read-more\" href=\"https:\/\/www.fprofessionnels.com\/en\/about\/scholarships\/recipients-2016\/universite-de-montreal-2016\/\">[&#8230;]<\/a><\/p>\n","protected":false},"author":6,"featured_media":14213,"parent":1678,"menu_order":0,"comment_status":"closed","ping_status":"closed","template":"","meta":{"_acf_changed":false,"footnotes":"","_links_to":"","_links_to_target":""},"categorie-de-page":[],"class_list":["post-14229","page","type-page","status-publish","has-post-thumbnail","hentry"],"acf":[],"yoast_head":"<!-- This site is optimized with the Yoast SEO Premium plugin v26.9 (Yoast SEO v26.9) - https:\/\/yoast.com\/product\/yoast-seo-premium-wordpress\/ -->\n<title>Universit\u00e9 de Montr\u00e9al 2016 &#8902; fdp Gestion priv\u00e9e<\/title>\n<meta name=\"robots\" content=\"index, follow, max-snippet:-1, max-image-preview:large, max-video-preview:-1\" \/>\n<link rel=\"canonical\" href=\"https:\/\/www.fprofessionnels.com\/a-propos\/bourses-detudes\/recipiendaires-2016\/universite-de-montreal-2016\/\" \/>\n<meta property=\"og:locale\" content=\"en_US\" \/>\n<meta property=\"og:type\" content=\"article\" \/>\n<meta property=\"og:title\" content=\"Universit\u00e9 de Montr\u00e9al 2016\" \/>\n<meta property=\"og:description\" content=\"First, Sophie Talbot, an architecture student, obtained a $2,000 scholarship for her efforts, her dynamism and her participation in the activities of the School of Architecture. &nbsp; In the Faculty of Pharmacy, Karina Savoie, a pharmacy student, received a $2,000 scholarship for academic excellence and for her involvement in community practice. &nbsp; The Financial also [...]\" \/>\n<meta property=\"og:url\" content=\"https:\/\/www.fprofessionnels.com\/a-propos\/bourses-detudes\/recipiendaires-2016\/universite-de-montreal-2016\/\" \/>\n<meta property=\"og:site_name\" content=\"fdp Gestion priv\u00e9e\" \/>\n<meta property=\"article:publisher\" content=\"https:\/\/www.facebook.com\/Fprofessionnels\/\" \/>\n<meta property=\"og:image\" content=\"https:\/\/www.fprofessionnels.com\/wp-content\/uploads\/2018\/03\/Pastille_BourseEtudes-FormatTUILE.jpg\" \/>\n\t<meta property=\"og:image:width\" content=\"220\" \/>\n\t<meta property=\"og:image:height\" content=\"200\" \/>\n\t<meta property=\"og:image:type\" content=\"image\/jpeg\" \/>\n<meta name=\"twitter:card\" content=\"summary_large_image\" \/>\n<meta name=\"twitter:site\" content=\"@Fprofessionnels\" \/>\n<meta name=\"twitter:label1\" content=\"Est. reading time\" \/>\n\t<meta name=\"twitter:data1\" content=\"1 minute\" \/>\n<script type=\"application\/ld+json\" class=\"yoast-schema-graph\">{\"@context\":\"https:\/\/schema.org\",\"@graph\":[{\"@type\":\"WebPage\",\"@id\":\"https:\/\/www.fprofessionnels.com\/a-propos\/bourses-detudes\/recipiendaires-2016\/universite-de-montreal-2016\/\",\"url\":\"https:\/\/www.fprofessionnels.com\/a-propos\/bourses-detudes\/recipiendaires-2016\/universite-de-montreal-2016\/\",\"name\":\"Universit\u00e9 de Montr\u00e9al 2016 &#8902; fdp Gestion priv\u00e9e\",\"isPartOf\":{\"@id\":\"https:\/\/www.fprofessionnels.com\/en\/#website\"},\"primaryImageOfPage\":{\"@id\":\"https:\/\/www.fprofessionnels.com\/a-propos\/bourses-detudes\/recipiendaires-2016\/universite-de-montreal-2016\/#primaryimage\"},\"image\":{\"@id\":\"https:\/\/www.fprofessionnels.com\/a-propos\/bourses-detudes\/recipiendaires-2016\/universite-de-montreal-2016\/#primaryimage\"},\"thumbnailUrl\":\"\/wp-content\/uploads\/2018\/03\/Pastille_BourseEtudes-FormatTUILE.jpg\",\"datePublished\":\"2018-03-27T14:16:00+00:00\",\"breadcrumb\":{\"@id\":\"https:\/\/www.fprofessionnels.com\/a-propos\/bourses-detudes\/recipiendaires-2016\/universite-de-montreal-2016\/#breadcrumb\"},\"inLanguage\":\"en-US\",\"potentialAction\":[{\"@type\":\"ReadAction\",\"target\":[\"https:\/\/www.fprofessionnels.com\/a-propos\/bourses-detudes\/recipiendaires-2016\/universite-de-montreal-2016\/\"]}]},{\"@type\":\"ImageObject\",\"inLanguage\":\"en-US\",\"@id\":\"https:\/\/www.fprofessionnels.com\/a-propos\/bourses-detudes\/recipiendaires-2016\/universite-de-montreal-2016\/#primaryimage\",\"url\":\"\/wp-content\/uploads\/2018\/03\/Pastille_BourseEtudes-FormatTUILE.jpg\",\"contentUrl\":\"\/wp-content\/uploads\/2018\/03\/Pastille_BourseEtudes-FormatTUILE.jpg\",\"width\":220,\"height\":200},{\"@type\":\"BreadcrumbList\",\"@id\":\"https:\/\/www.fprofessionnels.com\/a-propos\/bourses-detudes\/recipiendaires-2016\/universite-de-montreal-2016\/#breadcrumb\",\"itemListElement\":[{\"@type\":\"ListItem\",\"position\":1,\"name\":\"Accueil\",\"item\":\"https:\/\/www.fprofessionnels.com\/en\/\"},{\"@type\":\"ListItem\",\"position\":2,\"name\":\"About us\",\"item\":\"https:\/\/www.fprofessionnels.com\/en\/about\/\"},{\"@type\":\"ListItem\",\"position\":3,\"name\":\"Scholarships\",\"item\":\"https:\/\/www.fprofessionnels.com\/en\/?page_id=1304\"},{\"@type\":\"ListItem\",\"position\":4,\"name\":\"Scholarships recipients 2016\",\"item\":\"https:\/\/www.fprofessionnels.com\/en\/about\/scholarships\/recipients-2016\/\"},{\"@type\":\"ListItem\",\"position\":5,\"name\":\"Universit\u00e9 de Montr\u00e9al 2016\"}]},{\"@type\":\"WebSite\",\"@id\":\"https:\/\/www.fprofessionnels.com\/en\/#website\",\"url\":\"https:\/\/www.fprofessionnels.com\/en\/\",\"name\":\"fdp Gestion priv\u00e9e\",\"description\":\"Une longueur d\u2019avance dans vos prises de d\u00e9cisions financi\u00e8res\",\"publisher\":{\"@id\":\"https:\/\/www.fprofessionnels.com\/en\/#organization\"},\"potentialAction\":[{\"@type\":\"SearchAction\",\"target\":{\"@type\":\"EntryPoint\",\"urlTemplate\":\"https:\/\/www.fprofessionnels.com\/en\/?s={search_term_string}\"},\"query-input\":{\"@type\":\"PropertyValueSpecification\",\"valueRequired\":true,\"valueName\":\"search_term_string\"}}],\"inLanguage\":\"en-US\"},{\"@type\":\"Organization\",\"@id\":\"https:\/\/www.fprofessionnels.com\/en\/#organization\",\"name\":\"Financi\u00e8re des professionnels\",\"url\":\"https:\/\/www.fprofessionnels.com\/en\/\",\"logo\":{\"@type\":\"ImageObject\",\"inLanguage\":\"en-US\",\"@id\":\"https:\/\/www.fprofessionnels.com\/en\/#\/schema\/logo\/image\/\",\"url\":\"\/wp-content\/uploads\/2016\/06\/logo-fpro.png\",\"contentUrl\":\"\/wp-content\/uploads\/2016\/06\/logo-fpro.png\",\"width\":292,\"height\":184,\"caption\":\"Financi\u00e8re des professionnels\"},\"image\":{\"@id\":\"https:\/\/www.fprofessionnels.com\/en\/#\/schema\/logo\/image\/\"},\"sameAs\":[\"https:\/\/www.facebook.com\/Fprofessionnels\/\",\"https:\/\/x.com\/Fprofessionnels\",\"https:\/\/www.linkedin.com\/company\/financi-re-des-professionnels\"]}]}<\/script>\n<!-- \/ Yoast SEO Premium plugin. -->","yoast_head_json":{"title":"Universit\u00e9 de Montr\u00e9al 2016 &#8902; fdp Gestion priv\u00e9e","robots":{"index":"index","follow":"follow","max-snippet":"max-snippet:-1","max-image-preview":"max-image-preview:large","max-video-preview":"max-video-preview:-1"},"canonical":"https:\/\/www.fprofessionnels.com\/a-propos\/bourses-detudes\/recipiendaires-2016\/universite-de-montreal-2016\/","og_locale":"en_US","og_type":"article","og_title":"Universit\u00e9 de Montr\u00e9al 2016","og_description":"First, Sophie Talbot, an architecture student, obtained a $2,000 scholarship for her efforts, her dynamism and her participation in the activities of the School of Architecture. &nbsp; In the Faculty of Pharmacy, Karina Savoie, a pharmacy student, received a $2,000 scholarship for academic excellence and for her involvement in community practice. &nbsp; The Financial also [...]","og_url":"https:\/\/www.fprofessionnels.com\/a-propos\/bourses-detudes\/recipiendaires-2016\/universite-de-montreal-2016\/","og_site_name":"fdp Gestion priv\u00e9e","article_publisher":"https:\/\/www.facebook.com\/Fprofessionnels\/","og_image":[{"width":220,"height":200,"url":"https:\/\/www.fprofessionnels.com\/wp-content\/uploads\/2018\/03\/Pastille_BourseEtudes-FormatTUILE.jpg","type":"image\/jpeg"}],"twitter_card":"summary_large_image","twitter_site":"@Fprofessionnels","twitter_misc":{"Est. reading time":"1 minute"},"schema":{"@context":"https:\/\/schema.org","@graph":[{"@type":"WebPage","@id":"https:\/\/www.fprofessionnels.com\/a-propos\/bourses-detudes\/recipiendaires-2016\/universite-de-montreal-2016\/","url":"https:\/\/www.fprofessionnels.com\/a-propos\/bourses-detudes\/recipiendaires-2016\/universite-de-montreal-2016\/","name":"Universit\u00e9 de Montr\u00e9al 2016 &#8902; fdp Gestion priv\u00e9e","isPartOf":{"@id":"https:\/\/www.fprofessionnels.com\/en\/#website"},"primaryImageOfPage":{"@id":"https:\/\/www.fprofessionnels.com\/a-propos\/bourses-detudes\/recipiendaires-2016\/universite-de-montreal-2016\/#primaryimage"},"image":{"@id":"https:\/\/www.fprofessionnels.com\/a-propos\/bourses-detudes\/recipiendaires-2016\/universite-de-montreal-2016\/#primaryimage"},"thumbnailUrl":"\/wp-content\/uploads\/2018\/03\/Pastille_BourseEtudes-FormatTUILE.jpg","datePublished":"2018-03-27T14:16:00+00:00","breadcrumb":{"@id":"https:\/\/www.fprofessionnels.com\/a-propos\/bourses-detudes\/recipiendaires-2016\/universite-de-montreal-2016\/#breadcrumb"},"inLanguage":"en-US","potentialAction":[{"@type":"ReadAction","target":["https:\/\/www.fprofessionnels.com\/a-propos\/bourses-detudes\/recipiendaires-2016\/universite-de-montreal-2016\/"]}]},{"@type":"ImageObject","inLanguage":"en-US","@id":"https:\/\/www.fprofessionnels.com\/a-propos\/bourses-detudes\/recipiendaires-2016\/universite-de-montreal-2016\/#primaryimage","url":"\/wp-content\/uploads\/2018\/03\/Pastille_BourseEtudes-FormatTUILE.jpg","contentUrl":"\/wp-content\/uploads\/2018\/03\/Pastille_BourseEtudes-FormatTUILE.jpg","width":220,"height":200},{"@type":"BreadcrumbList","@id":"https:\/\/www.fprofessionnels.com\/a-propos\/bourses-detudes\/recipiendaires-2016\/universite-de-montreal-2016\/#breadcrumb","itemListElement":[{"@type":"ListItem","position":1,"name":"Accueil","item":"https:\/\/www.fprofessionnels.com\/en\/"},{"@type":"ListItem","position":2,"name":"About us","item":"https:\/\/www.fprofessionnels.com\/en\/about\/"},{"@type":"ListItem","position":3,"name":"Scholarships","item":"https:\/\/www.fprofessionnels.com\/en\/?page_id=1304"},{"@type":"ListItem","position":4,"name":"Scholarships recipients 2016","item":"https:\/\/www.fprofessionnels.com\/en\/about\/scholarships\/recipients-2016\/"},{"@type":"ListItem","position":5,"name":"Universit\u00e9 de Montr\u00e9al 2016"}]},{"@type":"WebSite","@id":"https:\/\/www.fprofessionnels.com\/en\/#website","url":"https:\/\/www.fprofessionnels.com\/en\/","name":"fdp Gestion priv\u00e9e","description":"Une longueur d\u2019avance dans vos prises de d\u00e9cisions financi\u00e8res","publisher":{"@id":"https:\/\/www.fprofessionnels.com\/en\/#organization"},"potentialAction":[{"@type":"SearchAction","target":{"@type":"EntryPoint","urlTemplate":"https:\/\/www.fprofessionnels.com\/en\/?s={search_term_string}"},"query-input":{"@type":"PropertyValueSpecification","valueRequired":true,"valueName":"search_term_string"}}],"inLanguage":"en-US"},{"@type":"Organization","@id":"https:\/\/www.fprofessionnels.com\/en\/#organization","name":"Financi\u00e8re des professionnels","url":"https:\/\/www.fprofessionnels.com\/en\/","logo":{"@type":"ImageObject","inLanguage":"en-US","@id":"https:\/\/www.fprofessionnels.com\/en\/#\/schema\/logo\/image\/","url":"\/wp-content\/uploads\/2016\/06\/logo-fpro.png","contentUrl":"\/wp-content\/uploads\/2016\/06\/logo-fpro.png","width":292,"height":184,"caption":"Financi\u00e8re des professionnels"},"image":{"@id":"https:\/\/www.fprofessionnels.com\/en\/#\/schema\/logo\/image\/"},"sameAs":["https:\/\/www.facebook.com\/Fprofessionnels\/","https:\/\/x.com\/Fprofessionnels","https:\/\/www.linkedin.com\/company\/financi-re-des-professionnels"]}]}},"_links":{"self":[{"href":"https:\/\/www.fprofessionnels.com\/en\/wp-json\/wp\/v2\/pages\/14229","targetHints":{"allow":["GET"]}}],"collection":[{"href":"https:\/\/www.fprofessionnels.com\/en\/wp-json\/wp\/v2\/pages"}],"about":[{"href":"https:\/\/www.fprofessionnels.com\/en\/wp-json\/wp\/v2\/types\/page"}],"author":[{"embeddable":true,"href":"https:\/\/www.fprofessionnels.com\/en\/wp-json\/wp\/v2\/users\/6"}],"replies":[{"embeddable":true,"href":"https:\/\/www.fprofessionnels.com\/en\/wp-json\/wp\/v2\/comments?post=14229"}],"version-history":[{"count":2,"href":"https:\/\/www.fprofessionnels.com\/en\/wp-json\/wp\/v2\/pages\/14229\/revisions"}],"predecessor-version":[{"id":14235,"href":"https:\/\/www.fprofessionnels.com\/en\/wp-json\/wp\/v2\/pages\/14229\/revisions\/14235"}],"up":[{"embeddable":true,"href":"https:\/\/www.fprofessionnels.com\/en\/wp-json\/wp\/v2\/pages\/1678"}],"wp:featuredmedia":[{"embeddable":true,"href":"https:\/\/www.fprofessionnels.com\/en\/wp-json\/wp\/v2\/media\/14213"}],"wp:attachment":[{"href":"https:\/\/www.fprofessionnels.com\/en\/wp-json\/wp\/v2\/media?parent=14229"}],"wp:term":[{"taxonomy":"categorie-de-page","embeddable":true,"href":"https:\/\/www.fprofessionnels.com\/en\/wp-json\/wp\/v2\/categorie-de-page?post=14229"}],"curies":[{"name":"wp","href":"https:\/\/api.w.org\/{rel}","templated":true}]}}