{"id":1596,"date":"2016-05-18T17:11:19","date_gmt":"2016-05-18T21:11:19","guid":{"rendered":"https:\/\/wwwprodaz.fprofessionnels.com\/en\/?page_id=1596"},"modified":"2021-09-28T15:28:39","modified_gmt":"2021-09-28T19:28:39","slug":"stay-on-top","status":"publish","type":"page","link":"https:\/\/www.fprofessionnels.com\/en\/stay-on-top\/","title":{"rendered":"Stay on top"},"content":{"rendered":"<p>Keep abreast of the latest financial and economic <a href=\"https:\/\/www.fprofessionnels.com\/en\/stay-on-top\/news\/\">news<\/a> and developments, which can have an impact on your wealth.<\/p>\n<p>Our tax experts, investment specialists, financial planners and notaries share their expertise with you as they discuss and analyze in detail various timely topics. Whether you prefer print <a href=\"https:\/\/www.fprofessionnels.com\/en\/stay-on-top\/publications\/\">publications<\/a> or\u00a0in-depth <a href=\"https:\/\/www.fprofessionnels.com\/en\/stay-on-top\/expert-insight\/\">articles<\/a>, stay on top of the issues that affect you.<\/p>\n<p>Follow us via our <a href=\"https:\/\/www.fprofessionnels.com\/en\/stay-on-top\/our-social-media\/\">social media<\/a> channels, our <a href=\"https:\/\/www.fprofessionnels.com\/en\/stay-on-top\/news\/\">newsletters<\/a> or our <a href=\"https:\/\/www.fprofessionnels.com\/en\/stay-on-top\/press-releases\/\">press releases<\/a>!<\/p>\n","protected":false},"excerpt":{"rendered":"<p>Keep abreast of the latest financial and economic news and developments, which can have an impact on your wealth. Our tax experts, investment specialists, financial planners and notaries share their expertise with you as they discuss and analyze in detail various timely topics. Whether you prefer print publications or\u00a0in-depth articles, stay on top of the <a class=\"read-more\" href=\"https:\/\/www.fprofessionnels.com\/en\/stay-on-top\/\">[&#8230;]<\/a><\/p>\n","protected":false},"author":6,"featured_media":3997,"parent":0,"menu_order":27,"comment_status":"closed","ping_status":"closed","template":"","meta":{"_acf_changed":false,"footnotes":"","_links_to":"","_links_to_target":""},"categorie-de-page":[],"class_list":["post-1596","page","type-page","status-publish","has-post-thumbnail","hentry"],"acf":[],"yoast_head":"<!-- This site is optimized with the Yoast SEO Premium plugin v26.9 (Yoast SEO v26.9) - https:\/\/yoast.com\/product\/yoast-seo-premium-wordpress\/ -->\n<title>Stay on top &#8902; Actualit\u00e9 financi\u00e8re - fdp Gestion priv\u00e9e<\/title>\n<meta name=\"description\" content=\"Be on the lookout for the latest developments and news related to financial and economic news. Follow our various publications!\" \/>\n<meta name=\"robots\" content=\"index, follow, max-snippet:-1, max-image-preview:large, max-video-preview:-1\" \/>\n<link rel=\"canonical\" href=\"https:\/\/www.fprofessionnels.com\/en\/stay-on-top\/\" \/>\n<meta property=\"og:locale\" content=\"en_US\" \/>\n<meta property=\"og:type\" content=\"article\" \/>\n<meta property=\"og:title\" content=\"Stay on top\" \/>\n<meta property=\"og:description\" content=\"Be on the lookout for the latest developments and news related to financial and economic news. Follow our various publications!\" \/>\n<meta property=\"og:url\" content=\"https:\/\/www.fprofessionnels.com\/en\/stay-on-top\/\" \/>\n<meta property=\"og:site_name\" content=\"fdp Gestion priv\u00e9e\" \/>\n<meta property=\"article:publisher\" content=\"https:\/\/www.facebook.com\/Fprofessionnels\/\" \/>\n<meta property=\"article:modified_time\" content=\"2021-09-28T19:28:39+00:00\" \/>\n<meta property=\"og:image\" content=\"https:\/\/www.fprofessionnels.com\/wp-content\/uploads\/2016\/04\/Pastille_Consulter.jpg\" \/>\n\t<meta property=\"og:image:width\" content=\"220\" \/>\n\t<meta property=\"og:image:height\" content=\"200\" \/>\n\t<meta property=\"og:image:type\" content=\"image\/jpeg\" \/>\n<meta name=\"twitter:card\" content=\"summary_large_image\" \/>\n<meta name=\"twitter:site\" content=\"@Fprofessionnels\" \/>\n<script type=\"application\/ld+json\" class=\"yoast-schema-graph\">{\"@context\":\"https:\/\/schema.org\",\"@graph\":[{\"@type\":\"WebPage\",\"@id\":\"https:\/\/www.fprofessionnels.com\/en\/stay-on-top\/\",\"url\":\"https:\/\/www.fprofessionnels.com\/en\/stay-on-top\/\",\"name\":\"Stay on top &#8902; Actualit\u00e9 financi\u00e8re - fdp Gestion priv\u00e9e\",\"isPartOf\":{\"@id\":\"https:\/\/www.fprofessionnels.com\/en\/#website\"},\"primaryImageOfPage\":{\"@id\":\"https:\/\/www.fprofessionnels.com\/en\/stay-on-top\/#primaryimage\"},\"image\":{\"@id\":\"https:\/\/www.fprofessionnels.com\/en\/stay-on-top\/#primaryimage\"},\"thumbnailUrl\":\"\/wp-content\/uploads\/2016\/04\/Pastille_Consulter.jpg\",\"datePublished\":\"2016-05-18T21:11:19+00:00\",\"dateModified\":\"2021-09-28T19:28:39+00:00\",\"description\":\"Be on the lookout for the latest developments and news related to financial and economic news. Follow our various publications!\",\"breadcrumb\":{\"@id\":\"https:\/\/www.fprofessionnels.com\/en\/stay-on-top\/#breadcrumb\"},\"inLanguage\":\"en-US\",\"potentialAction\":[{\"@type\":\"ReadAction\",\"target\":[\"https:\/\/www.fprofessionnels.com\/en\/stay-on-top\/\"]}]},{\"@type\":\"ImageObject\",\"inLanguage\":\"en-US\",\"@id\":\"https:\/\/www.fprofessionnels.com\/en\/stay-on-top\/#primaryimage\",\"url\":\"\/wp-content\/uploads\/2016\/04\/Pastille_Consulter.jpg\",\"contentUrl\":\"\/wp-content\/uploads\/2016\/04\/Pastille_Consulter.jpg\",\"width\":220,\"height\":200},{\"@type\":\"BreadcrumbList\",\"@id\":\"https:\/\/www.fprofessionnels.com\/en\/stay-on-top\/#breadcrumb\",\"itemListElement\":[{\"@type\":\"ListItem\",\"position\":1,\"name\":\"Accueil\",\"item\":\"https:\/\/www.fprofessionnels.com\/en\/\"},{\"@type\":\"ListItem\",\"position\":2,\"name\":\"Stay on top\"}]},{\"@type\":\"WebSite\",\"@id\":\"https:\/\/www.fprofessionnels.com\/en\/#website\",\"url\":\"https:\/\/www.fprofessionnels.com\/en\/\",\"name\":\"fdp Gestion priv\u00e9e\",\"description\":\"Une longueur d\u2019avance dans vos prises de d\u00e9cisions financi\u00e8res\",\"publisher\":{\"@id\":\"https:\/\/www.fprofessionnels.com\/en\/#organization\"},\"potentialAction\":[{\"@type\":\"SearchAction\",\"target\":{\"@type\":\"EntryPoint\",\"urlTemplate\":\"https:\/\/www.fprofessionnels.com\/en\/?s={search_term_string}\"},\"query-input\":{\"@type\":\"PropertyValueSpecification\",\"valueRequired\":true,\"valueName\":\"search_term_string\"}}],\"inLanguage\":\"en-US\"},{\"@type\":\"Organization\",\"@id\":\"https:\/\/www.fprofessionnels.com\/en\/#organization\",\"name\":\"Financi\u00e8re des professionnels\",\"url\":\"https:\/\/www.fprofessionnels.com\/en\/\",\"logo\":{\"@type\":\"ImageObject\",\"inLanguage\":\"en-US\",\"@id\":\"https:\/\/www.fprofessionnels.com\/en\/#\/schema\/logo\/image\/\",\"url\":\"\/wp-content\/uploads\/2016\/06\/logo-fpro.png\",\"contentUrl\":\"\/wp-content\/uploads\/2016\/06\/logo-fpro.png\",\"width\":292,\"height\":184,\"caption\":\"Financi\u00e8re des professionnels\"},\"image\":{\"@id\":\"https:\/\/www.fprofessionnels.com\/en\/#\/schema\/logo\/image\/\"},\"sameAs\":[\"https:\/\/www.facebook.com\/Fprofessionnels\/\",\"https:\/\/x.com\/Fprofessionnels\",\"https:\/\/www.linkedin.com\/company\/financi-re-des-professionnels\"]}]}<\/script>\n<!-- \/ Yoast SEO Premium plugin. -->","yoast_head_json":{"title":"Stay on top &#8902; Actualit\u00e9 financi\u00e8re - fdp Gestion priv\u00e9e","description":"Be on the lookout for the latest developments and news related to financial and economic news. Follow our various publications!","robots":{"index":"index","follow":"follow","max-snippet":"max-snippet:-1","max-image-preview":"max-image-preview:large","max-video-preview":"max-video-preview:-1"},"canonical":"https:\/\/www.fprofessionnels.com\/en\/stay-on-top\/","og_locale":"en_US","og_type":"article","og_title":"Stay on top","og_description":"Be on the lookout for the latest developments and news related to financial and economic news. Follow our various publications!","og_url":"https:\/\/www.fprofessionnels.com\/en\/stay-on-top\/","og_site_name":"fdp Gestion priv\u00e9e","article_publisher":"https:\/\/www.facebook.com\/Fprofessionnels\/","article_modified_time":"2021-09-28T19:28:39+00:00","og_image":[{"width":220,"height":200,"url":"https:\/\/www.fprofessionnels.com\/wp-content\/uploads\/2016\/04\/Pastille_Consulter.jpg","type":"image\/jpeg"}],"twitter_card":"summary_large_image","twitter_site":"@Fprofessionnels","schema":{"@context":"https:\/\/schema.org","@graph":[{"@type":"WebPage","@id":"https:\/\/www.fprofessionnels.com\/en\/stay-on-top\/","url":"https:\/\/www.fprofessionnels.com\/en\/stay-on-top\/","name":"Stay on top &#8902; Actualit\u00e9 financi\u00e8re - fdp Gestion priv\u00e9e","isPartOf":{"@id":"https:\/\/www.fprofessionnels.com\/en\/#website"},"primaryImageOfPage":{"@id":"https:\/\/www.fprofessionnels.com\/en\/stay-on-top\/#primaryimage"},"image":{"@id":"https:\/\/www.fprofessionnels.com\/en\/stay-on-top\/#primaryimage"},"thumbnailUrl":"\/wp-content\/uploads\/2016\/04\/Pastille_Consulter.jpg","datePublished":"2016-05-18T21:11:19+00:00","dateModified":"2021-09-28T19:28:39+00:00","description":"Be on the lookout for the latest developments and news related to financial and economic news. Follow our various publications!","breadcrumb":{"@id":"https:\/\/www.fprofessionnels.com\/en\/stay-on-top\/#breadcrumb"},"inLanguage":"en-US","potentialAction":[{"@type":"ReadAction","target":["https:\/\/www.fprofessionnels.com\/en\/stay-on-top\/"]}]},{"@type":"ImageObject","inLanguage":"en-US","@id":"https:\/\/www.fprofessionnels.com\/en\/stay-on-top\/#primaryimage","url":"\/wp-content\/uploads\/2016\/04\/Pastille_Consulter.jpg","contentUrl":"\/wp-content\/uploads\/2016\/04\/Pastille_Consulter.jpg","width":220,"height":200},{"@type":"BreadcrumbList","@id":"https:\/\/www.fprofessionnels.com\/en\/stay-on-top\/#breadcrumb","itemListElement":[{"@type":"ListItem","position":1,"name":"Accueil","item":"https:\/\/www.fprofessionnels.com\/en\/"},{"@type":"ListItem","position":2,"name":"Stay on top"}]},{"@type":"WebSite","@id":"https:\/\/www.fprofessionnels.com\/en\/#website","url":"https:\/\/www.fprofessionnels.com\/en\/","name":"fdp Gestion priv\u00e9e","description":"Une longueur d\u2019avance dans vos prises de d\u00e9cisions financi\u00e8res","publisher":{"@id":"https:\/\/www.fprofessionnels.com\/en\/#organization"},"potentialAction":[{"@type":"SearchAction","target":{"@type":"EntryPoint","urlTemplate":"https:\/\/www.fprofessionnels.com\/en\/?s={search_term_string}"},"query-input":{"@type":"PropertyValueSpecification","valueRequired":true,"valueName":"search_term_string"}}],"inLanguage":"en-US"},{"@type":"Organization","@id":"https:\/\/www.fprofessionnels.com\/en\/#organization","name":"Financi\u00e8re des professionnels","url":"https:\/\/www.fprofessionnels.com\/en\/","logo":{"@type":"ImageObject","inLanguage":"en-US","@id":"https:\/\/www.fprofessionnels.com\/en\/#\/schema\/logo\/image\/","url":"\/wp-content\/uploads\/2016\/06\/logo-fpro.png","contentUrl":"\/wp-content\/uploads\/2016\/06\/logo-fpro.png","width":292,"height":184,"caption":"Financi\u00e8re des professionnels"},"image":{"@id":"https:\/\/www.fprofessionnels.com\/en\/#\/schema\/logo\/image\/"},"sameAs":["https:\/\/www.facebook.com\/Fprofessionnels\/","https:\/\/x.com\/Fprofessionnels","https:\/\/www.linkedin.com\/company\/financi-re-des-professionnels"]}]}},"_links":{"self":[{"href":"https:\/\/www.fprofessionnels.com\/en\/wp-json\/wp\/v2\/pages\/1596","targetHints":{"allow":["GET"]}}],"collection":[{"href":"https:\/\/www.fprofessionnels.com\/en\/wp-json\/wp\/v2\/pages"}],"about":[{"href":"https:\/\/www.fprofessionnels.com\/en\/wp-json\/wp\/v2\/types\/page"}],"author":[{"embeddable":true,"href":"https:\/\/www.fprofessionnels.com\/en\/wp-json\/wp\/v2\/users\/6"}],"replies":[{"embeddable":true,"href":"https:\/\/www.fprofessionnels.com\/en\/wp-json\/wp\/v2\/comments?post=1596"}],"version-history":[{"count":4,"href":"https:\/\/www.fprofessionnels.com\/en\/wp-json\/wp\/v2\/pages\/1596\/revisions"}],"predecessor-version":[{"id":17854,"href":"https:\/\/www.fprofessionnels.com\/en\/wp-json\/wp\/v2\/pages\/1596\/revisions\/17854"}],"wp:featuredmedia":[{"embeddable":true,"href":"https:\/\/www.fprofessionnels.com\/en\/wp-json\/wp\/v2\/media\/3997"}],"wp:attachment":[{"href":"https:\/\/www.fprofessionnels.com\/en\/wp-json\/wp\/v2\/media?parent=1596"}],"wp:term":[{"taxonomy":"categorie-de-page","embeddable":true,"href":"https:\/\/www.fprofessionnels.com\/en\/wp-json\/wp\/v2\/categorie-de-page?post=1596"}],"curies":[{"name":"wp","href":"https:\/\/api.w.org\/{rel}","templated":true}]}}