{"id":16504,"date":"2018-08-24T14:30:21","date_gmt":"2018-08-24T18:30:21","guid":{"rendered":"https:\/\/wwwprodaz.fprofessionnels.com\/?page_id=16504"},"modified":"2019-06-05T16:19:29","modified_gmt":"2019-06-05T20:19:29","slug":"registration-myfinances","status":"publish","type":"page","link":"https:\/\/www.fprofessionnels.com\/en\/our-rendez-vous\/major-conferences\/registration-myfinances\/","title":{"rendered":"Registration &#8211; Fall FINANCE rendez-vous"},"content":{"rendered":"<p>Please note the registration form is in French only<\/p>\n<h4>Venues<\/h4>\n<ul>\n<li><strong>Montr\u00e9al<\/strong>: le Beaux-Arts Restaurant\u00a0(1384, Sherbrooke St. West, Montr\u00e9al, QC H3G 2C6)<\/li>\n<li><strong>Qu\u00e9bec<\/strong>: Montego Resto-Club\u00a0(1460, Maguire Ave., Qu\u00e9bec, QC G1T 1P2)<\/li>\n<\/ul>\n<p>Welcome at 6:00 p.m.<\/p>\n<p>A meal will be served.<\/p>\n<hr \/>\n\n<div class=\"clearfix\">\n<div><\/div>\n<p><span class=\"note\"><sup>1<\/sup> Pour \u00eatre \u00e9ligible au concours, vous et votre coll\u00e8gue devez obligatoirement \u00eatre pr\u00e9sent \u00e0 la formation \u00e0 laquelle vous vous \u00eates inscrit(e).<\/span><\/p>\n<\/div>\n","protected":false},"excerpt":{"rendered":"<p>Please note the registration form is in French only Venues Montr\u00e9al: le Beaux-Arts Restaurant\u00a0(1384, Sherbrooke St. West, Montr\u00e9al, QC H3G 2C6) Qu\u00e9bec: Montego Resto-Club\u00a0(1460, Maguire Ave., Qu\u00e9bec, QC G1T 1P2) Welcome at 6:00 p.m. A meal will be served. 1 Pour \u00eatre \u00e9ligible au concours, vous et votre coll\u00e8gue devez obligatoirement \u00eatre pr\u00e9sent \u00e0 la <a class=\"read-more\" href=\"https:\/\/www.fprofessionnels.com\/en\/our-rendez-vous\/major-conferences\/registration-myfinances\/\">[&#8230;]<\/a><\/p>\n","protected":false},"author":6,"featured_media":16413,"parent":1286,"menu_order":0,"comment_status":"closed","ping_status":"closed","template":"","meta":{"_acf_changed":false,"footnotes":"","_links_to":"","_links_to_target":""},"categorie-de-page":[],"class_list":["post-16504","page","type-page","status-publish","has-post-thumbnail","hentry"],"acf":[],"yoast_head":"<!-- This site is optimized with the Yoast SEO Premium plugin v26.9 (Yoast SEO v26.9) - https:\/\/yoast.com\/product\/yoast-seo-premium-wordpress\/ -->\n<title>Registration - Fall FINANCE rendez-vous &#8902; fdp Gestion priv\u00e9e<\/title>\n<meta name=\"robots\" content=\"index, follow, max-snippet:-1, max-image-preview:large, max-video-preview:-1\" \/>\n<link rel=\"canonical\" href=\"https:\/\/www.fprofessionnels.com\/en\/our-rendez-vous\/major-conferences\/registration-myfinances\/\" \/>\n<meta property=\"og:locale\" content=\"en_US\" \/>\n<meta property=\"og:type\" content=\"article\" \/>\n<meta property=\"og:title\" content=\"Registration - Fall FINANCE rendez-vous\" \/>\n<meta property=\"og:description\" content=\"Please note the registration form is in French only Venues Montr\u00e9al: le Beaux-Arts Restaurant\u00a0(1384, Sherbrooke St. West, Montr\u00e9al, QC H3G 2C6) Qu\u00e9bec: Montego Resto-Club\u00a0(1460, Maguire Ave., Qu\u00e9bec, QC G1T 1P2) Welcome at 6:00 p.m. A meal will be served. 1 Pour \u00eatre \u00e9ligible au concours, vous et votre coll\u00e8gue devez obligatoirement \u00eatre pr\u00e9sent \u00e0 la [...]\" \/>\n<meta property=\"og:url\" content=\"https:\/\/www.fprofessionnels.com\/en\/our-rendez-vous\/major-conferences\/registration-myfinances\/\" \/>\n<meta property=\"og:site_name\" content=\"fdp Gestion priv\u00e9e\" \/>\n<meta property=\"article:publisher\" content=\"https:\/\/www.facebook.com\/Fprofessionnels\/\" \/>\n<meta property=\"article:modified_time\" content=\"2019-06-05T20:19:29+00:00\" \/>\n<meta property=\"og:image\" content=\"https:\/\/www.fprofessionnels.com\/wp-content\/uploads\/2018\/08\/Pastille_RDV_Automne.jpg\" \/>\n\t<meta property=\"og:image:width\" content=\"220\" \/>\n\t<meta property=\"og:image:height\" content=\"200\" \/>\n\t<meta property=\"og:image:type\" content=\"image\/jpeg\" \/>\n<meta name=\"twitter:card\" content=\"summary_large_image\" \/>\n<meta name=\"twitter:site\" content=\"@Fprofessionnels\" \/>\n<script type=\"application\/ld+json\" class=\"yoast-schema-graph\">{\"@context\":\"https:\/\/schema.org\",\"@graph\":[{\"@type\":\"WebPage\",\"@id\":\"https:\/\/www.fprofessionnels.com\/en\/our-rendez-vous\/major-conferences\/registration-myfinances\/\",\"url\":\"https:\/\/www.fprofessionnels.com\/en\/our-rendez-vous\/major-conferences\/registration-myfinances\/\",\"name\":\"Registration - Fall FINANCE rendez-vous &#8902; fdp Gestion priv\u00e9e\",\"isPartOf\":{\"@id\":\"https:\/\/www.fprofessionnels.com\/en\/#website\"},\"primaryImageOfPage\":{\"@id\":\"https:\/\/www.fprofessionnels.com\/en\/our-rendez-vous\/major-conferences\/registration-myfinances\/#primaryimage\"},\"image\":{\"@id\":\"https:\/\/www.fprofessionnels.com\/en\/our-rendez-vous\/major-conferences\/registration-myfinances\/#primaryimage\"},\"thumbnailUrl\":\"\/wp-content\/uploads\/2018\/08\/Pastille_RDV_Automne.jpg\",\"datePublished\":\"2018-08-24T18:30:21+00:00\",\"dateModified\":\"2019-06-05T20:19:29+00:00\",\"breadcrumb\":{\"@id\":\"https:\/\/www.fprofessionnels.com\/en\/our-rendez-vous\/major-conferences\/registration-myfinances\/#breadcrumb\"},\"inLanguage\":\"en-US\",\"potentialAction\":[{\"@type\":\"ReadAction\",\"target\":[\"https:\/\/www.fprofessionnels.com\/en\/our-rendez-vous\/major-conferences\/registration-myfinances\/\"]}]},{\"@type\":\"ImageObject\",\"inLanguage\":\"en-US\",\"@id\":\"https:\/\/www.fprofessionnels.com\/en\/our-rendez-vous\/major-conferences\/registration-myfinances\/#primaryimage\",\"url\":\"\/wp-content\/uploads\/2018\/08\/Pastille_RDV_Automne.jpg\",\"contentUrl\":\"\/wp-content\/uploads\/2018\/08\/Pastille_RDV_Automne.jpg\",\"width\":220,\"height\":200},{\"@type\":\"BreadcrumbList\",\"@id\":\"https:\/\/www.fprofessionnels.com\/en\/our-rendez-vous\/major-conferences\/registration-myfinances\/#breadcrumb\",\"itemListElement\":[{\"@type\":\"ListItem\",\"position\":1,\"name\":\"Accueil\",\"item\":\"https:\/\/www.fprofessionnels.com\/en\/\"},{\"@type\":\"ListItem\",\"position\":2,\"name\":\"Our rendez-vous\",\"item\":\"https:\/\/www.fprofessionnels.com\/en\/our-rendez-vous\/\"},{\"@type\":\"ListItem\",\"position\":3,\"name\":\"Our major conferences\",\"item\":\"https:\/\/www.fprofessionnels.com\/en\/our-rendez-vous\/major-conferences\/\"},{\"@type\":\"ListItem\",\"position\":4,\"name\":\"Registration &#8211; Fall FINANCE rendez-vous\"}]},{\"@type\":\"WebSite\",\"@id\":\"https:\/\/www.fprofessionnels.com\/en\/#website\",\"url\":\"https:\/\/www.fprofessionnels.com\/en\/\",\"name\":\"fdp Gestion priv\u00e9e\",\"description\":\"Une longueur d\u2019avance dans vos prises de d\u00e9cisions financi\u00e8res\",\"publisher\":{\"@id\":\"https:\/\/www.fprofessionnels.com\/en\/#organization\"},\"potentialAction\":[{\"@type\":\"SearchAction\",\"target\":{\"@type\":\"EntryPoint\",\"urlTemplate\":\"https:\/\/www.fprofessionnels.com\/en\/?s={search_term_string}\"},\"query-input\":{\"@type\":\"PropertyValueSpecification\",\"valueRequired\":true,\"valueName\":\"search_term_string\"}}],\"inLanguage\":\"en-US\"},{\"@type\":\"Organization\",\"@id\":\"https:\/\/www.fprofessionnels.com\/en\/#organization\",\"name\":\"Financi\u00e8re des professionnels\",\"url\":\"https:\/\/www.fprofessionnels.com\/en\/\",\"logo\":{\"@type\":\"ImageObject\",\"inLanguage\":\"en-US\",\"@id\":\"https:\/\/www.fprofessionnels.com\/en\/#\/schema\/logo\/image\/\",\"url\":\"\/wp-content\/uploads\/2016\/06\/logo-fpro.png\",\"contentUrl\":\"\/wp-content\/uploads\/2016\/06\/logo-fpro.png\",\"width\":292,\"height\":184,\"caption\":\"Financi\u00e8re des professionnels\"},\"image\":{\"@id\":\"https:\/\/www.fprofessionnels.com\/en\/#\/schema\/logo\/image\/\"},\"sameAs\":[\"https:\/\/www.facebook.com\/Fprofessionnels\/\",\"https:\/\/x.com\/Fprofessionnels\",\"https:\/\/www.linkedin.com\/company\/financi-re-des-professionnels\"]}]}<\/script>\n<!-- \/ Yoast SEO Premium plugin. -->","yoast_head_json":{"title":"Registration - Fall FINANCE rendez-vous &#8902; fdp Gestion priv\u00e9e","robots":{"index":"index","follow":"follow","max-snippet":"max-snippet:-1","max-image-preview":"max-image-preview:large","max-video-preview":"max-video-preview:-1"},"canonical":"https:\/\/www.fprofessionnels.com\/en\/our-rendez-vous\/major-conferences\/registration-myfinances\/","og_locale":"en_US","og_type":"article","og_title":"Registration - Fall FINANCE rendez-vous","og_description":"Please note the registration form is in French only Venues Montr\u00e9al: le Beaux-Arts Restaurant\u00a0(1384, Sherbrooke St. West, Montr\u00e9al, QC H3G 2C6) Qu\u00e9bec: Montego Resto-Club\u00a0(1460, Maguire Ave., Qu\u00e9bec, QC G1T 1P2) Welcome at 6:00 p.m. A meal will be served. 1 Pour \u00eatre \u00e9ligible au concours, vous et votre coll\u00e8gue devez obligatoirement \u00eatre pr\u00e9sent \u00e0 la [...]","og_url":"https:\/\/www.fprofessionnels.com\/en\/our-rendez-vous\/major-conferences\/registration-myfinances\/","og_site_name":"fdp Gestion priv\u00e9e","article_publisher":"https:\/\/www.facebook.com\/Fprofessionnels\/","article_modified_time":"2019-06-05T20:19:29+00:00","og_image":[{"width":220,"height":200,"url":"https:\/\/www.fprofessionnels.com\/wp-content\/uploads\/2018\/08\/Pastille_RDV_Automne.jpg","type":"image\/jpeg"}],"twitter_card":"summary_large_image","twitter_site":"@Fprofessionnels","schema":{"@context":"https:\/\/schema.org","@graph":[{"@type":"WebPage","@id":"https:\/\/www.fprofessionnels.com\/en\/our-rendez-vous\/major-conferences\/registration-myfinances\/","url":"https:\/\/www.fprofessionnels.com\/en\/our-rendez-vous\/major-conferences\/registration-myfinances\/","name":"Registration - Fall FINANCE rendez-vous &#8902; fdp Gestion priv\u00e9e","isPartOf":{"@id":"https:\/\/www.fprofessionnels.com\/en\/#website"},"primaryImageOfPage":{"@id":"https:\/\/www.fprofessionnels.com\/en\/our-rendez-vous\/major-conferences\/registration-myfinances\/#primaryimage"},"image":{"@id":"https:\/\/www.fprofessionnels.com\/en\/our-rendez-vous\/major-conferences\/registration-myfinances\/#primaryimage"},"thumbnailUrl":"\/wp-content\/uploads\/2018\/08\/Pastille_RDV_Automne.jpg","datePublished":"2018-08-24T18:30:21+00:00","dateModified":"2019-06-05T20:19:29+00:00","breadcrumb":{"@id":"https:\/\/www.fprofessionnels.com\/en\/our-rendez-vous\/major-conferences\/registration-myfinances\/#breadcrumb"},"inLanguage":"en-US","potentialAction":[{"@type":"ReadAction","target":["https:\/\/www.fprofessionnels.com\/en\/our-rendez-vous\/major-conferences\/registration-myfinances\/"]}]},{"@type":"ImageObject","inLanguage":"en-US","@id":"https:\/\/www.fprofessionnels.com\/en\/our-rendez-vous\/major-conferences\/registration-myfinances\/#primaryimage","url":"\/wp-content\/uploads\/2018\/08\/Pastille_RDV_Automne.jpg","contentUrl":"\/wp-content\/uploads\/2018\/08\/Pastille_RDV_Automne.jpg","width":220,"height":200},{"@type":"BreadcrumbList","@id":"https:\/\/www.fprofessionnels.com\/en\/our-rendez-vous\/major-conferences\/registration-myfinances\/#breadcrumb","itemListElement":[{"@type":"ListItem","position":1,"name":"Accueil","item":"https:\/\/www.fprofessionnels.com\/en\/"},{"@type":"ListItem","position":2,"name":"Our rendez-vous","item":"https:\/\/www.fprofessionnels.com\/en\/our-rendez-vous\/"},{"@type":"ListItem","position":3,"name":"Our major conferences","item":"https:\/\/www.fprofessionnels.com\/en\/our-rendez-vous\/major-conferences\/"},{"@type":"ListItem","position":4,"name":"Registration &#8211; Fall FINANCE rendez-vous"}]},{"@type":"WebSite","@id":"https:\/\/www.fprofessionnels.com\/en\/#website","url":"https:\/\/www.fprofessionnels.com\/en\/","name":"fdp Gestion priv\u00e9e","description":"Une longueur d\u2019avance dans vos prises de d\u00e9cisions financi\u00e8res","publisher":{"@id":"https:\/\/www.fprofessionnels.com\/en\/#organization"},"potentialAction":[{"@type":"SearchAction","target":{"@type":"EntryPoint","urlTemplate":"https:\/\/www.fprofessionnels.com\/en\/?s={search_term_string}"},"query-input":{"@type":"PropertyValueSpecification","valueRequired":true,"valueName":"search_term_string"}}],"inLanguage":"en-US"},{"@type":"Organization","@id":"https:\/\/www.fprofessionnels.com\/en\/#organization","name":"Financi\u00e8re des professionnels","url":"https:\/\/www.fprofessionnels.com\/en\/","logo":{"@type":"ImageObject","inLanguage":"en-US","@id":"https:\/\/www.fprofessionnels.com\/en\/#\/schema\/logo\/image\/","url":"\/wp-content\/uploads\/2016\/06\/logo-fpro.png","contentUrl":"\/wp-content\/uploads\/2016\/06\/logo-fpro.png","width":292,"height":184,"caption":"Financi\u00e8re des professionnels"},"image":{"@id":"https:\/\/www.fprofessionnels.com\/en\/#\/schema\/logo\/image\/"},"sameAs":["https:\/\/www.facebook.com\/Fprofessionnels\/","https:\/\/x.com\/Fprofessionnels","https:\/\/www.linkedin.com\/company\/financi-re-des-professionnels"]}]}},"_links":{"self":[{"href":"https:\/\/www.fprofessionnels.com\/en\/wp-json\/wp\/v2\/pages\/16504","targetHints":{"allow":["GET"]}}],"collection":[{"href":"https:\/\/www.fprofessionnels.com\/en\/wp-json\/wp\/v2\/pages"}],"about":[{"href":"https:\/\/www.fprofessionnels.com\/en\/wp-json\/wp\/v2\/types\/page"}],"author":[{"embeddable":true,"href":"https:\/\/www.fprofessionnels.com\/en\/wp-json\/wp\/v2\/users\/6"}],"replies":[{"embeddable":true,"href":"https:\/\/www.fprofessionnels.com\/en\/wp-json\/wp\/v2\/comments?post=16504"}],"version-history":[{"count":6,"href":"https:\/\/www.fprofessionnels.com\/en\/wp-json\/wp\/v2\/pages\/16504\/revisions"}],"predecessor-version":[{"id":21056,"href":"https:\/\/www.fprofessionnels.com\/en\/wp-json\/wp\/v2\/pages\/16504\/revisions\/21056"}],"up":[{"embeddable":true,"href":"https:\/\/www.fprofessionnels.com\/en\/wp-json\/wp\/v2\/pages\/1286"}],"wp:featuredmedia":[{"embeddable":true,"href":"https:\/\/www.fprofessionnels.com\/en\/wp-json\/wp\/v2\/media\/16413"}],"wp:attachment":[{"href":"https:\/\/www.fprofessionnels.com\/en\/wp-json\/wp\/v2\/media?parent=16504"}],"wp:term":[{"taxonomy":"categorie-de-page","embeddable":true,"href":"https:\/\/www.fprofessionnels.com\/en\/wp-json\/wp\/v2\/categorie-de-page?post=16504"}],"curies":[{"name":"wp","href":"https:\/\/api.w.org\/{rel}","templated":true}]}}