{"id":1678,"date":"2016-05-19T15:52:12","date_gmt":"2016-05-19T19:52:12","guid":{"rendered":"https:\/\/wwwprodaz.fprofessionnels.com\/en\/?page_id=1678"},"modified":"2018-03-27T10:23:14","modified_gmt":"2018-03-27T14:23:14","slug":"recipients-2016","status":"publish","type":"page","link":"https:\/\/www.fprofessionnels.com\/en\/about\/scholarships\/recipients-2016\/","title":{"rendered":"Scholarships recipients 2016"},"content":{"rendered":"<h3>Promoting l\u2019excellence<\/h3>\n<p>Committed to supporting its professional association shareholders by fostering the development of the next generation of practitioners, Professionals\u2019 Financial is proud to offer these scholarships for excellence. This commitment is part of the Financial\u2019s educational mandate given to it by its shareholders, which it is carrying out by awarding $490,000 in scholarships over a five-year period to two universities: Universit\u00e9 de Montr\u00e9al and Universit\u00e9 Laval.<\/p>\n<p>To learn more about each university\u2019s recipients, visit the appropriate page:<\/p>\n","protected":false},"excerpt":{"rendered":"<p>Promoting l\u2019excellence Committed to supporting its professional association shareholders by fostering the development of the next generation of practitioners, Professionals\u2019 Financial is proud to offer these scholarships for excellence. This commitment is part of the Financial\u2019s educational mandate given to it by its shareholders, which it is carrying out by awarding $490,000 in scholarships over <a class=\"read-more\" href=\"https:\/\/www.fprofessionnels.com\/en\/about\/scholarships\/recipients-2016\/\">[&#8230;]<\/a><\/p>\n","protected":false},"author":6,"featured_media":13992,"parent":1304,"menu_order":1,"comment_status":"closed","ping_status":"closed","template":"tiles-cat.php","meta":{"_acf_changed":false,"footnotes":"","_links_to":"","_links_to_target":""},"categorie-de-page":[],"class_list":["post-1678","page","type-page","status-publish","has-post-thumbnail","hentry"],"acf":[],"yoast_head":"<!-- This site is optimized with the Yoast SEO Premium plugin v26.9 (Yoast SEO v26.9) - https:\/\/yoast.com\/product\/yoast-seo-premium-wordpress\/ -->\n<title>Scholarships recipients 2016 &#8902; fdp Gestion priv\u00e9e<\/title>\n<meta name=\"robots\" content=\"index, follow, max-snippet:-1, max-image-preview:large, max-video-preview:-1\" \/>\n<link rel=\"canonical\" href=\"https:\/\/www.fprofessionnels.com\/en\/about\/scholarships\/recipients-2016\/\" \/>\n<meta property=\"og:locale\" content=\"en_US\" \/>\n<meta property=\"og:type\" content=\"article\" \/>\n<meta property=\"og:title\" content=\"Scholarships recipients 2016\" \/>\n<meta property=\"og:description\" content=\"Promoting l\u2019excellence Committed to supporting its professional association shareholders by fostering the development of the next generation of practitioners, Professionals\u2019 Financial is proud to offer these scholarships for excellence. This commitment is part of the Financial\u2019s educational mandate given to it by its shareholders, which it is carrying out by awarding $490,000 in scholarships over [...]\" \/>\n<meta property=\"og:url\" content=\"https:\/\/www.fprofessionnels.com\/en\/about\/scholarships\/recipients-2016\/\" \/>\n<meta property=\"og:site_name\" content=\"fdp Gestion priv\u00e9e\" \/>\n<meta property=\"article:publisher\" content=\"https:\/\/www.facebook.com\/Fprofessionnels\/\" \/>\n<meta property=\"article:modified_time\" content=\"2018-03-27T14:23:14+00:00\" \/>\n<meta property=\"og:image\" content=\"https:\/\/www.fprofessionnels.com\/wp-content\/uploads\/2018\/03\/Pastille_BourseEtudes.jpg\" \/>\n\t<meta property=\"og:image:width\" content=\"220\" \/>\n\t<meta property=\"og:image:height\" content=\"200\" \/>\n\t<meta property=\"og:image:type\" content=\"image\/jpeg\" \/>\n<meta name=\"twitter:card\" content=\"summary_large_image\" \/>\n<meta name=\"twitter:site\" content=\"@Fprofessionnels\" \/>\n<script type=\"application\/ld+json\" class=\"yoast-schema-graph\">{\"@context\":\"https:\/\/schema.org\",\"@graph\":[{\"@type\":\"WebPage\",\"@id\":\"https:\/\/www.fprofessionnels.com\/en\/about\/scholarships\/recipients-2016\/\",\"url\":\"https:\/\/www.fprofessionnels.com\/en\/about\/scholarships\/recipients-2016\/\",\"name\":\"Scholarships recipients 2016 &#8902; fdp Gestion priv\u00e9e\",\"isPartOf\":{\"@id\":\"https:\/\/www.fprofessionnels.com\/en\/#website\"},\"primaryImageOfPage\":{\"@id\":\"https:\/\/www.fprofessionnels.com\/en\/about\/scholarships\/recipients-2016\/#primaryimage\"},\"image\":{\"@id\":\"https:\/\/www.fprofessionnels.com\/en\/about\/scholarships\/recipients-2016\/#primaryimage\"},\"thumbnailUrl\":\"\/wp-content\/uploads\/2018\/03\/Pastille_BourseEtudes.jpg\",\"datePublished\":\"2016-05-19T19:52:12+00:00\",\"dateModified\":\"2018-03-27T14:23:14+00:00\",\"breadcrumb\":{\"@id\":\"https:\/\/www.fprofessionnels.com\/en\/about\/scholarships\/recipients-2016\/#breadcrumb\"},\"inLanguage\":\"en-US\",\"potentialAction\":[{\"@type\":\"ReadAction\",\"target\":[\"https:\/\/www.fprofessionnels.com\/en\/about\/scholarships\/recipients-2016\/\"]}]},{\"@type\":\"ImageObject\",\"inLanguage\":\"en-US\",\"@id\":\"https:\/\/www.fprofessionnels.com\/en\/about\/scholarships\/recipients-2016\/#primaryimage\",\"url\":\"\/wp-content\/uploads\/2018\/03\/Pastille_BourseEtudes.jpg\",\"contentUrl\":\"\/wp-content\/uploads\/2018\/03\/Pastille_BourseEtudes.jpg\",\"width\":220,\"height\":200},{\"@type\":\"BreadcrumbList\",\"@id\":\"https:\/\/www.fprofessionnels.com\/en\/about\/scholarships\/recipients-2016\/#breadcrumb\",\"itemListElement\":[{\"@type\":\"ListItem\",\"position\":1,\"name\":\"Accueil\",\"item\":\"https:\/\/www.fprofessionnels.com\/en\/\"},{\"@type\":\"ListItem\",\"position\":2,\"name\":\"About us\",\"item\":\"https:\/\/www.fprofessionnels.com\/en\/about\/\"},{\"@type\":\"ListItem\",\"position\":3,\"name\":\"Scholarships\",\"item\":\"https:\/\/www.fprofessionnels.com\/en\/?page_id=1304\"},{\"@type\":\"ListItem\",\"position\":4,\"name\":\"Scholarships recipients 2016\"}]},{\"@type\":\"WebSite\",\"@id\":\"https:\/\/www.fprofessionnels.com\/en\/#website\",\"url\":\"https:\/\/www.fprofessionnels.com\/en\/\",\"name\":\"fdp Gestion priv\u00e9e\",\"description\":\"Une longueur d\u2019avance dans vos prises de d\u00e9cisions financi\u00e8res\",\"publisher\":{\"@id\":\"https:\/\/www.fprofessionnels.com\/en\/#organization\"},\"potentialAction\":[{\"@type\":\"SearchAction\",\"target\":{\"@type\":\"EntryPoint\",\"urlTemplate\":\"https:\/\/www.fprofessionnels.com\/en\/?s={search_term_string}\"},\"query-input\":{\"@type\":\"PropertyValueSpecification\",\"valueRequired\":true,\"valueName\":\"search_term_string\"}}],\"inLanguage\":\"en-US\"},{\"@type\":\"Organization\",\"@id\":\"https:\/\/www.fprofessionnels.com\/en\/#organization\",\"name\":\"Financi\u00e8re des professionnels\",\"url\":\"https:\/\/www.fprofessionnels.com\/en\/\",\"logo\":{\"@type\":\"ImageObject\",\"inLanguage\":\"en-US\",\"@id\":\"https:\/\/www.fprofessionnels.com\/en\/#\/schema\/logo\/image\/\",\"url\":\"\/wp-content\/uploads\/2016\/06\/logo-fpro.png\",\"contentUrl\":\"\/wp-content\/uploads\/2016\/06\/logo-fpro.png\",\"width\":292,\"height\":184,\"caption\":\"Financi\u00e8re des professionnels\"},\"image\":{\"@id\":\"https:\/\/www.fprofessionnels.com\/en\/#\/schema\/logo\/image\/\"},\"sameAs\":[\"https:\/\/www.facebook.com\/Fprofessionnels\/\",\"https:\/\/x.com\/Fprofessionnels\",\"https:\/\/www.linkedin.com\/company\/financi-re-des-professionnels\"]}]}<\/script>\n<!-- \/ Yoast SEO Premium plugin. -->","yoast_head_json":{"title":"Scholarships recipients 2016 &#8902; fdp Gestion priv\u00e9e","robots":{"index":"index","follow":"follow","max-snippet":"max-snippet:-1","max-image-preview":"max-image-preview:large","max-video-preview":"max-video-preview:-1"},"canonical":"https:\/\/www.fprofessionnels.com\/en\/about\/scholarships\/recipients-2016\/","og_locale":"en_US","og_type":"article","og_title":"Scholarships recipients 2016","og_description":"Promoting l\u2019excellence Committed to supporting its professional association shareholders by fostering the development of the next generation of practitioners, Professionals\u2019 Financial is proud to offer these scholarships for excellence. This commitment is part of the Financial\u2019s educational mandate given to it by its shareholders, which it is carrying out by awarding $490,000 in scholarships over [...]","og_url":"https:\/\/www.fprofessionnels.com\/en\/about\/scholarships\/recipients-2016\/","og_site_name":"fdp Gestion priv\u00e9e","article_publisher":"https:\/\/www.facebook.com\/Fprofessionnels\/","article_modified_time":"2018-03-27T14:23:14+00:00","og_image":[{"width":220,"height":200,"url":"https:\/\/www.fprofessionnels.com\/wp-content\/uploads\/2018\/03\/Pastille_BourseEtudes.jpg","type":"image\/jpeg"}],"twitter_card":"summary_large_image","twitter_site":"@Fprofessionnels","schema":{"@context":"https:\/\/schema.org","@graph":[{"@type":"WebPage","@id":"https:\/\/www.fprofessionnels.com\/en\/about\/scholarships\/recipients-2016\/","url":"https:\/\/www.fprofessionnels.com\/en\/about\/scholarships\/recipients-2016\/","name":"Scholarships recipients 2016 &#8902; fdp Gestion priv\u00e9e","isPartOf":{"@id":"https:\/\/www.fprofessionnels.com\/en\/#website"},"primaryImageOfPage":{"@id":"https:\/\/www.fprofessionnels.com\/en\/about\/scholarships\/recipients-2016\/#primaryimage"},"image":{"@id":"https:\/\/www.fprofessionnels.com\/en\/about\/scholarships\/recipients-2016\/#primaryimage"},"thumbnailUrl":"\/wp-content\/uploads\/2018\/03\/Pastille_BourseEtudes.jpg","datePublished":"2016-05-19T19:52:12+00:00","dateModified":"2018-03-27T14:23:14+00:00","breadcrumb":{"@id":"https:\/\/www.fprofessionnels.com\/en\/about\/scholarships\/recipients-2016\/#breadcrumb"},"inLanguage":"en-US","potentialAction":[{"@type":"ReadAction","target":["https:\/\/www.fprofessionnels.com\/en\/about\/scholarships\/recipients-2016\/"]}]},{"@type":"ImageObject","inLanguage":"en-US","@id":"https:\/\/www.fprofessionnels.com\/en\/about\/scholarships\/recipients-2016\/#primaryimage","url":"\/wp-content\/uploads\/2018\/03\/Pastille_BourseEtudes.jpg","contentUrl":"\/wp-content\/uploads\/2018\/03\/Pastille_BourseEtudes.jpg","width":220,"height":200},{"@type":"BreadcrumbList","@id":"https:\/\/www.fprofessionnels.com\/en\/about\/scholarships\/recipients-2016\/#breadcrumb","itemListElement":[{"@type":"ListItem","position":1,"name":"Accueil","item":"https:\/\/www.fprofessionnels.com\/en\/"},{"@type":"ListItem","position":2,"name":"About us","item":"https:\/\/www.fprofessionnels.com\/en\/about\/"},{"@type":"ListItem","position":3,"name":"Scholarships","item":"https:\/\/www.fprofessionnels.com\/en\/?page_id=1304"},{"@type":"ListItem","position":4,"name":"Scholarships recipients 2016"}]},{"@type":"WebSite","@id":"https:\/\/www.fprofessionnels.com\/en\/#website","url":"https:\/\/www.fprofessionnels.com\/en\/","name":"fdp Gestion priv\u00e9e","description":"Une longueur d\u2019avance dans vos prises de d\u00e9cisions financi\u00e8res","publisher":{"@id":"https:\/\/www.fprofessionnels.com\/en\/#organization"},"potentialAction":[{"@type":"SearchAction","target":{"@type":"EntryPoint","urlTemplate":"https:\/\/www.fprofessionnels.com\/en\/?s={search_term_string}"},"query-input":{"@type":"PropertyValueSpecification","valueRequired":true,"valueName":"search_term_string"}}],"inLanguage":"en-US"},{"@type":"Organization","@id":"https:\/\/www.fprofessionnels.com\/en\/#organization","name":"Financi\u00e8re des professionnels","url":"https:\/\/www.fprofessionnels.com\/en\/","logo":{"@type":"ImageObject","inLanguage":"en-US","@id":"https:\/\/www.fprofessionnels.com\/en\/#\/schema\/logo\/image\/","url":"\/wp-content\/uploads\/2016\/06\/logo-fpro.png","contentUrl":"\/wp-content\/uploads\/2016\/06\/logo-fpro.png","width":292,"height":184,"caption":"Financi\u00e8re des professionnels"},"image":{"@id":"https:\/\/www.fprofessionnels.com\/en\/#\/schema\/logo\/image\/"},"sameAs":["https:\/\/www.facebook.com\/Fprofessionnels\/","https:\/\/x.com\/Fprofessionnels","https:\/\/www.linkedin.com\/company\/financi-re-des-professionnels"]}]}},"_links":{"self":[{"href":"https:\/\/www.fprofessionnels.com\/en\/wp-json\/wp\/v2\/pages\/1678","targetHints":{"allow":["GET"]}}],"collection":[{"href":"https:\/\/www.fprofessionnels.com\/en\/wp-json\/wp\/v2\/pages"}],"about":[{"href":"https:\/\/www.fprofessionnels.com\/en\/wp-json\/wp\/v2\/types\/page"}],"author":[{"embeddable":true,"href":"https:\/\/www.fprofessionnels.com\/en\/wp-json\/wp\/v2\/users\/6"}],"replies":[{"embeddable":true,"href":"https:\/\/www.fprofessionnels.com\/en\/wp-json\/wp\/v2\/comments?post=1678"}],"version-history":[{"count":8,"href":"https:\/\/www.fprofessionnels.com\/en\/wp-json\/wp\/v2\/pages\/1678\/revisions"}],"predecessor-version":[{"id":14237,"href":"https:\/\/www.fprofessionnels.com\/en\/wp-json\/wp\/v2\/pages\/1678\/revisions\/14237"}],"up":[{"embeddable":true,"href":"https:\/\/www.fprofessionnels.com\/en\/wp-json\/wp\/v2\/pages\/1304"}],"wp:featuredmedia":[{"embeddable":true,"href":"https:\/\/www.fprofessionnels.com\/en\/wp-json\/wp\/v2\/media\/13992"}],"wp:attachment":[{"href":"https:\/\/www.fprofessionnels.com\/en\/wp-json\/wp\/v2\/media?parent=1678"}],"wp:term":[{"taxonomy":"categorie-de-page","embeddable":true,"href":"https:\/\/www.fprofessionnels.com\/en\/wp-json\/wp\/v2\/categorie-de-page?post=1678"}],"curies":[{"name":"wp","href":"https:\/\/api.w.org\/{rel}","templated":true}]}}