{"id":1680,"date":"2016-05-19T15:57:59","date_gmt":"2016-05-19T19:57:59","guid":{"rendered":"https:\/\/wwwprodaz.fprofessionnels.com\/en\/?page_id=1680"},"modified":"2018-03-27T10:34:59","modified_gmt":"2018-03-27T14:34:59","slug":"recipients-2015","status":"publish","type":"page","link":"https:\/\/www.fprofessionnels.com\/en\/about\/scholarships\/recipients-2015\/","title":{"rendered":"Scholarships recipients 2015"},"content":{"rendered":"<h2>Universit\u00e9 Laval<\/h2>\n<p><span style=\"font-size: 16px;\">On November 28, 2015, at the first evening of recognition and excellence of the <\/span><strong style=\"font-size: 16px;\">Faculty of Pharmacy<\/strong><span style=\"font-size: 16px;\"> of Universit\u00e9 Laval, Professionals\u2019 Financial was recognized as a member of the Faculty\u2019s Circle of Honour in the Partner category.<\/span><\/p>\n<p>More than 250 guests attended the ceremony, which was followed by the presentation of scholarships to outstanding students.<\/p>\n<p>During this event, Mr. Ars\u00e8ne Zongo received a $2,000 scholarship from Professionals\u2019 Financial in recognition of his excellent work and to encourage him to continue his pharmaco-epidemiological or clinical research.<\/p>\n<figure id=\"attachment_2311\" aria-describedby=\"caption-attachment-2311\" style=\"width: 442px\" class=\"wp-caption alignnone\"><img loading=\"lazy\" decoding=\"async\" class=\"wp-image-2311 size-full content-img\" src=\"\/wp-content\/uploads\/2016\/05\/Bourse_etude_FDP_2015_ULaval_pharmacie_zongo.jpg\" alt=\"Professionals' Financial Scholarship 2015 - Universit\u00e9 Laval - Faculty of Pharmacy\" width=\"442\" height=\"259\" srcset=\"\/wp-content\/uploads\/2016\/05\/Bourse_etude_FDP_2015_ULaval_pharmacie_zongo.jpg 442w, \/wp-content\/uploads\/2016\/05\/Bourse_etude_FDP_2015_ULaval_pharmacie_zongo-300x176.jpg 300w\" sizes=\"auto, (max-width: 442px) 100vw, 442px\" \/><figcaption id=\"caption-attachment-2311\" class=\"wp-caption-text\">Pictured, from left to right: Bernard Fortin, Regional Vice-President, Quebec City, Estrie and Eastern Quebec, Professionals\u2019 Financial; the scholarship winner, Ars\u00e8ne Zongo; and Dr. Jean Lefebvre, Dean of the Faculty of Pharmacy of Universit\u00e9 Laval.<\/figcaption><\/figure>\n<p>&nbsp;<\/p>\n<p>In the <strong>Faculty of Law<\/strong>, Claudia L\u00e9tourneau, a graduate student in <strong>notarial law<\/strong>, received a $1,500 scholarship for her constant progress towards academic excellence and for her dynamism. Absent during the presentation ceremonies, we met the recipient when she dropped by our Quebec City offices.<\/p>\n<figure id=\"attachment_5856\" aria-describedby=\"caption-attachment-5856\" style=\"width: 442px\" class=\"wp-caption alignnone\"><img loading=\"lazy\" decoding=\"async\" class=\"wp-image-5856 size-full content-img\" src=\"\/wp-content\/uploads\/2016\/05\/Bourse_etude_FDP_2016_letourneau_notariat-1.jpg\" alt=\"Professionals' Financial Scholarship 2015 - Universit\u00e9 Laval - Faculty of Law\" width=\"442\" height=\"357\" srcset=\"\/wp-content\/uploads\/2016\/05\/Bourse_etude_FDP_2016_letourneau_notariat-1.jpg 442w, \/wp-content\/uploads\/2016\/05\/Bourse_etude_FDP_2016_letourneau_notariat-1-300x242.jpg 300w\" sizes=\"auto, (max-width: 442px) 100vw, 442px\" \/><figcaption id=\"caption-attachment-5856\" class=\"wp-caption-text\">From left to right: Mr. Bernard Fortin, Regional Vice-President, Qu\u00e9bec City, Estrie and Eastern Quebec, Professionals\u2019 Financial, and Ms. Claudia L\u00e9tourneau, scholarship winner.<\/figcaption><\/figure>\n<p>&nbsp;<\/p>\n<h2>Universit\u00e9 de Montr\u00e9al<\/h2>\n<p>In the Faculty of Pharmacy, a $2,000 scholarship for \u201cAcademic excellence and community practice\u201d was awarded to Ms. Genevi\u00e8ve Arruda.<\/p>\n<figure id=\"attachment_2314\" aria-describedby=\"caption-attachment-2314\" style=\"width: 442px\" class=\"wp-caption alignnone\"><img loading=\"lazy\" decoding=\"async\" class=\"wp-image-2314 size-full content-img\" style=\"font-size: 16px;\" src=\"\/wp-content\/uploads\/2016\/05\/Bourse_etude_FDP_2015_UdeM_pharmacie_arruda.png\" alt=\"Professionals' Financial Scholarship 2015 - Universit\u00e9 de Montr\u00e9al - Faculty of Pharmacy\" width=\"442\" height=\"273\" srcset=\"\/wp-content\/uploads\/2016\/05\/Bourse_etude_FDP_2015_UdeM_pharmacie_arruda.png 442w, \/wp-content\/uploads\/2016\/05\/Bourse_etude_FDP_2015_UdeM_pharmacie_arruda-300x185.png 300w\" sizes=\"auto, (max-width: 442px) 100vw, 442px\" \/><figcaption id=\"caption-attachment-2314\" class=\"wp-caption-text\">From left to right, Mr. Saber Galali, Wealth Management Advisor at the Financial, Ms. Genevi\u00e8ve Arruda, scholarship winner, and Ms. Nathalie Letarte, Dean of the undergraduate Pharmacy program (Pharm. D.).<\/figcaption><\/figure>\n<p>&nbsp;<\/p>\n<p>In the <strong>Faculty of Medicine<\/strong> of the Universit\u00e9 de Montr\u00e9al, three scholarships of $4,000 each were awarded to clinical research students for their excellent results.<\/p>\n<p>The recipients were Ms. Nadezhda Roumeliotis (specialty: pediatric intensive care), Mr. Quoc Dinh Nguyen (specialty: geriatrics), and Ms. Am\u00e9lie Th\u00e9rien (specialty: gastroenterology).<\/p>\n<figure id=\"attachment_2316\" aria-describedby=\"caption-attachment-2316\" style=\"width: 442px\" class=\"wp-caption alignnone\"><img loading=\"lazy\" decoding=\"async\" class=\"wp-image-2316 size-full content-img\" src=\"\/wp-content\/uploads\/2016\/05\/Bourse_etude_FDP_2015_UdeM_medecine.jpg\" alt=\"Professionals' Financial Scholarship 2015 - Universit\u00e9 de Montr\u00e9al - Faculty of Medicine\" width=\"442\" height=\"248\" srcset=\"\/wp-content\/uploads\/2016\/05\/Bourse_etude_FDP_2015_UdeM_medecine.jpg 442w, \/wp-content\/uploads\/2016\/05\/Bourse_etude_FDP_2015_UdeM_medecine-300x168.jpg 300w\" sizes=\"auto, (max-width: 442px) 100vw, 442px\" \/><figcaption id=\"caption-attachment-2316\" class=\"wp-caption-text\">Pictured, from left to right : Dr. Jean Charest, Vice Provost, Vice-Rectorate for Human Resources and Planning, Ms. Am\u00e9lie Th\u00e9rien, scholarship winner, Dr. Jos\u00e9e Dubois, Vice Provost, Postgraduate Medical Studies and Mr. Saber Gallali, Wealth Management Advisor at the Financial.<\/figcaption><\/figure>\n<p>&nbsp;<\/p>\n<p>In the <strong>School of Architecture<\/strong>, Gabrielle Morin received a $2,000 scholarship in recognition of her academic excellence, her involvement in the Faculty of Urban Planning and in other major bodies such as the Faculty Counsel, as well as her ability to listen to her colleagues.<\/p>\n<figure id=\"attachment_14217\" aria-describedby=\"caption-attachment-14217\" style=\"width: 441px\" class=\"wp-caption alignnone\"><img loading=\"lazy\" decoding=\"async\" class=\"wp-image-14217 content-img\" src=\"\/wp-content\/uploads\/2018\/03\/Photo_BourseFDP2015_UdeM-Amenagement.jpg\" alt=\"Professionals' Financial Scholarship 2015 - Universit\u00e9 de Montr\u00e9al - School of Architecture Faculty of Urban Planning\" width=\"441\" height=\"294\" srcset=\"\/wp-content\/uploads\/2018\/03\/Photo_BourseFDP2015_UdeM-Amenagement.jpg 879w, \/wp-content\/uploads\/2018\/03\/Photo_BourseFDP2015_UdeM-Amenagement-300x200.jpg 300w, \/wp-content\/uploads\/2018\/03\/Photo_BourseFDP2015_UdeM-Amenagement-768x512.jpg 768w\" sizes=\"auto, (max-width: 441px) 100vw, 441px\" \/><figcaption id=\"caption-attachment-14217\" class=\"wp-caption-text\">Pictured from left to right: Ms. Gabrielle Morin, scholarship winner, with the Dean of the School of Architecture of the Universit\u00e9 de Montr\u00e9al, Ms. Anne Cormier. \u00a9Robert La Salle<\/figcaption><\/figure>\n<p>&nbsp;<\/p>\n<h3>Congratulations to all the recipients!<\/h3>\n","protected":false},"excerpt":{"rendered":"<p>Universit\u00e9 Laval On November 28, 2015, at the first evening of recognition and excellence of the Faculty of Pharmacy of Universit\u00e9 Laval, Professionals\u2019 Financial was recognized as a member of the Faculty\u2019s Circle of Honour in the Partner category. More than 250 guests attended the ceremony, which was followed by the presentation of scholarships to <a class=\"read-more\" href=\"https:\/\/www.fprofessionnels.com\/en\/about\/scholarships\/recipients-2015\/\">[&#8230;]<\/a><\/p>\n","protected":false},"author":6,"featured_media":13992,"parent":1304,"menu_order":2,"comment_status":"closed","ping_status":"closed","template":"","meta":{"_acf_changed":false,"footnotes":"","_links_to":"","_links_to_target":""},"categorie-de-page":[],"class_list":["post-1680","page","type-page","status-publish","has-post-thumbnail","hentry"],"acf":[],"yoast_head":"<!-- This site is optimized with the Yoast SEO Premium plugin v26.9 (Yoast SEO v26.9) - https:\/\/yoast.com\/product\/yoast-seo-premium-wordpress\/ -->\n<title>Scholarships recipients 2015 &#8902; fdp Gestion priv\u00e9e<\/title>\n<meta name=\"robots\" content=\"index, follow, max-snippet:-1, max-image-preview:large, max-video-preview:-1\" \/>\n<link rel=\"canonical\" href=\"https:\/\/www.fprofessionnels.com\/en\/about\/scholarships\/recipients-2015\/\" \/>\n<meta property=\"og:locale\" content=\"en_US\" \/>\n<meta property=\"og:type\" content=\"article\" \/>\n<meta property=\"og:title\" content=\"Scholarships recipients 2015\" \/>\n<meta property=\"og:description\" content=\"Universit\u00e9 Laval On November 28, 2015, at the first evening of recognition and excellence of the Faculty of Pharmacy of Universit\u00e9 Laval, Professionals\u2019 Financial was recognized as a member of the Faculty\u2019s Circle of Honour in the Partner category. More than 250 guests attended the ceremony, which was followed by the presentation of scholarships to [...]\" \/>\n<meta property=\"og:url\" content=\"https:\/\/www.fprofessionnels.com\/en\/about\/scholarships\/recipients-2015\/\" \/>\n<meta property=\"og:site_name\" content=\"fdp Gestion priv\u00e9e\" \/>\n<meta property=\"article:publisher\" content=\"https:\/\/www.facebook.com\/Fprofessionnels\/\" \/>\n<meta property=\"article:modified_time\" content=\"2018-03-27T14:34:59+00:00\" \/>\n<meta property=\"og:image\" content=\"https:\/\/www.fprofessionnels.com\/wp-content\/uploads\/2018\/03\/Pastille_BourseEtudes.jpg\" \/>\n\t<meta property=\"og:image:width\" content=\"220\" \/>\n\t<meta property=\"og:image:height\" content=\"200\" \/>\n\t<meta property=\"og:image:type\" content=\"image\/jpeg\" \/>\n<meta name=\"twitter:card\" content=\"summary_large_image\" \/>\n<meta name=\"twitter:site\" content=\"@Fprofessionnels\" \/>\n<meta name=\"twitter:label1\" content=\"Est. reading time\" \/>\n\t<meta name=\"twitter:data1\" content=\"2 minutes\" \/>\n<script type=\"application\/ld+json\" class=\"yoast-schema-graph\">{\"@context\":\"https:\/\/schema.org\",\"@graph\":[{\"@type\":\"WebPage\",\"@id\":\"https:\/\/www.fprofessionnels.com\/en\/about\/scholarships\/recipients-2015\/\",\"url\":\"https:\/\/www.fprofessionnels.com\/en\/about\/scholarships\/recipients-2015\/\",\"name\":\"Scholarships recipients 2015 &#8902; fdp Gestion priv\u00e9e\",\"isPartOf\":{\"@id\":\"https:\/\/www.fprofessionnels.com\/en\/#website\"},\"primaryImageOfPage\":{\"@id\":\"https:\/\/www.fprofessionnels.com\/en\/about\/scholarships\/recipients-2015\/#primaryimage\"},\"image\":{\"@id\":\"https:\/\/www.fprofessionnels.com\/en\/about\/scholarships\/recipients-2015\/#primaryimage\"},\"thumbnailUrl\":\"\/wp-content\/uploads\/2018\/03\/Pastille_BourseEtudes.jpg\",\"datePublished\":\"2016-05-19T19:57:59+00:00\",\"dateModified\":\"2018-03-27T14:34:59+00:00\",\"breadcrumb\":{\"@id\":\"https:\/\/www.fprofessionnels.com\/en\/about\/scholarships\/recipients-2015\/#breadcrumb\"},\"inLanguage\":\"en-US\",\"potentialAction\":[{\"@type\":\"ReadAction\",\"target\":[\"https:\/\/www.fprofessionnels.com\/en\/about\/scholarships\/recipients-2015\/\"]}]},{\"@type\":\"ImageObject\",\"inLanguage\":\"en-US\",\"@id\":\"https:\/\/www.fprofessionnels.com\/en\/about\/scholarships\/recipients-2015\/#primaryimage\",\"url\":\"\/wp-content\/uploads\/2018\/03\/Pastille_BourseEtudes.jpg\",\"contentUrl\":\"\/wp-content\/uploads\/2018\/03\/Pastille_BourseEtudes.jpg\",\"width\":220,\"height\":200},{\"@type\":\"BreadcrumbList\",\"@id\":\"https:\/\/www.fprofessionnels.com\/en\/about\/scholarships\/recipients-2015\/#breadcrumb\",\"itemListElement\":[{\"@type\":\"ListItem\",\"position\":1,\"name\":\"Accueil\",\"item\":\"https:\/\/www.fprofessionnels.com\/en\/\"},{\"@type\":\"ListItem\",\"position\":2,\"name\":\"About us\",\"item\":\"https:\/\/www.fprofessionnels.com\/en\/about\/\"},{\"@type\":\"ListItem\",\"position\":3,\"name\":\"Scholarships\",\"item\":\"https:\/\/www.fprofessionnels.com\/en\/?page_id=1304\"},{\"@type\":\"ListItem\",\"position\":4,\"name\":\"Scholarships recipients 2015\"}]},{\"@type\":\"WebSite\",\"@id\":\"https:\/\/www.fprofessionnels.com\/en\/#website\",\"url\":\"https:\/\/www.fprofessionnels.com\/en\/\",\"name\":\"fdp Gestion priv\u00e9e\",\"description\":\"Une longueur d\u2019avance dans vos prises de d\u00e9cisions financi\u00e8res\",\"publisher\":{\"@id\":\"https:\/\/www.fprofessionnels.com\/en\/#organization\"},\"potentialAction\":[{\"@type\":\"SearchAction\",\"target\":{\"@type\":\"EntryPoint\",\"urlTemplate\":\"https:\/\/www.fprofessionnels.com\/en\/?s={search_term_string}\"},\"query-input\":{\"@type\":\"PropertyValueSpecification\",\"valueRequired\":true,\"valueName\":\"search_term_string\"}}],\"inLanguage\":\"en-US\"},{\"@type\":\"Organization\",\"@id\":\"https:\/\/www.fprofessionnels.com\/en\/#organization\",\"name\":\"Financi\u00e8re des professionnels\",\"url\":\"https:\/\/www.fprofessionnels.com\/en\/\",\"logo\":{\"@type\":\"ImageObject\",\"inLanguage\":\"en-US\",\"@id\":\"https:\/\/www.fprofessionnels.com\/en\/#\/schema\/logo\/image\/\",\"url\":\"\/wp-content\/uploads\/2016\/06\/logo-fpro.png\",\"contentUrl\":\"\/wp-content\/uploads\/2016\/06\/logo-fpro.png\",\"width\":292,\"height\":184,\"caption\":\"Financi\u00e8re des professionnels\"},\"image\":{\"@id\":\"https:\/\/www.fprofessionnels.com\/en\/#\/schema\/logo\/image\/\"},\"sameAs\":[\"https:\/\/www.facebook.com\/Fprofessionnels\/\",\"https:\/\/x.com\/Fprofessionnels\",\"https:\/\/www.linkedin.com\/company\/financi-re-des-professionnels\"]}]}<\/script>\n<!-- \/ Yoast SEO Premium plugin. -->","yoast_head_json":{"title":"Scholarships recipients 2015 &#8902; fdp Gestion priv\u00e9e","robots":{"index":"index","follow":"follow","max-snippet":"max-snippet:-1","max-image-preview":"max-image-preview:large","max-video-preview":"max-video-preview:-1"},"canonical":"https:\/\/www.fprofessionnels.com\/en\/about\/scholarships\/recipients-2015\/","og_locale":"en_US","og_type":"article","og_title":"Scholarships recipients 2015","og_description":"Universit\u00e9 Laval On November 28, 2015, at the first evening of recognition and excellence of the Faculty of Pharmacy of Universit\u00e9 Laval, Professionals\u2019 Financial was recognized as a member of the Faculty\u2019s Circle of Honour in the Partner category. More than 250 guests attended the ceremony, which was followed by the presentation of scholarships to [...]","og_url":"https:\/\/www.fprofessionnels.com\/en\/about\/scholarships\/recipients-2015\/","og_site_name":"fdp Gestion priv\u00e9e","article_publisher":"https:\/\/www.facebook.com\/Fprofessionnels\/","article_modified_time":"2018-03-27T14:34:59+00:00","og_image":[{"width":220,"height":200,"url":"https:\/\/www.fprofessionnels.com\/wp-content\/uploads\/2018\/03\/Pastille_BourseEtudes.jpg","type":"image\/jpeg"}],"twitter_card":"summary_large_image","twitter_site":"@Fprofessionnels","twitter_misc":{"Est. reading time":"2 minutes"},"schema":{"@context":"https:\/\/schema.org","@graph":[{"@type":"WebPage","@id":"https:\/\/www.fprofessionnels.com\/en\/about\/scholarships\/recipients-2015\/","url":"https:\/\/www.fprofessionnels.com\/en\/about\/scholarships\/recipients-2015\/","name":"Scholarships recipients 2015 &#8902; fdp Gestion priv\u00e9e","isPartOf":{"@id":"https:\/\/www.fprofessionnels.com\/en\/#website"},"primaryImageOfPage":{"@id":"https:\/\/www.fprofessionnels.com\/en\/about\/scholarships\/recipients-2015\/#primaryimage"},"image":{"@id":"https:\/\/www.fprofessionnels.com\/en\/about\/scholarships\/recipients-2015\/#primaryimage"},"thumbnailUrl":"\/wp-content\/uploads\/2018\/03\/Pastille_BourseEtudes.jpg","datePublished":"2016-05-19T19:57:59+00:00","dateModified":"2018-03-27T14:34:59+00:00","breadcrumb":{"@id":"https:\/\/www.fprofessionnels.com\/en\/about\/scholarships\/recipients-2015\/#breadcrumb"},"inLanguage":"en-US","potentialAction":[{"@type":"ReadAction","target":["https:\/\/www.fprofessionnels.com\/en\/about\/scholarships\/recipients-2015\/"]}]},{"@type":"ImageObject","inLanguage":"en-US","@id":"https:\/\/www.fprofessionnels.com\/en\/about\/scholarships\/recipients-2015\/#primaryimage","url":"\/wp-content\/uploads\/2018\/03\/Pastille_BourseEtudes.jpg","contentUrl":"\/wp-content\/uploads\/2018\/03\/Pastille_BourseEtudes.jpg","width":220,"height":200},{"@type":"BreadcrumbList","@id":"https:\/\/www.fprofessionnels.com\/en\/about\/scholarships\/recipients-2015\/#breadcrumb","itemListElement":[{"@type":"ListItem","position":1,"name":"Accueil","item":"https:\/\/www.fprofessionnels.com\/en\/"},{"@type":"ListItem","position":2,"name":"About us","item":"https:\/\/www.fprofessionnels.com\/en\/about\/"},{"@type":"ListItem","position":3,"name":"Scholarships","item":"https:\/\/www.fprofessionnels.com\/en\/?page_id=1304"},{"@type":"ListItem","position":4,"name":"Scholarships recipients 2015"}]},{"@type":"WebSite","@id":"https:\/\/www.fprofessionnels.com\/en\/#website","url":"https:\/\/www.fprofessionnels.com\/en\/","name":"fdp Gestion priv\u00e9e","description":"Une longueur d\u2019avance dans vos prises de d\u00e9cisions financi\u00e8res","publisher":{"@id":"https:\/\/www.fprofessionnels.com\/en\/#organization"},"potentialAction":[{"@type":"SearchAction","target":{"@type":"EntryPoint","urlTemplate":"https:\/\/www.fprofessionnels.com\/en\/?s={search_term_string}"},"query-input":{"@type":"PropertyValueSpecification","valueRequired":true,"valueName":"search_term_string"}}],"inLanguage":"en-US"},{"@type":"Organization","@id":"https:\/\/www.fprofessionnels.com\/en\/#organization","name":"Financi\u00e8re des professionnels","url":"https:\/\/www.fprofessionnels.com\/en\/","logo":{"@type":"ImageObject","inLanguage":"en-US","@id":"https:\/\/www.fprofessionnels.com\/en\/#\/schema\/logo\/image\/","url":"\/wp-content\/uploads\/2016\/06\/logo-fpro.png","contentUrl":"\/wp-content\/uploads\/2016\/06\/logo-fpro.png","width":292,"height":184,"caption":"Financi\u00e8re des professionnels"},"image":{"@id":"https:\/\/www.fprofessionnels.com\/en\/#\/schema\/logo\/image\/"},"sameAs":["https:\/\/www.facebook.com\/Fprofessionnels\/","https:\/\/x.com\/Fprofessionnels","https:\/\/www.linkedin.com\/company\/financi-re-des-professionnels"]}]}},"_links":{"self":[{"href":"https:\/\/www.fprofessionnels.com\/en\/wp-json\/wp\/v2\/pages\/1680","targetHints":{"allow":["GET"]}}],"collection":[{"href":"https:\/\/www.fprofessionnels.com\/en\/wp-json\/wp\/v2\/pages"}],"about":[{"href":"https:\/\/www.fprofessionnels.com\/en\/wp-json\/wp\/v2\/types\/page"}],"author":[{"embeddable":true,"href":"https:\/\/www.fprofessionnels.com\/en\/wp-json\/wp\/v2\/users\/6"}],"replies":[{"embeddable":true,"href":"https:\/\/www.fprofessionnels.com\/en\/wp-json\/wp\/v2\/comments?post=1680"}],"version-history":[{"count":6,"href":"https:\/\/www.fprofessionnels.com\/en\/wp-json\/wp\/v2\/pages\/1680\/revisions"}],"predecessor-version":[{"id":14238,"href":"https:\/\/www.fprofessionnels.com\/en\/wp-json\/wp\/v2\/pages\/1680\/revisions\/14238"}],"up":[{"embeddable":true,"href":"https:\/\/www.fprofessionnels.com\/en\/wp-json\/wp\/v2\/pages\/1304"}],"wp:featuredmedia":[{"embeddable":true,"href":"https:\/\/www.fprofessionnels.com\/en\/wp-json\/wp\/v2\/media\/13992"}],"wp:attachment":[{"href":"https:\/\/www.fprofessionnels.com\/en\/wp-json\/wp\/v2\/media?parent=1680"}],"wp:term":[{"taxonomy":"categorie-de-page","embeddable":true,"href":"https:\/\/www.fprofessionnels.com\/en\/wp-json\/wp\/v2\/categorie-de-page?post=1680"}],"curies":[{"name":"wp","href":"https:\/\/api.w.org\/{rel}","templated":true}]}}