{"id":1712,"date":"2016-05-19T16:47:35","date_gmt":"2016-05-19T20:47:35","guid":{"rendered":"https:\/\/wwwprodaz.fprofessionnels.com\/en\/?page_id=1712"},"modified":"2025-12-10T16:37:09","modified_gmt":"2025-12-10T21:37:09","slug":"fmrq","status":"publish","type":"page","link":"https:\/\/www.fprofessionnels.com\/en\/about\/our-shareholders-partners\/fmrq\/","title":{"rendered":"F\u00e9d\u00e9ration des m\u00e9decins r\u00e9sident\u00b7e\u00b7s du Qu\u00e9bec"},"content":{"rendered":"<p><strong>Partner since 1994<\/strong><\/p>\n<p>The F\u00e9d\u00e9ration des m\u00e9decins r\u00e9sident\u00b7e\u00b7s du Qu\u00e9bec (FMRQ) brings together four associations of medical residents from the Universit\u00e9 de Montr\u00e9al, McGill (Montreal), Sherbrooke and Laval (Quebec City) faculties of medicine. It has some 3,800 members, one quarter of whom will be going into family practice. The others are training for one of 54 other specialties recognized in Qu\u00e9bec.<\/p>\n<p>Postgraduate training in family medicine is a two-year program; for medical specialties, it is a five- or six-year program, depending on the speciality. The FMRQ&#8217;s mission is to study, defend and advance the economic, social, moral and scientific interests of the unions and their members.<\/p>\n<p><strong>For more information<\/strong>: <a href=\"http:\/\/www.fmrq.qc.ca\" target=\"_blank\" rel=\"noopener\">www.fmrq.qc.ca<\/a> \u00a0<\/p>\n","protected":false},"excerpt":{"rendered":"<p>Partner since 1994 The F\u00e9d\u00e9ration des m\u00e9decins r\u00e9sident\u00b7e\u00b7s du Qu\u00e9bec (FMRQ) brings together four associations of medical residents from the Universit\u00e9 de Montr\u00e9al, McGill (Montreal), Sherbrooke and Laval (Quebec City) faculties of medicine. It has some 3,800 members, one quarter of whom will be going into family practice. The others are training for one of <a class=\"read-more\" href=\"https:\/\/www.fprofessionnels.com\/en\/about\/our-shareholders-partners\/fmrq\/\">[&#8230;]<\/a><\/p>\n","protected":false},"author":6,"featured_media":0,"parent":780,"menu_order":1,"comment_status":"closed","ping_status":"closed","template":"","meta":{"_acf_changed":false,"footnotes":"","_links_to":"","_links_to_target":""},"categorie-de-page":[],"class_list":["post-1712","page","type-page","status-publish","hentry"],"acf":[],"yoast_head":"<!-- This site is optimized with the Yoast SEO Premium plugin v26.9 (Yoast SEO v26.9) - https:\/\/yoast.com\/product\/yoast-seo-premium-wordpress\/ -->\n<title>F\u00e9d\u00e9ration des m\u00e9decins r\u00e9sident\u00b7e\u00b7s du Qu\u00e9bec &#8902; fdp Gestion priv\u00e9e<\/title>\n<meta name=\"robots\" content=\"index, follow, max-snippet:-1, max-image-preview:large, max-video-preview:-1\" \/>\n<link rel=\"canonical\" href=\"https:\/\/www.fprofessionnels.com\/en\/about\/our-shareholders-partners\/fmrq\/\" \/>\n<meta property=\"og:locale\" content=\"en_US\" \/>\n<meta property=\"og:type\" content=\"article\" \/>\n<meta property=\"og:title\" content=\"F\u00e9d\u00e9ration des m\u00e9decins r\u00e9sident\u00b7e\u00b7s du Qu\u00e9bec\" \/>\n<meta property=\"og:description\" content=\"Partner since 1994 The F\u00e9d\u00e9ration des m\u00e9decins r\u00e9sident\u00b7e\u00b7s du Qu\u00e9bec (FMRQ) brings together four associations of medical residents from the Universit\u00e9 de Montr\u00e9al, McGill (Montreal), Sherbrooke and Laval (Quebec City) faculties of medicine. It has some 3,800 members, one quarter of whom will be going into family practice. The others are training for one of [...]\" \/>\n<meta property=\"og:url\" content=\"https:\/\/www.fprofessionnels.com\/en\/about\/our-shareholders-partners\/fmrq\/\" \/>\n<meta property=\"og:site_name\" content=\"fdp Gestion priv\u00e9e\" \/>\n<meta property=\"article:publisher\" content=\"https:\/\/www.facebook.com\/Fprofessionnels\/\" \/>\n<meta property=\"article:modified_time\" content=\"2025-12-10T21:37:09+00:00\" \/>\n<meta property=\"og:image\" content=\"https:\/\/www.fprofessionnels.com\/wp-content\/uploads\/2020\/10\/FDP_SiteWeb_FB_Share_D_v08.jpg\" \/>\n\t<meta property=\"og:image:width\" content=\"1200\" \/>\n\t<meta property=\"og:image:height\" content=\"630\" \/>\n\t<meta property=\"og:image:type\" content=\"image\/jpeg\" \/>\n<meta name=\"twitter:card\" content=\"summary_large_image\" \/>\n<meta name=\"twitter:site\" content=\"@Fprofessionnels\" \/>\n<meta name=\"twitter:label1\" content=\"Est. reading time\" \/>\n\t<meta name=\"twitter:data1\" content=\"1 minute\" \/>\n<script type=\"application\/ld+json\" class=\"yoast-schema-graph\">{\"@context\":\"https:\/\/schema.org\",\"@graph\":[{\"@type\":\"WebPage\",\"@id\":\"https:\/\/www.fprofessionnels.com\/en\/about\/our-shareholders-partners\/fmrq\/\",\"url\":\"https:\/\/www.fprofessionnels.com\/en\/about\/our-shareholders-partners\/fmrq\/\",\"name\":\"F\u00e9d\u00e9ration des m\u00e9decins r\u00e9sident\u00b7e\u00b7s du Qu\u00e9bec &#8902; fdp Gestion priv\u00e9e\",\"isPartOf\":{\"@id\":\"https:\/\/www.fprofessionnels.com\/en\/#website\"},\"datePublished\":\"2016-05-19T20:47:35+00:00\",\"dateModified\":\"2025-12-10T21:37:09+00:00\",\"breadcrumb\":{\"@id\":\"https:\/\/www.fprofessionnels.com\/en\/about\/our-shareholders-partners\/fmrq\/#breadcrumb\"},\"inLanguage\":\"en-US\",\"potentialAction\":[{\"@type\":\"ReadAction\",\"target\":[\"https:\/\/www.fprofessionnels.com\/en\/about\/our-shareholders-partners\/fmrq\/\"]}]},{\"@type\":\"BreadcrumbList\",\"@id\":\"https:\/\/www.fprofessionnels.com\/en\/about\/our-shareholders-partners\/fmrq\/#breadcrumb\",\"itemListElement\":[{\"@type\":\"ListItem\",\"position\":1,\"name\":\"Accueil\",\"item\":\"https:\/\/www.fprofessionnels.com\/en\/\"},{\"@type\":\"ListItem\",\"position\":2,\"name\":\"About us\",\"item\":\"https:\/\/www.fprofessionnels.com\/en\/about\/\"},{\"@type\":\"ListItem\",\"position\":3,\"name\":\"Our shareholders and partners\",\"item\":\"https:\/\/www.fprofessionnels.com\/en\/about\/our-shareholders-partners\/\"},{\"@type\":\"ListItem\",\"position\":4,\"name\":\"F\u00e9d\u00e9ration des m\u00e9decins r\u00e9sident\u00b7e\u00b7s du Qu\u00e9bec\"}]},{\"@type\":\"WebSite\",\"@id\":\"https:\/\/www.fprofessionnels.com\/en\/#website\",\"url\":\"https:\/\/www.fprofessionnels.com\/en\/\",\"name\":\"fdp Gestion priv\u00e9e\",\"description\":\"Une longueur d\u2019avance dans vos prises de d\u00e9cisions financi\u00e8res\",\"publisher\":{\"@id\":\"https:\/\/www.fprofessionnels.com\/en\/#organization\"},\"potentialAction\":[{\"@type\":\"SearchAction\",\"target\":{\"@type\":\"EntryPoint\",\"urlTemplate\":\"https:\/\/www.fprofessionnels.com\/en\/?s={search_term_string}\"},\"query-input\":{\"@type\":\"PropertyValueSpecification\",\"valueRequired\":true,\"valueName\":\"search_term_string\"}}],\"inLanguage\":\"en-US\"},{\"@type\":\"Organization\",\"@id\":\"https:\/\/www.fprofessionnels.com\/en\/#organization\",\"name\":\"Financi\u00e8re des professionnels\",\"url\":\"https:\/\/www.fprofessionnels.com\/en\/\",\"logo\":{\"@type\":\"ImageObject\",\"inLanguage\":\"en-US\",\"@id\":\"https:\/\/www.fprofessionnels.com\/en\/#\/schema\/logo\/image\/\",\"url\":\"\/wp-content\/uploads\/2016\/06\/logo-fpro.png\",\"contentUrl\":\"\/wp-content\/uploads\/2016\/06\/logo-fpro.png\",\"width\":292,\"height\":184,\"caption\":\"Financi\u00e8re des professionnels\"},\"image\":{\"@id\":\"https:\/\/www.fprofessionnels.com\/en\/#\/schema\/logo\/image\/\"},\"sameAs\":[\"https:\/\/www.facebook.com\/Fprofessionnels\/\",\"https:\/\/x.com\/Fprofessionnels\",\"https:\/\/www.linkedin.com\/company\/financi-re-des-professionnels\"]}]}<\/script>\n<!-- \/ Yoast SEO Premium plugin. -->","yoast_head_json":{"title":"F\u00e9d\u00e9ration des m\u00e9decins r\u00e9sident\u00b7e\u00b7s du Qu\u00e9bec &#8902; fdp Gestion priv\u00e9e","robots":{"index":"index","follow":"follow","max-snippet":"max-snippet:-1","max-image-preview":"max-image-preview:large","max-video-preview":"max-video-preview:-1"},"canonical":"https:\/\/www.fprofessionnels.com\/en\/about\/our-shareholders-partners\/fmrq\/","og_locale":"en_US","og_type":"article","og_title":"F\u00e9d\u00e9ration des m\u00e9decins r\u00e9sident\u00b7e\u00b7s du Qu\u00e9bec","og_description":"Partner since 1994 The F\u00e9d\u00e9ration des m\u00e9decins r\u00e9sident\u00b7e\u00b7s du Qu\u00e9bec (FMRQ) brings together four associations of medical residents from the Universit\u00e9 de Montr\u00e9al, McGill (Montreal), Sherbrooke and Laval (Quebec City) faculties of medicine. It has some 3,800 members, one quarter of whom will be going into family practice. The others are training for one of [...]","og_url":"https:\/\/www.fprofessionnels.com\/en\/about\/our-shareholders-partners\/fmrq\/","og_site_name":"fdp Gestion priv\u00e9e","article_publisher":"https:\/\/www.facebook.com\/Fprofessionnels\/","article_modified_time":"2025-12-10T21:37:09+00:00","og_image":[{"width":1200,"height":630,"url":"https:\/\/www.fprofessionnels.com\/wp-content\/uploads\/2020\/10\/FDP_SiteWeb_FB_Share_D_v08.jpg","type":"image\/jpeg"}],"twitter_card":"summary_large_image","twitter_site":"@Fprofessionnels","twitter_misc":{"Est. reading time":"1 minute"},"schema":{"@context":"https:\/\/schema.org","@graph":[{"@type":"WebPage","@id":"https:\/\/www.fprofessionnels.com\/en\/about\/our-shareholders-partners\/fmrq\/","url":"https:\/\/www.fprofessionnels.com\/en\/about\/our-shareholders-partners\/fmrq\/","name":"F\u00e9d\u00e9ration des m\u00e9decins r\u00e9sident\u00b7e\u00b7s du Qu\u00e9bec &#8902; fdp Gestion priv\u00e9e","isPartOf":{"@id":"https:\/\/www.fprofessionnels.com\/en\/#website"},"datePublished":"2016-05-19T20:47:35+00:00","dateModified":"2025-12-10T21:37:09+00:00","breadcrumb":{"@id":"https:\/\/www.fprofessionnels.com\/en\/about\/our-shareholders-partners\/fmrq\/#breadcrumb"},"inLanguage":"en-US","potentialAction":[{"@type":"ReadAction","target":["https:\/\/www.fprofessionnels.com\/en\/about\/our-shareholders-partners\/fmrq\/"]}]},{"@type":"BreadcrumbList","@id":"https:\/\/www.fprofessionnels.com\/en\/about\/our-shareholders-partners\/fmrq\/#breadcrumb","itemListElement":[{"@type":"ListItem","position":1,"name":"Accueil","item":"https:\/\/www.fprofessionnels.com\/en\/"},{"@type":"ListItem","position":2,"name":"About us","item":"https:\/\/www.fprofessionnels.com\/en\/about\/"},{"@type":"ListItem","position":3,"name":"Our shareholders and partners","item":"https:\/\/www.fprofessionnels.com\/en\/about\/our-shareholders-partners\/"},{"@type":"ListItem","position":4,"name":"F\u00e9d\u00e9ration des m\u00e9decins r\u00e9sident\u00b7e\u00b7s du Qu\u00e9bec"}]},{"@type":"WebSite","@id":"https:\/\/www.fprofessionnels.com\/en\/#website","url":"https:\/\/www.fprofessionnels.com\/en\/","name":"fdp Gestion priv\u00e9e","description":"Une longueur d\u2019avance dans vos prises de d\u00e9cisions financi\u00e8res","publisher":{"@id":"https:\/\/www.fprofessionnels.com\/en\/#organization"},"potentialAction":[{"@type":"SearchAction","target":{"@type":"EntryPoint","urlTemplate":"https:\/\/www.fprofessionnels.com\/en\/?s={search_term_string}"},"query-input":{"@type":"PropertyValueSpecification","valueRequired":true,"valueName":"search_term_string"}}],"inLanguage":"en-US"},{"@type":"Organization","@id":"https:\/\/www.fprofessionnels.com\/en\/#organization","name":"Financi\u00e8re des professionnels","url":"https:\/\/www.fprofessionnels.com\/en\/","logo":{"@type":"ImageObject","inLanguage":"en-US","@id":"https:\/\/www.fprofessionnels.com\/en\/#\/schema\/logo\/image\/","url":"\/wp-content\/uploads\/2016\/06\/logo-fpro.png","contentUrl":"\/wp-content\/uploads\/2016\/06\/logo-fpro.png","width":292,"height":184,"caption":"Financi\u00e8re des professionnels"},"image":{"@id":"https:\/\/www.fprofessionnels.com\/en\/#\/schema\/logo\/image\/"},"sameAs":["https:\/\/www.facebook.com\/Fprofessionnels\/","https:\/\/x.com\/Fprofessionnels","https:\/\/www.linkedin.com\/company\/financi-re-des-professionnels"]}]}},"_links":{"self":[{"href":"https:\/\/www.fprofessionnels.com\/en\/wp-json\/wp\/v2\/pages\/1712","targetHints":{"allow":["GET"]}}],"collection":[{"href":"https:\/\/www.fprofessionnels.com\/en\/wp-json\/wp\/v2\/pages"}],"about":[{"href":"https:\/\/www.fprofessionnels.com\/en\/wp-json\/wp\/v2\/types\/page"}],"author":[{"embeddable":true,"href":"https:\/\/www.fprofessionnels.com\/en\/wp-json\/wp\/v2\/users\/6"}],"replies":[{"embeddable":true,"href":"https:\/\/www.fprofessionnels.com\/en\/wp-json\/wp\/v2\/comments?post=1712"}],"version-history":[{"count":6,"href":"https:\/\/www.fprofessionnels.com\/en\/wp-json\/wp\/v2\/pages\/1712\/revisions"}],"predecessor-version":[{"id":58287,"href":"https:\/\/www.fprofessionnels.com\/en\/wp-json\/wp\/v2\/pages\/1712\/revisions\/58287"}],"up":[{"embeddable":true,"href":"https:\/\/www.fprofessionnels.com\/en\/wp-json\/wp\/v2\/pages\/780"}],"wp:attachment":[{"href":"https:\/\/www.fprofessionnels.com\/en\/wp-json\/wp\/v2\/media?parent=1712"}],"wp:term":[{"taxonomy":"categorie-de-page","embeddable":true,"href":"https:\/\/www.fprofessionnels.com\/en\/wp-json\/wp\/v2\/categorie-de-page?post=1712"}],"curies":[{"name":"wp","href":"https:\/\/api.w.org\/{rel}","templated":true}]}}