{"id":1721,"date":"2016-05-19T16:57:34","date_gmt":"2016-05-19T20:57:34","guid":{"rendered":"https:\/\/wwwprodaz.fprofessionnels.com\/en\/?page_id=1721"},"modified":"2025-12-09T14:00:19","modified_gmt":"2025-12-09T19:00:19","slug":"sogedent-assurances","status":"publish","type":"page","link":"https:\/\/www.fprofessionnels.com\/en\/about\/our-shareholders-partners\/sogedent-assurances\/","title":{"rendered":"Sogedent Assurances"},"content":{"rendered":"<p><strong>Business partner since 1978<\/strong><\/p>\n<p>A subsidiary of the Association des chirurgiens dentistes du Qu\u00e9bec, Sogedent Assurance has been supporting dentists since 1980. Its professionals, certified by the Autorit\u00e9 des march\u00e9s financiers (AMF &#8211; Financial Market Authority), offer personal and damage insurance products designed exclusively for Quebec dentists.<\/p>\n<p>Sogedent Assurances covers individual and professional insurance needs (life insurance, disability income protection, critical illness, etc.) and property (automobile insurance, residential insurance, dental office package, etc.). Sogedent Assurances is managed by a team of experienced financial security advisors and damage insurance brokers.<\/p>\n<p><strong>For more information<\/strong> : <a href=\"http:\/\/www.sogedent.qc.ca\" target=\"_blank\" rel=\"noopener\">www.sogedent.qc.ca<\/a><\/p>\n","protected":false},"excerpt":{"rendered":"<p>Business partner since 1978 A subsidiary of the Association des chirurgiens dentistes du Qu\u00e9bec, Sogedent Assurance has been supporting dentists since 1980. Its professionals, certified by the Autorit\u00e9 des march\u00e9s financiers (AMF &#8211; Financial Market Authority), offer personal and damage insurance products designed exclusively for Quebec dentists. Sogedent Assurances covers individual and professional insurance needs <a class=\"read-more\" href=\"https:\/\/www.fprofessionnels.com\/en\/about\/our-shareholders-partners\/sogedent-assurances\/\">[&#8230;]<\/a><\/p>\n","protected":false},"author":6,"featured_media":0,"parent":780,"menu_order":9,"comment_status":"closed","ping_status":"closed","template":"","meta":{"_acf_changed":false,"footnotes":"","_links_to":"","_links_to_target":""},"categorie-de-page":[],"class_list":["post-1721","page","type-page","status-publish","hentry"],"acf":[],"yoast_head":"<!-- This site is optimized with the Yoast SEO Premium plugin v26.9 (Yoast SEO v26.9) - https:\/\/yoast.com\/product\/yoast-seo-premium-wordpress\/ -->\n<title>Sogedent Assurances &#8902; fdp Gestion priv\u00e9e<\/title>\n<meta name=\"robots\" content=\"index, follow, max-snippet:-1, max-image-preview:large, max-video-preview:-1\" \/>\n<link rel=\"canonical\" href=\"https:\/\/www.fprofessionnels.com\/en\/about\/our-shareholders-partners\/sogedent-assurances\/\" \/>\n<meta property=\"og:locale\" content=\"en_US\" \/>\n<meta property=\"og:type\" content=\"article\" \/>\n<meta property=\"og:title\" content=\"Sogedent Assurances\" \/>\n<meta property=\"og:description\" content=\"Business partner since 1978 A subsidiary of the Association des chirurgiens dentistes du Qu\u00e9bec, Sogedent Assurance has been supporting dentists since 1980. Its professionals, certified by the Autorit\u00e9 des march\u00e9s financiers (AMF &#8211; Financial Market Authority), offer personal and damage insurance products designed exclusively for Quebec dentists. Sogedent Assurances covers individual and professional insurance needs [...]\" \/>\n<meta property=\"og:url\" content=\"https:\/\/www.fprofessionnels.com\/en\/about\/our-shareholders-partners\/sogedent-assurances\/\" \/>\n<meta property=\"og:site_name\" content=\"fdp Gestion priv\u00e9e\" \/>\n<meta property=\"article:publisher\" content=\"https:\/\/www.facebook.com\/Fprofessionnels\/\" \/>\n<meta property=\"article:modified_time\" content=\"2025-12-09T19:00:19+00:00\" \/>\n<meta property=\"og:image\" content=\"https:\/\/www.fprofessionnels.com\/wp-content\/uploads\/2020\/10\/FDP_SiteWeb_FB_Share_D_v08.jpg\" \/>\n\t<meta property=\"og:image:width\" content=\"1200\" \/>\n\t<meta property=\"og:image:height\" content=\"630\" \/>\n\t<meta property=\"og:image:type\" content=\"image\/jpeg\" \/>\n<meta name=\"twitter:card\" content=\"summary_large_image\" \/>\n<meta name=\"twitter:site\" content=\"@Fprofessionnels\" \/>\n<meta name=\"twitter:label1\" content=\"Est. reading time\" \/>\n\t<meta name=\"twitter:data1\" content=\"1 minute\" \/>\n<script type=\"application\/ld+json\" class=\"yoast-schema-graph\">{\"@context\":\"https:\/\/schema.org\",\"@graph\":[{\"@type\":\"WebPage\",\"@id\":\"https:\/\/www.fprofessionnels.com\/en\/about\/our-shareholders-partners\/sogedent-assurances\/\",\"url\":\"https:\/\/www.fprofessionnels.com\/en\/about\/our-shareholders-partners\/sogedent-assurances\/\",\"name\":\"Sogedent Assurances &#8902; fdp Gestion priv\u00e9e\",\"isPartOf\":{\"@id\":\"https:\/\/www.fprofessionnels.com\/en\/#website\"},\"datePublished\":\"2016-05-19T20:57:34+00:00\",\"dateModified\":\"2025-12-09T19:00:19+00:00\",\"breadcrumb\":{\"@id\":\"https:\/\/www.fprofessionnels.com\/en\/about\/our-shareholders-partners\/sogedent-assurances\/#breadcrumb\"},\"inLanguage\":\"en-US\",\"potentialAction\":[{\"@type\":\"ReadAction\",\"target\":[\"https:\/\/www.fprofessionnels.com\/en\/about\/our-shareholders-partners\/sogedent-assurances\/\"]}]},{\"@type\":\"BreadcrumbList\",\"@id\":\"https:\/\/www.fprofessionnels.com\/en\/about\/our-shareholders-partners\/sogedent-assurances\/#breadcrumb\",\"itemListElement\":[{\"@type\":\"ListItem\",\"position\":1,\"name\":\"Accueil\",\"item\":\"https:\/\/www.fprofessionnels.com\/en\/\"},{\"@type\":\"ListItem\",\"position\":2,\"name\":\"About us\",\"item\":\"https:\/\/www.fprofessionnels.com\/en\/about\/\"},{\"@type\":\"ListItem\",\"position\":3,\"name\":\"Our shareholders and partners\",\"item\":\"https:\/\/www.fprofessionnels.com\/en\/about\/our-shareholders-partners\/\"},{\"@type\":\"ListItem\",\"position\":4,\"name\":\"Sogedent Assurances\"}]},{\"@type\":\"WebSite\",\"@id\":\"https:\/\/www.fprofessionnels.com\/en\/#website\",\"url\":\"https:\/\/www.fprofessionnels.com\/en\/\",\"name\":\"fdp Gestion priv\u00e9e\",\"description\":\"Une longueur d\u2019avance dans vos prises de d\u00e9cisions financi\u00e8res\",\"publisher\":{\"@id\":\"https:\/\/www.fprofessionnels.com\/en\/#organization\"},\"potentialAction\":[{\"@type\":\"SearchAction\",\"target\":{\"@type\":\"EntryPoint\",\"urlTemplate\":\"https:\/\/www.fprofessionnels.com\/en\/?s={search_term_string}\"},\"query-input\":{\"@type\":\"PropertyValueSpecification\",\"valueRequired\":true,\"valueName\":\"search_term_string\"}}],\"inLanguage\":\"en-US\"},{\"@type\":\"Organization\",\"@id\":\"https:\/\/www.fprofessionnels.com\/en\/#organization\",\"name\":\"Financi\u00e8re des professionnels\",\"url\":\"https:\/\/www.fprofessionnels.com\/en\/\",\"logo\":{\"@type\":\"ImageObject\",\"inLanguage\":\"en-US\",\"@id\":\"https:\/\/www.fprofessionnels.com\/en\/#\/schema\/logo\/image\/\",\"url\":\"\/wp-content\/uploads\/2016\/06\/logo-fpro.png\",\"contentUrl\":\"\/wp-content\/uploads\/2016\/06\/logo-fpro.png\",\"width\":292,\"height\":184,\"caption\":\"Financi\u00e8re des professionnels\"},\"image\":{\"@id\":\"https:\/\/www.fprofessionnels.com\/en\/#\/schema\/logo\/image\/\"},\"sameAs\":[\"https:\/\/www.facebook.com\/Fprofessionnels\/\",\"https:\/\/x.com\/Fprofessionnels\",\"https:\/\/www.linkedin.com\/company\/financi-re-des-professionnels\"]}]}<\/script>\n<!-- \/ Yoast SEO Premium plugin. -->","yoast_head_json":{"title":"Sogedent Assurances &#8902; fdp Gestion priv\u00e9e","robots":{"index":"index","follow":"follow","max-snippet":"max-snippet:-1","max-image-preview":"max-image-preview:large","max-video-preview":"max-video-preview:-1"},"canonical":"https:\/\/www.fprofessionnels.com\/en\/about\/our-shareholders-partners\/sogedent-assurances\/","og_locale":"en_US","og_type":"article","og_title":"Sogedent Assurances","og_description":"Business partner since 1978 A subsidiary of the Association des chirurgiens dentistes du Qu\u00e9bec, Sogedent Assurance has been supporting dentists since 1980. Its professionals, certified by the Autorit\u00e9 des march\u00e9s financiers (AMF &#8211; Financial Market Authority), offer personal and damage insurance products designed exclusively for Quebec dentists. Sogedent Assurances covers individual and professional insurance needs [...]","og_url":"https:\/\/www.fprofessionnels.com\/en\/about\/our-shareholders-partners\/sogedent-assurances\/","og_site_name":"fdp Gestion priv\u00e9e","article_publisher":"https:\/\/www.facebook.com\/Fprofessionnels\/","article_modified_time":"2025-12-09T19:00:19+00:00","og_image":[{"width":1200,"height":630,"url":"https:\/\/www.fprofessionnels.com\/wp-content\/uploads\/2020\/10\/FDP_SiteWeb_FB_Share_D_v08.jpg","type":"image\/jpeg"}],"twitter_card":"summary_large_image","twitter_site":"@Fprofessionnels","twitter_misc":{"Est. reading time":"1 minute"},"schema":{"@context":"https:\/\/schema.org","@graph":[{"@type":"WebPage","@id":"https:\/\/www.fprofessionnels.com\/en\/about\/our-shareholders-partners\/sogedent-assurances\/","url":"https:\/\/www.fprofessionnels.com\/en\/about\/our-shareholders-partners\/sogedent-assurances\/","name":"Sogedent Assurances &#8902; fdp Gestion priv\u00e9e","isPartOf":{"@id":"https:\/\/www.fprofessionnels.com\/en\/#website"},"datePublished":"2016-05-19T20:57:34+00:00","dateModified":"2025-12-09T19:00:19+00:00","breadcrumb":{"@id":"https:\/\/www.fprofessionnels.com\/en\/about\/our-shareholders-partners\/sogedent-assurances\/#breadcrumb"},"inLanguage":"en-US","potentialAction":[{"@type":"ReadAction","target":["https:\/\/www.fprofessionnels.com\/en\/about\/our-shareholders-partners\/sogedent-assurances\/"]}]},{"@type":"BreadcrumbList","@id":"https:\/\/www.fprofessionnels.com\/en\/about\/our-shareholders-partners\/sogedent-assurances\/#breadcrumb","itemListElement":[{"@type":"ListItem","position":1,"name":"Accueil","item":"https:\/\/www.fprofessionnels.com\/en\/"},{"@type":"ListItem","position":2,"name":"About us","item":"https:\/\/www.fprofessionnels.com\/en\/about\/"},{"@type":"ListItem","position":3,"name":"Our shareholders and partners","item":"https:\/\/www.fprofessionnels.com\/en\/about\/our-shareholders-partners\/"},{"@type":"ListItem","position":4,"name":"Sogedent Assurances"}]},{"@type":"WebSite","@id":"https:\/\/www.fprofessionnels.com\/en\/#website","url":"https:\/\/www.fprofessionnels.com\/en\/","name":"fdp Gestion priv\u00e9e","description":"Une longueur d\u2019avance dans vos prises de d\u00e9cisions financi\u00e8res","publisher":{"@id":"https:\/\/www.fprofessionnels.com\/en\/#organization"},"potentialAction":[{"@type":"SearchAction","target":{"@type":"EntryPoint","urlTemplate":"https:\/\/www.fprofessionnels.com\/en\/?s={search_term_string}"},"query-input":{"@type":"PropertyValueSpecification","valueRequired":true,"valueName":"search_term_string"}}],"inLanguage":"en-US"},{"@type":"Organization","@id":"https:\/\/www.fprofessionnels.com\/en\/#organization","name":"Financi\u00e8re des professionnels","url":"https:\/\/www.fprofessionnels.com\/en\/","logo":{"@type":"ImageObject","inLanguage":"en-US","@id":"https:\/\/www.fprofessionnels.com\/en\/#\/schema\/logo\/image\/","url":"\/wp-content\/uploads\/2016\/06\/logo-fpro.png","contentUrl":"\/wp-content\/uploads\/2016\/06\/logo-fpro.png","width":292,"height":184,"caption":"Financi\u00e8re des professionnels"},"image":{"@id":"https:\/\/www.fprofessionnels.com\/en\/#\/schema\/logo\/image\/"},"sameAs":["https:\/\/www.facebook.com\/Fprofessionnels\/","https:\/\/x.com\/Fprofessionnels","https:\/\/www.linkedin.com\/company\/financi-re-des-professionnels"]}]}},"_links":{"self":[{"href":"https:\/\/www.fprofessionnels.com\/en\/wp-json\/wp\/v2\/pages\/1721","targetHints":{"allow":["GET"]}}],"collection":[{"href":"https:\/\/www.fprofessionnels.com\/en\/wp-json\/wp\/v2\/pages"}],"about":[{"href":"https:\/\/www.fprofessionnels.com\/en\/wp-json\/wp\/v2\/types\/page"}],"author":[{"embeddable":true,"href":"https:\/\/www.fprofessionnels.com\/en\/wp-json\/wp\/v2\/users\/6"}],"replies":[{"embeddable":true,"href":"https:\/\/www.fprofessionnels.com\/en\/wp-json\/wp\/v2\/comments?post=1721"}],"version-history":[{"count":4,"href":"https:\/\/www.fprofessionnels.com\/en\/wp-json\/wp\/v2\/pages\/1721\/revisions"}],"predecessor-version":[{"id":58199,"href":"https:\/\/www.fprofessionnels.com\/en\/wp-json\/wp\/v2\/pages\/1721\/revisions\/58199"}],"up":[{"embeddable":true,"href":"https:\/\/www.fprofessionnels.com\/en\/wp-json\/wp\/v2\/pages\/780"}],"wp:attachment":[{"href":"https:\/\/www.fprofessionnels.com\/en\/wp-json\/wp\/v2\/media?parent=1721"}],"wp:term":[{"taxonomy":"categorie-de-page","embeddable":true,"href":"https:\/\/www.fprofessionnels.com\/en\/wp-json\/wp\/v2\/categorie-de-page?post=1721"}],"curies":[{"name":"wp","href":"https:\/\/api.w.org\/{rel}","templated":true}]}}