{"id":31478,"date":"2020-11-02T14:54:05","date_gmt":"2020-11-02T19:54:05","guid":{"rendered":"https:\/\/wwwprodaz.fprofessionnels.com\/?page_id=31478"},"modified":"2021-09-07T14:29:03","modified_gmt":"2021-09-07T18:29:03","slug":"john-parisella","status":"publish","type":"page","link":"https:\/\/www.fprofessionnels.com\/en\/john-parisella\/","title":{"rendered":"John Parisella"},"content":{"rendered":"<p><img loading=\"lazy\" decoding=\"async\" class=\"size-full wp-image-31471 alignleft content-img\" src=\"\/wp-content\/uploads\/2020\/11\/John-Parisella.png\" alt=\"\" width=\"346\" height=\"508\" srcset=\"\/wp-content\/uploads\/2020\/11\/John-Parisella.png 346w, \/wp-content\/uploads\/2020\/11\/John-Parisella-204x300.png 204w\" sizes=\"auto, (max-width: 346px) 100vw, 346px\" \/><\/p>\n<p>A graduate of McGill University in Political Science, Education and Management and Concordia University in Political Science, John Parisella holds a Certificate in Senior Management of Public Agencies from the John F. Kennedy School of Government at Harvard University..<\/p>\n<p>In 1980, Mr. Parisella joined the Quebec Liberal Party (QLP) as Regional Coordinator. From 1986 to 1994, he served successively as Executive Director of the QLP, Deputy Chief of Staff and Chief of Staff to Premiers Robert Bourassa and Daniel Johnson..<\/p>\n<p>In 2009, Mr. Parisella became Qu\u00e9bec&#8217;s Delegate General in New York, the most important position representing Qu\u00e9bec in the United States. In this capacity, he represents Qu\u00e9bec in eight American states.<\/p>\n<p>John Parisella is considered by his peers as a reference in American politics and he is constantly solicited for his analyses on the subject. In 2004, he published Elections made in USA, which deals with the functioning of the American electoral system and the main issues of the presidential campaign of the same year. The book was republished for the 2008 campaign.<\/p>\n<p>Currently, Mr. Parisella sits on several boards of directors such as the Port of Montreal. Mr. Parisella was appointed Member of the Order of Canada in 2017, Officer of the National Order of Quebec in 2016.<\/p>\n","protected":false},"excerpt":{"rendered":"<p>A graduate of McGill University in Political Science, Education and Management and Concordia University in Political Science, John Parisella holds a Certificate in Senior Management of Public Agencies from the John F. Kennedy School of Government at Harvard University.. In 1980, Mr. Parisella joined the Quebec Liberal Party (QLP) as Regional Coordinator. From 1986 to <a class=\"read-more\" href=\"https:\/\/www.fprofessionnels.com\/en\/john-parisella\/\">[&#8230;]<\/a><\/p>\n","protected":false},"author":5,"featured_media":0,"parent":0,"menu_order":0,"comment_status":"closed","ping_status":"closed","template":"","meta":{"_acf_changed":false,"footnotes":"","_links_to":"","_links_to_target":""},"categorie-de-page":[],"class_list":["post-31478","page","type-page","status-publish","hentry"],"acf":[],"yoast_head":"<!-- This site is optimized with the Yoast SEO Premium plugin v26.9 (Yoast SEO v26.9) - https:\/\/yoast.com\/product\/yoast-seo-premium-wordpress\/ -->\n<title>John Parisella<\/title>\n<meta name=\"description\" content=\"John Parisella is considered by his peers as a reference in American politics and he is constantly solicited for his analyses on the subject.\" \/>\n<meta name=\"robots\" content=\"index, follow, max-snippet:-1, max-image-preview:large, max-video-preview:-1\" \/>\n<link rel=\"canonical\" href=\"https:\/\/www.fprofessionnels.com\/en\/john-parisella\/\" \/>\n<meta property=\"og:locale\" content=\"en_US\" \/>\n<meta property=\"og:type\" content=\"article\" \/>\n<meta property=\"og:title\" content=\"John Parisella\" \/>\n<meta property=\"og:description\" content=\"John Parisella is considered by his peers as a reference in American politics and he is constantly solicited for his analyses on the subject.\" \/>\n<meta property=\"og:url\" content=\"https:\/\/www.fprofessionnels.com\/en\/john-parisella\/\" \/>\n<meta property=\"og:site_name\" content=\"fdp Gestion priv\u00e9e\" \/>\n<meta property=\"article:publisher\" content=\"https:\/\/www.facebook.com\/Fprofessionnels\/\" \/>\n<meta property=\"article:modified_time\" content=\"2021-09-07T18:29:03+00:00\" \/>\n<meta property=\"og:image\" content=\"https:\/\/www.fprofessionnels.com\/wp-content\/uploads\/2020\/10\/FDP_SiteWeb_FB_Share_D_v08.jpg\" \/>\n\t<meta property=\"og:image:width\" content=\"1200\" \/>\n\t<meta property=\"og:image:height\" content=\"630\" \/>\n\t<meta property=\"og:image:type\" content=\"image\/jpeg\" \/>\n<meta name=\"twitter:card\" content=\"summary_large_image\" \/>\n<meta name=\"twitter:site\" content=\"@Fprofessionnels\" \/>\n<meta name=\"twitter:label1\" content=\"Est. reading time\" \/>\n\t<meta name=\"twitter:data1\" content=\"1 minute\" \/>\n<script type=\"application\/ld+json\" class=\"yoast-schema-graph\">{\"@context\":\"https:\/\/schema.org\",\"@graph\":[{\"@type\":\"WebPage\",\"@id\":\"https:\/\/www.fprofessionnels.com\/en\/john-parisella\/\",\"url\":\"https:\/\/www.fprofessionnels.com\/en\/john-parisella\/\",\"name\":\"John Parisella\",\"isPartOf\":{\"@id\":\"https:\/\/www.fprofessionnels.com\/en\/#website\"},\"datePublished\":\"2020-11-02T19:54:05+00:00\",\"dateModified\":\"2021-09-07T18:29:03+00:00\",\"description\":\"John Parisella is considered by his peers as a reference in American politics and he is constantly solicited for his analyses on the subject.\",\"breadcrumb\":{\"@id\":\"https:\/\/www.fprofessionnels.com\/en\/john-parisella\/#breadcrumb\"},\"inLanguage\":\"en-US\",\"potentialAction\":[{\"@type\":\"ReadAction\",\"target\":[\"https:\/\/www.fprofessionnels.com\/en\/john-parisella\/\"]}]},{\"@type\":\"BreadcrumbList\",\"@id\":\"https:\/\/www.fprofessionnels.com\/en\/john-parisella\/#breadcrumb\",\"itemListElement\":[{\"@type\":\"ListItem\",\"position\":1,\"name\":\"Accueil\",\"item\":\"https:\/\/www.fprofessionnels.com\/en\/\"},{\"@type\":\"ListItem\",\"position\":2,\"name\":\"John Parisella\"}]},{\"@type\":\"WebSite\",\"@id\":\"https:\/\/www.fprofessionnels.com\/en\/#website\",\"url\":\"https:\/\/www.fprofessionnels.com\/en\/\",\"name\":\"fdp Gestion priv\u00e9e\",\"description\":\"Une longueur d\u2019avance dans vos prises de d\u00e9cisions financi\u00e8res\",\"publisher\":{\"@id\":\"https:\/\/www.fprofessionnels.com\/en\/#organization\"},\"potentialAction\":[{\"@type\":\"SearchAction\",\"target\":{\"@type\":\"EntryPoint\",\"urlTemplate\":\"https:\/\/www.fprofessionnels.com\/en\/?s={search_term_string}\"},\"query-input\":{\"@type\":\"PropertyValueSpecification\",\"valueRequired\":true,\"valueName\":\"search_term_string\"}}],\"inLanguage\":\"en-US\"},{\"@type\":\"Organization\",\"@id\":\"https:\/\/www.fprofessionnels.com\/en\/#organization\",\"name\":\"Financi\u00e8re des professionnels\",\"url\":\"https:\/\/www.fprofessionnels.com\/en\/\",\"logo\":{\"@type\":\"ImageObject\",\"inLanguage\":\"en-US\",\"@id\":\"https:\/\/www.fprofessionnels.com\/en\/#\/schema\/logo\/image\/\",\"url\":\"\/wp-content\/uploads\/2016\/06\/logo-fpro.png\",\"contentUrl\":\"\/wp-content\/uploads\/2016\/06\/logo-fpro.png\",\"width\":292,\"height\":184,\"caption\":\"Financi\u00e8re des professionnels\"},\"image\":{\"@id\":\"https:\/\/www.fprofessionnels.com\/en\/#\/schema\/logo\/image\/\"},\"sameAs\":[\"https:\/\/www.facebook.com\/Fprofessionnels\/\",\"https:\/\/x.com\/Fprofessionnels\",\"https:\/\/www.linkedin.com\/company\/financi-re-des-professionnels\"]}]}<\/script>\n<!-- \/ Yoast SEO Premium plugin. -->","yoast_head_json":{"title":"John Parisella","description":"John Parisella is considered by his peers as a reference in American politics and he is constantly solicited for his analyses on the subject.","robots":{"index":"index","follow":"follow","max-snippet":"max-snippet:-1","max-image-preview":"max-image-preview:large","max-video-preview":"max-video-preview:-1"},"canonical":"https:\/\/www.fprofessionnels.com\/en\/john-parisella\/","og_locale":"en_US","og_type":"article","og_title":"John Parisella","og_description":"John Parisella is considered by his peers as a reference in American politics and he is constantly solicited for his analyses on the subject.","og_url":"https:\/\/www.fprofessionnels.com\/en\/john-parisella\/","og_site_name":"fdp Gestion priv\u00e9e","article_publisher":"https:\/\/www.facebook.com\/Fprofessionnels\/","article_modified_time":"2021-09-07T18:29:03+00:00","og_image":[{"width":1200,"height":630,"url":"https:\/\/www.fprofessionnels.com\/wp-content\/uploads\/2020\/10\/FDP_SiteWeb_FB_Share_D_v08.jpg","type":"image\/jpeg"}],"twitter_card":"summary_large_image","twitter_site":"@Fprofessionnels","twitter_misc":{"Est. reading time":"1 minute"},"schema":{"@context":"https:\/\/schema.org","@graph":[{"@type":"WebPage","@id":"https:\/\/www.fprofessionnels.com\/en\/john-parisella\/","url":"https:\/\/www.fprofessionnels.com\/en\/john-parisella\/","name":"John Parisella","isPartOf":{"@id":"https:\/\/www.fprofessionnels.com\/en\/#website"},"datePublished":"2020-11-02T19:54:05+00:00","dateModified":"2021-09-07T18:29:03+00:00","description":"John Parisella is considered by his peers as a reference in American politics and he is constantly solicited for his analyses on the subject.","breadcrumb":{"@id":"https:\/\/www.fprofessionnels.com\/en\/john-parisella\/#breadcrumb"},"inLanguage":"en-US","potentialAction":[{"@type":"ReadAction","target":["https:\/\/www.fprofessionnels.com\/en\/john-parisella\/"]}]},{"@type":"BreadcrumbList","@id":"https:\/\/www.fprofessionnels.com\/en\/john-parisella\/#breadcrumb","itemListElement":[{"@type":"ListItem","position":1,"name":"Accueil","item":"https:\/\/www.fprofessionnels.com\/en\/"},{"@type":"ListItem","position":2,"name":"John Parisella"}]},{"@type":"WebSite","@id":"https:\/\/www.fprofessionnels.com\/en\/#website","url":"https:\/\/www.fprofessionnels.com\/en\/","name":"fdp Gestion priv\u00e9e","description":"Une longueur d\u2019avance dans vos prises de d\u00e9cisions financi\u00e8res","publisher":{"@id":"https:\/\/www.fprofessionnels.com\/en\/#organization"},"potentialAction":[{"@type":"SearchAction","target":{"@type":"EntryPoint","urlTemplate":"https:\/\/www.fprofessionnels.com\/en\/?s={search_term_string}"},"query-input":{"@type":"PropertyValueSpecification","valueRequired":true,"valueName":"search_term_string"}}],"inLanguage":"en-US"},{"@type":"Organization","@id":"https:\/\/www.fprofessionnels.com\/en\/#organization","name":"Financi\u00e8re des professionnels","url":"https:\/\/www.fprofessionnels.com\/en\/","logo":{"@type":"ImageObject","inLanguage":"en-US","@id":"https:\/\/www.fprofessionnels.com\/en\/#\/schema\/logo\/image\/","url":"\/wp-content\/uploads\/2016\/06\/logo-fpro.png","contentUrl":"\/wp-content\/uploads\/2016\/06\/logo-fpro.png","width":292,"height":184,"caption":"Financi\u00e8re des professionnels"},"image":{"@id":"https:\/\/www.fprofessionnels.com\/en\/#\/schema\/logo\/image\/"},"sameAs":["https:\/\/www.facebook.com\/Fprofessionnels\/","https:\/\/x.com\/Fprofessionnels","https:\/\/www.linkedin.com\/company\/financi-re-des-professionnels"]}]}},"_links":{"self":[{"href":"https:\/\/www.fprofessionnels.com\/en\/wp-json\/wp\/v2\/pages\/31478","targetHints":{"allow":["GET"]}}],"collection":[{"href":"https:\/\/www.fprofessionnels.com\/en\/wp-json\/wp\/v2\/pages"}],"about":[{"href":"https:\/\/www.fprofessionnels.com\/en\/wp-json\/wp\/v2\/types\/page"}],"author":[{"embeddable":true,"href":"https:\/\/www.fprofessionnels.com\/en\/wp-json\/wp\/v2\/users\/5"}],"replies":[{"embeddable":true,"href":"https:\/\/www.fprofessionnels.com\/en\/wp-json\/wp\/v2\/comments?post=31478"}],"version-history":[{"count":4,"href":"https:\/\/www.fprofessionnels.com\/en\/wp-json\/wp\/v2\/pages\/31478\/revisions"}],"predecessor-version":[{"id":36122,"href":"https:\/\/www.fprofessionnels.com\/en\/wp-json\/wp\/v2\/pages\/31478\/revisions\/36122"}],"wp:attachment":[{"href":"https:\/\/www.fprofessionnels.com\/en\/wp-json\/wp\/v2\/media?parent=31478"}],"wp:term":[{"taxonomy":"categorie-de-page","embeddable":true,"href":"https:\/\/www.fprofessionnels.com\/en\/wp-json\/wp\/v2\/categorie-de-page?post=31478"}],"curies":[{"name":"wp","href":"https:\/\/api.w.org\/{rel}","templated":true}]}}