{"id":34653,"date":"2021-05-07T14:58:18","date_gmt":"2021-05-07T18:58:18","guid":{"rendered":"https:\/\/wwwprodaz.fprofessionnels.com\/?page_id=34653"},"modified":"2025-09-16T14:30:25","modified_gmt":"2025-09-16T18:30:25","slug":"portefeuille-perspective","status":"publish","type":"page","link":"https:\/\/www.fprofessionnels.com\/en\/portefeuille-perspective\/","title":{"rendered":"fdp Perspective Private Portfolio"},"content":{"rendered":"<p><style>.flex-container{display:flex;flex-wrap:wrap;margin-bottom:0px;margin-top:0px;background-color:#FFFFFF;}.flex-item-left{flex:40%;padding:4px;margin-right:10px;background-color:#ffffff;}.flex-item-right{flex:40%;padding:4px;margin-right:10px;background-color:#ffffff;}#mobile-video{margin-top:-40px;margin-bottom:-40px;}@media (max-width: 800px){.flex-item-right,.flex-item-left{flex:100%;}div#mobile-video{margin-top:-180px;margin-bottom:-180px;}.vp-center{z-index: -3000;}}<\/style>\n<\/p>\n<p><!--<\/p>\n\n\n\n\n<div id=\"mobile-video\" style=\"position: relative; margin-top:0px;margin-bottom:0px;\"><span data-mce-type=\"bookmark\" style=\"display: inline-block; width: 0px; overflow: hidden; line-height: 0;\" class=\"mce_SELRES_start\"><\/span><iframe loading=\"lazy\" title=\"AOGQ - &amp;Agrave; changer\" src=\"\/\/player.vimeo.com\/video\/717517934?h=696c80efb9\" width=\"100%\" height=\"600\" frameborder=\"0\" allowfullscreen=\"allowfullscreen\"><\/iframe><\/div>\n\n\n\n\n<p>--><\/p>\n<p>Personalized, evolving and sophisticated, our Perspective investment solution now offers you a new opportunity to invest according to your values or interests.<\/p>\n<p>The <strong>Health and Medical Innovations<\/strong> optionality focuses on a fast-growing field whose impact on our societies is already considerable. Participate now in the achievements of tomorrow!<\/p>\n<div id=\"cta1\" style=\"position: relative; z-index: 5000; text-align: center;\">\n<h4>Talk to <a href=\"https:\/\/www.fprofessionnels.com\/en\/our-experts\/our-advisors\/\">your advisor!<\/a><\/h4>\n<\/div>\n<p>&nbsp;<\/p>\n<div id=\"mobile-video\" style=\"position: relative;\"><iframe loading=\"lazy\" title=\"AOGQ - &amp;Agrave; changer\" src=\"\/\/player.vimeo.com\/video\/717545181?h=f981645725\" width=\"100%\" height=\"600\" frameborder=\"0\" allowfullscreen=\"allowfullscreen\"><span data-mce-type=\"bookmark\" style=\"display: inline-block; width: 0px; overflow: hidden; line-height: 0;\" class=\"mce_SELRES_start\">\ufeff<\/span><\/iframe><\/div>\n<p style=\"display: none; font-size: 12px; background-color: #edf0f2; color: #3c0d35; padding: 4px;\">\u00ab\u00a0Financi\u00e8re des professionnels\u00a0inc.\u00a0d\u00e9tient la propri\u00e9t\u00e9 exclusive de Financi\u00e8re des professionnels\u202f\u2013 Fonds d\u2019investissement\u00a0inc.\u00a0et de Financi\u00e8re des professionnels \u2013 Gestion priv\u00e9e\u00a0inc.\u00a0Financi\u00e8re des professionnels \u2013 Fonds d\u2019investissement\u202finc.\u00a0est un gestionnaire de\u00a0portefeuille\u202fet\u00a0un gestionnaire de fonds d\u2019investissement, qui g\u00e8re les fonds de sa famille de fonds et offre des services-conseils en planification financi\u00e8re. Financi\u00e8re des professionnels \u2013 Gestion\u00a0priv\u00e9e\u00a0inc.\u00a0est un courtier en placement, membre de l\u2019Organisme canadien de r\u00e9glementation du commerce des valeurs mobili\u00e8res (OCRCVM) et du Fonds canadien de protection des \u00e9pargnants (FCPE), qui offre des services de gestion de portefeuille. FDP et les marques de commerce, noms et logos connexes sont la propri\u00e9t\u00e9 de Financi\u00e8re des\u202fprofessionnels\u00a0inc.\u00a0et sont enregistr\u00e9s ou employ\u00e9s au Canada. Employ\u00e9s en vertu d&#8217;une licence de Financi\u00e8re des\u202fprofessionnels\u00a0inc.\u00a0\u00bb<\/p>\n<p><img loading=\"lazy\" decoding=\"async\" class=\"alignnone wp-image-34531 size-full content-img\" style=\"display: none;\" src=\"\/wp-content\/uploads\/2021\/04\/vos-besoins.gif\" alt=\"Graphique parlant de vos besoins\" width=\"1043\" height=\"612\" \/><\/p>\n<p><style>.header-image .container img {filter: saturate(100%); opacity: 1; mix-blend-mode: normal;} .chapeau{display:none;} #breadcrumb{display: none;}<\/style>\n<\/p>\n<h4>How was this optionality built? What health trend aspects does it focus on and why?<\/h4>\n<p>Our internal and external portfolio managers answer these questions and share their vision for the future of healthcare and medical innovation.<\/p>\n<div class=\"flex-container\">\n<div class=\"flex-item-left\">\n<p><iframe loading=\"lazy\" title=\"vimeo-player\" src=\"https:\/\/player.vimeo.com\/video\/718321005?h=6415679f77\" width=\"100%\" height=\"250\" frameborder=\"0\" allowfullscreen=\"allowfullscreen\"><span data-mce-type=\"bookmark\" style=\"display: inline-block; width: 0px; overflow: hidden; line-height: 0;\" class=\"mce_SELRES_start\">\ufeff<\/span><\/iframe><\/p>\n<\/div>\n<div class=\"flex-item-right\">\n<p><iframe loading=\"lazy\" title=\"vimeo-player\" src=\"https:\/\/player.vimeo.com\/video\/718320844?h=deca4275a8\" width=\"100%\" height=\"250\" frameborder=\"0\" allowfullscreen=\"allowfullscreen\"><span data-mce-type=\"bookmark\" style=\"display: inline-block; width: 0px; overflow: hidden; line-height: 0;\" class=\"mce_SELRES_start\">\ufeff<\/span><span data-mce-type=\"bookmark\" style=\"display: inline-block; width: 0px; overflow: hidden; line-height: 0;\" class=\"mce_SELRES_start\">\ufeff<\/span><\/iframe><\/p>\n<\/div>\n<\/div>\n<h3><strong>Other optionalities<\/strong><\/h3>\n<h4><strong><br \/>\nEnvironment\u00a0<\/strong><\/h4>\n<p>This is a global issue for which solutions must be found. Yann Furic discusses the components of this optionality and John A. Cook of Mackenzie Greenchip addresses the question of the Great Energy Transition and the solutions that the fund capitalizes on.<\/p>\n<div class=\"flex-container\">\n<div class=\"flex-item-left\">\n<p><iframe loading=\"lazy\" title=\"vimeo-player\" src=\"https:\/\/player.vimeo.com\/video\/718320778?h=806308a3f9\" width=\"100%\" height=\"250\" frameborder=\"0\" allowfullscreen=\"allowfullscreen\"><\/iframe><\/p>\n<\/div>\n<div class=\"flex-item-right\">\n<p><iframe loading=\"lazy\" title=\"vimeo-player\" src=\"https:\/\/player.vimeo.com\/video\/718321186?h=a90f95a66b\" width=\"100%\" height=\"250\" frameborder=\"0\" allowfullscreen=\"allowfullscreen\"><span data-mce-type=\"bookmark\" style=\"display: inline-block; width: 0px; overflow: hidden; line-height: 0;\" class=\"mce_SELRES_start\">\ufeff<\/span><\/iframe><\/p>\n<\/div>\n<\/div>\n<h4><strong>Technologies of the Future<\/strong><\/h4>\n<p>Investing in fast-growing technologies means being able to benefit from their spinoffs in the near future. Why does this optionality comprise four ETFs? Yann Furic answers this question and explains the themes they invest in.<\/p>\n<div class=\"flex-container\">\n<div class=\"flex-item-left\">\n<p><iframe loading=\"lazy\" title=\"vimeo-player\" src=\"https:\/\/player.vimeo.com\/video\/718321108?h=90fc3ff269\" width=\"100%\" height=\"250\" frameborder=\"0\" allowfullscreen=\"allowfullscreen\"><span data-mce-type=\"bookmark\" style=\"display: inline-block; width: 0px; overflow: hidden; line-height: 0;\" class=\"mce_SELRES_start\">\ufeff<\/span><span data-mce-type=\"bookmark\" style=\"display: inline-block; width: 0px; overflow: hidden; line-height: 0;\" class=\"mce_SELRES_start\">\ufeff<\/span><\/iframe><\/p>\n<p>&nbsp;<\/p>\n<p><span class=\"note\">The content of this document (including facts, views, opinions, recommendations, descriptions of or references to, products or securities) is not to be used or construed as investment advice, as an offer to sell or the solicitation of an offer to buy, or an endorsement, recommendation or sponsorship of any entity or security cited. Although we endeavour to ensure its accuracy and completeness, we assume no responsibility for any reliance upon it.<\/span><\/p>\n<p><span class=\"note\">Commissions, trailing commissions, management fees and expenses all may be associated with investments (including investments in the Funds). The securities of the funds are not guaranteed, their values change frequently and the indicated rates of return are the historical annual compounded total returns, including changes in portfolio value and reinvestment of all distributions, but do not take into account sales, redemption, distribution or optional charges or income taxes payable by an investor that would have reduced returns. Tahe Funds\u2019 securities are not insured by the Canada Deposit Insurance Corporation. A portfolio (like mutual funds) generally includes securities that are neither insured nor guaranteed, their value changes frequently, and past performance may not be repeated. The approaches are subject to change without prior notice. Professionals\u2019 Financial \u2013 Mutual Funds Inc. and Professionals\u2019 Financial \u2013 Private Management Inc. are wholly owned by Professionals\u2019 Financial Inc. Professionals\u2019 Financial \u2013 Mutual Funds Inc. is a portfolio manager and a mutual fund dealer which manages the funds of its family of funds and which offers financial planning advisory services. Professionals\u2019 Financial \u2013 Private Management Inc. is an investment dealer member of the Canadian Investment Regulatory Organization (CIRO) and the Canadian Investor Protection Fund (CIPF) which offers portfolio management services. fdp Private Wealth Management and related trademarks, names and logos are the property of Professionals\u2019 Financial Inc. and are registered and\/or used in Canada. Used under licence from Professionals Financial Inc.<\/span><\/p>\n<p><span class=\"note\">\u00a0<\/span><\/p>\n<p><span class=\"note\">\u00a0<\/span><\/p>\n<\/div>\n<\/div>\n","protected":false},"excerpt":{"rendered":"<p>Personalized, evolving and sophisticated, our Perspective investment solution now offers you a new opportunity to invest according to your values or interests. The Health and Medical Innovations optionality focuses on a fast-growing field whose impact on our societies is already considerable. Participate now in the achievements of tomorrow! Talk to your advisor! &nbsp; \ufeff \u00ab\u00a0Financi\u00e8re <a class=\"read-more\" href=\"https:\/\/www.fprofessionnels.com\/en\/portefeuille-perspective\/\">[&#8230;]<\/a><\/p>\n","protected":false},"author":1047,"featured_media":0,"parent":0,"menu_order":0,"comment_status":"closed","ping_status":"closed","template":"","meta":{"_acf_changed":false,"footnotes":"","_links_to":"","_links_to_target":""},"categorie-de-page":[101],"class_list":["post-34653","page","type-page","status-publish","hentry","categorie-de-page-non-indexee"],"acf":[],"yoast_head":"<!-- This site is optimized with the Yoast SEO Premium plugin v26.9 (Yoast SEO v26.9) - https:\/\/yoast.com\/product\/yoast-seo-premium-wordpress\/ -->\n<title>fdp Perspective Private Portfolio &#8902; fdp Gestion priv\u00e9e<\/title>\n<meta name=\"description\" content=\"fdp Perspective Private Portfolio\" \/>\n<meta name=\"robots\" content=\"index, follow, max-snippet:-1, max-image-preview:large, max-video-preview:-1\" \/>\n<link rel=\"canonical\" href=\"https:\/\/www.fprofessionnels.com\/en\/portefeuille-perspective\/\" \/>\n<meta property=\"og:locale\" content=\"en_US\" \/>\n<meta property=\"og:type\" content=\"article\" \/>\n<meta property=\"og:title\" content=\"fdp Perspective Private Portfolio\" \/>\n<meta property=\"og:description\" content=\"fdp Perspective Private Portfolio\" \/>\n<meta property=\"og:url\" content=\"https:\/\/www.fprofessionnels.com\/en\/portefeuille-perspective\/\" \/>\n<meta property=\"og:site_name\" content=\"fdp Gestion priv\u00e9e\" \/>\n<meta property=\"article:publisher\" content=\"https:\/\/www.facebook.com\/Fprofessionnels\/\" \/>\n<meta property=\"article:modified_time\" content=\"2025-09-16T18:30:25+00:00\" \/>\n<meta property=\"og:image\" content=\"https:\/\/www.fprofessionnels.com\/wp-content\/uploads\/2020\/10\/FDP_SiteWeb_FB_Share_D_v08.jpg\" \/>\n\t<meta property=\"og:image:width\" content=\"1200\" \/>\n\t<meta property=\"og:image:height\" content=\"630\" \/>\n\t<meta property=\"og:image:type\" content=\"image\/jpeg\" \/>\n<meta name=\"twitter:card\" content=\"summary_large_image\" \/>\n<meta name=\"twitter:site\" content=\"@Fprofessionnels\" \/>\n<meta name=\"twitter:label1\" content=\"Est. reading time\" \/>\n\t<meta name=\"twitter:data1\" content=\"4 minutes\" \/>\n<script type=\"application\/ld+json\" class=\"yoast-schema-graph\">{\"@context\":\"https:\/\/schema.org\",\"@graph\":[{\"@type\":\"WebPage\",\"@id\":\"https:\/\/www.fprofessionnels.com\/en\/portefeuille-perspective\/\",\"url\":\"https:\/\/www.fprofessionnels.com\/en\/portefeuille-perspective\/\",\"name\":\"fdp Perspective Private Portfolio &#8902; fdp Gestion priv\u00e9e\",\"isPartOf\":{\"@id\":\"https:\/\/www.fprofessionnels.com\/en\/#website\"},\"datePublished\":\"2021-05-07T18:58:18+00:00\",\"dateModified\":\"2025-09-16T18:30:25+00:00\",\"description\":\"fdp Perspective Private Portfolio\",\"breadcrumb\":{\"@id\":\"https:\/\/www.fprofessionnels.com\/en\/portefeuille-perspective\/#breadcrumb\"},\"inLanguage\":\"en-US\",\"potentialAction\":[{\"@type\":\"ReadAction\",\"target\":[\"https:\/\/www.fprofessionnels.com\/en\/portefeuille-perspective\/\"]}]},{\"@type\":\"BreadcrumbList\",\"@id\":\"https:\/\/www.fprofessionnels.com\/en\/portefeuille-perspective\/#breadcrumb\",\"itemListElement\":[{\"@type\":\"ListItem\",\"position\":1,\"name\":\"Accueil\",\"item\":\"https:\/\/www.fprofessionnels.com\/en\/\"},{\"@type\":\"ListItem\",\"position\":2,\"name\":\"fdp Perspective Private Portfolio\"}]},{\"@type\":\"WebSite\",\"@id\":\"https:\/\/www.fprofessionnels.com\/en\/#website\",\"url\":\"https:\/\/www.fprofessionnels.com\/en\/\",\"name\":\"fdp Gestion priv\u00e9e\",\"description\":\"Une longueur d\u2019avance dans vos prises de d\u00e9cisions financi\u00e8res\",\"publisher\":{\"@id\":\"https:\/\/www.fprofessionnels.com\/en\/#organization\"},\"potentialAction\":[{\"@type\":\"SearchAction\",\"target\":{\"@type\":\"EntryPoint\",\"urlTemplate\":\"https:\/\/www.fprofessionnels.com\/en\/?s={search_term_string}\"},\"query-input\":{\"@type\":\"PropertyValueSpecification\",\"valueRequired\":true,\"valueName\":\"search_term_string\"}}],\"inLanguage\":\"en-US\"},{\"@type\":\"Organization\",\"@id\":\"https:\/\/www.fprofessionnels.com\/en\/#organization\",\"name\":\"Financi\u00e8re des professionnels\",\"url\":\"https:\/\/www.fprofessionnels.com\/en\/\",\"logo\":{\"@type\":\"ImageObject\",\"inLanguage\":\"en-US\",\"@id\":\"https:\/\/www.fprofessionnels.com\/en\/#\/schema\/logo\/image\/\",\"url\":\"\/wp-content\/uploads\/2016\/06\/logo-fpro.png\",\"contentUrl\":\"\/wp-content\/uploads\/2016\/06\/logo-fpro.png\",\"width\":292,\"height\":184,\"caption\":\"Financi\u00e8re des professionnels\"},\"image\":{\"@id\":\"https:\/\/www.fprofessionnels.com\/en\/#\/schema\/logo\/image\/\"},\"sameAs\":[\"https:\/\/www.facebook.com\/Fprofessionnels\/\",\"https:\/\/x.com\/Fprofessionnels\",\"https:\/\/www.linkedin.com\/company\/financi-re-des-professionnels\"]}]}<\/script>\n<!-- \/ Yoast SEO Premium plugin. -->","yoast_head_json":{"title":"fdp Perspective Private Portfolio &#8902; fdp Gestion priv\u00e9e","description":"fdp Perspective Private Portfolio","robots":{"index":"index","follow":"follow","max-snippet":"max-snippet:-1","max-image-preview":"max-image-preview:large","max-video-preview":"max-video-preview:-1"},"canonical":"https:\/\/www.fprofessionnels.com\/en\/portefeuille-perspective\/","og_locale":"en_US","og_type":"article","og_title":"fdp Perspective Private Portfolio","og_description":"fdp Perspective Private Portfolio","og_url":"https:\/\/www.fprofessionnels.com\/en\/portefeuille-perspective\/","og_site_name":"fdp Gestion priv\u00e9e","article_publisher":"https:\/\/www.facebook.com\/Fprofessionnels\/","article_modified_time":"2025-09-16T18:30:25+00:00","og_image":[{"width":1200,"height":630,"url":"https:\/\/www.fprofessionnels.com\/wp-content\/uploads\/2020\/10\/FDP_SiteWeb_FB_Share_D_v08.jpg","type":"image\/jpeg"}],"twitter_card":"summary_large_image","twitter_site":"@Fprofessionnels","twitter_misc":{"Est. reading time":"4 minutes"},"schema":{"@context":"https:\/\/schema.org","@graph":[{"@type":"WebPage","@id":"https:\/\/www.fprofessionnels.com\/en\/portefeuille-perspective\/","url":"https:\/\/www.fprofessionnels.com\/en\/portefeuille-perspective\/","name":"fdp Perspective Private Portfolio &#8902; fdp Gestion priv\u00e9e","isPartOf":{"@id":"https:\/\/www.fprofessionnels.com\/en\/#website"},"datePublished":"2021-05-07T18:58:18+00:00","dateModified":"2025-09-16T18:30:25+00:00","description":"fdp Perspective Private Portfolio","breadcrumb":{"@id":"https:\/\/www.fprofessionnels.com\/en\/portefeuille-perspective\/#breadcrumb"},"inLanguage":"en-US","potentialAction":[{"@type":"ReadAction","target":["https:\/\/www.fprofessionnels.com\/en\/portefeuille-perspective\/"]}]},{"@type":"BreadcrumbList","@id":"https:\/\/www.fprofessionnels.com\/en\/portefeuille-perspective\/#breadcrumb","itemListElement":[{"@type":"ListItem","position":1,"name":"Accueil","item":"https:\/\/www.fprofessionnels.com\/en\/"},{"@type":"ListItem","position":2,"name":"fdp Perspective Private Portfolio"}]},{"@type":"WebSite","@id":"https:\/\/www.fprofessionnels.com\/en\/#website","url":"https:\/\/www.fprofessionnels.com\/en\/","name":"fdp Gestion priv\u00e9e","description":"Une longueur d\u2019avance dans vos prises de d\u00e9cisions financi\u00e8res","publisher":{"@id":"https:\/\/www.fprofessionnels.com\/en\/#organization"},"potentialAction":[{"@type":"SearchAction","target":{"@type":"EntryPoint","urlTemplate":"https:\/\/www.fprofessionnels.com\/en\/?s={search_term_string}"},"query-input":{"@type":"PropertyValueSpecification","valueRequired":true,"valueName":"search_term_string"}}],"inLanguage":"en-US"},{"@type":"Organization","@id":"https:\/\/www.fprofessionnels.com\/en\/#organization","name":"Financi\u00e8re des professionnels","url":"https:\/\/www.fprofessionnels.com\/en\/","logo":{"@type":"ImageObject","inLanguage":"en-US","@id":"https:\/\/www.fprofessionnels.com\/en\/#\/schema\/logo\/image\/","url":"\/wp-content\/uploads\/2016\/06\/logo-fpro.png","contentUrl":"\/wp-content\/uploads\/2016\/06\/logo-fpro.png","width":292,"height":184,"caption":"Financi\u00e8re des professionnels"},"image":{"@id":"https:\/\/www.fprofessionnels.com\/en\/#\/schema\/logo\/image\/"},"sameAs":["https:\/\/www.facebook.com\/Fprofessionnels\/","https:\/\/x.com\/Fprofessionnels","https:\/\/www.linkedin.com\/company\/financi-re-des-professionnels"]}]}},"_links":{"self":[{"href":"https:\/\/www.fprofessionnels.com\/en\/wp-json\/wp\/v2\/pages\/34653","targetHints":{"allow":["GET"]}}],"collection":[{"href":"https:\/\/www.fprofessionnels.com\/en\/wp-json\/wp\/v2\/pages"}],"about":[{"href":"https:\/\/www.fprofessionnels.com\/en\/wp-json\/wp\/v2\/types\/page"}],"author":[{"embeddable":true,"href":"https:\/\/www.fprofessionnels.com\/en\/wp-json\/wp\/v2\/users\/1047"}],"replies":[{"embeddable":true,"href":"https:\/\/www.fprofessionnels.com\/en\/wp-json\/wp\/v2\/comments?post=34653"}],"version-history":[{"count":12,"href":"https:\/\/www.fprofessionnels.com\/en\/wp-json\/wp\/v2\/pages\/34653\/revisions"}],"predecessor-version":[{"id":56866,"href":"https:\/\/www.fprofessionnels.com\/en\/wp-json\/wp\/v2\/pages\/34653\/revisions\/56866"}],"wp:attachment":[{"href":"https:\/\/www.fprofessionnels.com\/en\/wp-json\/wp\/v2\/media?parent=34653"}],"wp:term":[{"taxonomy":"categorie-de-page","embeddable":true,"href":"https:\/\/www.fprofessionnels.com\/en\/wp-json\/wp\/v2\/categorie-de-page?post=34653"}],"curies":[{"name":"wp","href":"https:\/\/api.w.org\/{rel}","templated":true}]}}