{"id":45953,"date":"2023-04-03T11:08:48","date_gmt":"2023-04-03T15:08:48","guid":{"rendered":"https:\/\/wwwprodaz.fprofessionnels.com\/?page_id=45953"},"modified":"2023-04-03T11:08:48","modified_gmt":"2023-04-03T15:08:48","slug":"an-engaged-board-of-directors-for-a-healthy-and-respectful-professional-environment","status":"publish","type":"page","link":"https:\/\/www.fprofessionnels.com\/en\/about\/board-of-directors\/an-engaged-board-of-directors-for-a-healthy-and-respectful-professional-environment\/","title":{"rendered":"An engaged board of directors, for a healthy and respectful professional environment"},"content":{"rendered":"<p><img loading=\"lazy\" decoding=\"async\" class=\"alignnone wp-image-45955 size-medium content-img\" src=\"\/wp-content\/uploads\/2023\/03\/Sceau_formation_harcelement_CA-150x118.png\" alt=\"\" width=\"300\" height=\"118\" \/><\/p>\n<p>fdp is proud to have obtained the <strong>CA engag\u00e9 <\/strong>(engaged board of directors) seal from the Ordre des administrateurs agr\u00e9\u00e9s du Qu\u00e9bec (Adm.A.), which testifies to the determination of its board of directors to not only foster a respectful work environment, but also to disseminate a culture of respect for all of its employees, in all circumstances.<\/p>\n<p>This designation is also in keeping with the ESG (environmental, social and governance) strategies adopted by fdp and demonstrates its ongoing efforts to optimize its governance principles.<\/p>\n<p><strong>A concerted approach<\/strong><\/p>\n<p>To obtain this designation, fdp\u2019s directors completed specific training on the importance of combatting harassment in its organization and in the workplace in general. They also adhered to the guiding principles of the Ordre des Adm.A. on the sensitive subject of harassment.<\/p>\n<p>fdp\u2019s board of directors thus assumes the role of ambassador of the firm\u2019s culture, which is based on a healthy work environment where everyone can thrive.<\/p>\n","protected":false},"excerpt":{"rendered":"<p>fdp is proud to have obtained the CA engag\u00e9 (engaged board of directors) seal from the Ordre des administrateurs agr\u00e9\u00e9s du Qu\u00e9bec (Adm.A.), which testifies to the determination of its board of directors to not only foster a respectful work environment, but also to disseminate a culture of respect for all of its employees, in <a class=\"read-more\" href=\"https:\/\/www.fprofessionnels.com\/en\/about\/board-of-directors\/an-engaged-board-of-directors-for-a-healthy-and-respectful-professional-environment\/\">[&#8230;]<\/a><\/p>\n","protected":false},"author":1047,"featured_media":0,"parent":776,"menu_order":2,"comment_status":"closed","ping_status":"closed","template":"","meta":{"_acf_changed":false,"footnotes":"","_links_to":"","_links_to_target":""},"categorie-de-page":[],"class_list":["post-45953","page","type-page","status-publish","hentry"],"acf":[],"yoast_head":"<!-- This site is optimized with the Yoast SEO Premium plugin v26.9 (Yoast SEO v26.9) - https:\/\/yoast.com\/product\/yoast-seo-premium-wordpress\/ -->\n<title>An engaged board of directors, for a healthy and respectful professional environment &#8902; fdp Gestion priv\u00e9e<\/title>\n<meta name=\"description\" content=\"fdp is proud to have obtained the CA engag\u00e9 (engaged board of directors) seal from the Ordre des administrateurs agr\u00e9\u00e9s du Qu\u00e9bec (Adm.A.), which testifies to the determination of its board of directors to not only foster a respectful work environment, but also to disseminate a culture of respect for all of its employees, in all circumstances\" \/>\n<meta name=\"robots\" content=\"index, follow, max-snippet:-1, max-image-preview:large, max-video-preview:-1\" \/>\n<link rel=\"canonical\" href=\"https:\/\/www.fprofessionnels.com\/en\/about\/board-of-directors\/an-engaged-board-of-directors-for-a-healthy-and-respectful-professional-environment\/\" \/>\n<meta property=\"og:locale\" content=\"en_US\" \/>\n<meta property=\"og:type\" content=\"article\" \/>\n<meta property=\"og:title\" content=\"An engaged board of directors, for a healthy and respectful professional environment\" \/>\n<meta property=\"og:description\" content=\"fdp is proud to have obtained the CA engag\u00e9 (engaged board of directors) seal from the Ordre des administrateurs agr\u00e9\u00e9s du Qu\u00e9bec (Adm.A.), which testifies to the determination of its board of directors to not only foster a respectful work environment, but also to disseminate a culture of respect for all of its employees, in all circumstances\" \/>\n<meta property=\"og:url\" content=\"https:\/\/www.fprofessionnels.com\/en\/about\/board-of-directors\/an-engaged-board-of-directors-for-a-healthy-and-respectful-professional-environment\/\" \/>\n<meta property=\"og:site_name\" content=\"fdp Gestion priv\u00e9e\" \/>\n<meta property=\"article:publisher\" content=\"https:\/\/www.facebook.com\/Fprofessionnels\/\" \/>\n<meta property=\"og:image\" content=\"https:\/\/www.fprofessionnels.com\/wp-content\/uploads\/2020\/10\/FDP_SiteWeb_FB_Share_D_v08.jpg\" \/>\n\t<meta property=\"og:image:width\" content=\"1200\" \/>\n\t<meta property=\"og:image:height\" content=\"630\" \/>\n\t<meta property=\"og:image:type\" content=\"image\/jpeg\" \/>\n<meta name=\"twitter:card\" content=\"summary_large_image\" \/>\n<meta name=\"twitter:site\" content=\"@Fprofessionnels\" \/>\n<meta name=\"twitter:label1\" content=\"Est. reading time\" \/>\n\t<meta name=\"twitter:data1\" content=\"1 minute\" \/>\n<script type=\"application\/ld+json\" class=\"yoast-schema-graph\">{\"@context\":\"https:\/\/schema.org\",\"@graph\":[{\"@type\":\"WebPage\",\"@id\":\"https:\/\/www.fprofessionnels.com\/en\/about\/board-of-directors\/an-engaged-board-of-directors-for-a-healthy-and-respectful-professional-environment\/\",\"url\":\"https:\/\/www.fprofessionnels.com\/en\/about\/board-of-directors\/an-engaged-board-of-directors-for-a-healthy-and-respectful-professional-environment\/\",\"name\":\"An engaged board of directors, for a healthy and respectful professional environment &#8902; fdp Gestion priv\u00e9e\",\"isPartOf\":{\"@id\":\"https:\/\/www.fprofessionnels.com\/en\/#website\"},\"datePublished\":\"2023-04-03T15:08:48+00:00\",\"description\":\"fdp is proud to have obtained the CA engag\u00e9 (engaged board of directors) seal from the Ordre des administrateurs agr\u00e9\u00e9s du Qu\u00e9bec (Adm.A.), which testifies to the determination of its board of directors to not only foster a respectful work environment, but also to disseminate a culture of respect for all of its employees, in all circumstances\",\"breadcrumb\":{\"@id\":\"https:\/\/www.fprofessionnels.com\/en\/about\/board-of-directors\/an-engaged-board-of-directors-for-a-healthy-and-respectful-professional-environment\/#breadcrumb\"},\"inLanguage\":\"en-US\",\"potentialAction\":[{\"@type\":\"ReadAction\",\"target\":[\"https:\/\/www.fprofessionnels.com\/en\/about\/board-of-directors\/an-engaged-board-of-directors-for-a-healthy-and-respectful-professional-environment\/\"]}]},{\"@type\":\"BreadcrumbList\",\"@id\":\"https:\/\/www.fprofessionnels.com\/en\/about\/board-of-directors\/an-engaged-board-of-directors-for-a-healthy-and-respectful-professional-environment\/#breadcrumb\",\"itemListElement\":[{\"@type\":\"ListItem\",\"position\":1,\"name\":\"Accueil\",\"item\":\"https:\/\/www.fprofessionnels.com\/en\/\"},{\"@type\":\"ListItem\",\"position\":2,\"name\":\"About us\",\"item\":\"https:\/\/www.fprofessionnels.com\/en\/about\/\"},{\"@type\":\"ListItem\",\"position\":3,\"name\":\"Board of Directors\",\"item\":\"https:\/\/www.fprofessionnels.com\/en\/about\/board-of-directors\/\"},{\"@type\":\"ListItem\",\"position\":4,\"name\":\"An engaged board of directors, for a healthy and respectful professional environment\"}]},{\"@type\":\"WebSite\",\"@id\":\"https:\/\/www.fprofessionnels.com\/en\/#website\",\"url\":\"https:\/\/www.fprofessionnels.com\/en\/\",\"name\":\"fdp Gestion priv\u00e9e\",\"description\":\"Une longueur d\u2019avance dans vos prises de d\u00e9cisions financi\u00e8res\",\"publisher\":{\"@id\":\"https:\/\/www.fprofessionnels.com\/en\/#organization\"},\"potentialAction\":[{\"@type\":\"SearchAction\",\"target\":{\"@type\":\"EntryPoint\",\"urlTemplate\":\"https:\/\/www.fprofessionnels.com\/en\/?s={search_term_string}\"},\"query-input\":{\"@type\":\"PropertyValueSpecification\",\"valueRequired\":true,\"valueName\":\"search_term_string\"}}],\"inLanguage\":\"en-US\"},{\"@type\":\"Organization\",\"@id\":\"https:\/\/www.fprofessionnels.com\/en\/#organization\",\"name\":\"Financi\u00e8re des professionnels\",\"url\":\"https:\/\/www.fprofessionnels.com\/en\/\",\"logo\":{\"@type\":\"ImageObject\",\"inLanguage\":\"en-US\",\"@id\":\"https:\/\/www.fprofessionnels.com\/en\/#\/schema\/logo\/image\/\",\"url\":\"\/wp-content\/uploads\/2016\/06\/logo-fpro.png\",\"contentUrl\":\"\/wp-content\/uploads\/2016\/06\/logo-fpro.png\",\"width\":292,\"height\":184,\"caption\":\"Financi\u00e8re des professionnels\"},\"image\":{\"@id\":\"https:\/\/www.fprofessionnels.com\/en\/#\/schema\/logo\/image\/\"},\"sameAs\":[\"https:\/\/www.facebook.com\/Fprofessionnels\/\",\"https:\/\/x.com\/Fprofessionnels\",\"https:\/\/www.linkedin.com\/company\/financi-re-des-professionnels\"]}]}<\/script>\n<!-- \/ Yoast SEO Premium plugin. -->","yoast_head_json":{"title":"An engaged board of directors, for a healthy and respectful professional environment &#8902; fdp Gestion priv\u00e9e","description":"fdp is proud to have obtained the CA engag\u00e9 (engaged board of directors) seal from the Ordre des administrateurs agr\u00e9\u00e9s du Qu\u00e9bec (Adm.A.), which testifies to the determination of its board of directors to not only foster a respectful work environment, but also to disseminate a culture of respect for all of its employees, in all circumstances","robots":{"index":"index","follow":"follow","max-snippet":"max-snippet:-1","max-image-preview":"max-image-preview:large","max-video-preview":"max-video-preview:-1"},"canonical":"https:\/\/www.fprofessionnels.com\/en\/about\/board-of-directors\/an-engaged-board-of-directors-for-a-healthy-and-respectful-professional-environment\/","og_locale":"en_US","og_type":"article","og_title":"An engaged board of directors, for a healthy and respectful professional environment","og_description":"fdp is proud to have obtained the CA engag\u00e9 (engaged board of directors) seal from the Ordre des administrateurs agr\u00e9\u00e9s du Qu\u00e9bec (Adm.A.), which testifies to the determination of its board of directors to not only foster a respectful work environment, but also to disseminate a culture of respect for all of its employees, in all circumstances","og_url":"https:\/\/www.fprofessionnels.com\/en\/about\/board-of-directors\/an-engaged-board-of-directors-for-a-healthy-and-respectful-professional-environment\/","og_site_name":"fdp Gestion priv\u00e9e","article_publisher":"https:\/\/www.facebook.com\/Fprofessionnels\/","og_image":[{"width":1200,"height":630,"url":"https:\/\/www.fprofessionnels.com\/wp-content\/uploads\/2020\/10\/FDP_SiteWeb_FB_Share_D_v08.jpg","type":"image\/jpeg"}],"twitter_card":"summary_large_image","twitter_site":"@Fprofessionnels","twitter_misc":{"Est. reading time":"1 minute"},"schema":{"@context":"https:\/\/schema.org","@graph":[{"@type":"WebPage","@id":"https:\/\/www.fprofessionnels.com\/en\/about\/board-of-directors\/an-engaged-board-of-directors-for-a-healthy-and-respectful-professional-environment\/","url":"https:\/\/www.fprofessionnels.com\/en\/about\/board-of-directors\/an-engaged-board-of-directors-for-a-healthy-and-respectful-professional-environment\/","name":"An engaged board of directors, for a healthy and respectful professional environment &#8902; fdp Gestion priv\u00e9e","isPartOf":{"@id":"https:\/\/www.fprofessionnels.com\/en\/#website"},"datePublished":"2023-04-03T15:08:48+00:00","description":"fdp is proud to have obtained the CA engag\u00e9 (engaged board of directors) seal from the Ordre des administrateurs agr\u00e9\u00e9s du Qu\u00e9bec (Adm.A.), which testifies to the determination of its board of directors to not only foster a respectful work environment, but also to disseminate a culture of respect for all of its employees, in all circumstances","breadcrumb":{"@id":"https:\/\/www.fprofessionnels.com\/en\/about\/board-of-directors\/an-engaged-board-of-directors-for-a-healthy-and-respectful-professional-environment\/#breadcrumb"},"inLanguage":"en-US","potentialAction":[{"@type":"ReadAction","target":["https:\/\/www.fprofessionnels.com\/en\/about\/board-of-directors\/an-engaged-board-of-directors-for-a-healthy-and-respectful-professional-environment\/"]}]},{"@type":"BreadcrumbList","@id":"https:\/\/www.fprofessionnels.com\/en\/about\/board-of-directors\/an-engaged-board-of-directors-for-a-healthy-and-respectful-professional-environment\/#breadcrumb","itemListElement":[{"@type":"ListItem","position":1,"name":"Accueil","item":"https:\/\/www.fprofessionnels.com\/en\/"},{"@type":"ListItem","position":2,"name":"About us","item":"https:\/\/www.fprofessionnels.com\/en\/about\/"},{"@type":"ListItem","position":3,"name":"Board of Directors","item":"https:\/\/www.fprofessionnels.com\/en\/about\/board-of-directors\/"},{"@type":"ListItem","position":4,"name":"An engaged board of directors, for a healthy and respectful professional environment"}]},{"@type":"WebSite","@id":"https:\/\/www.fprofessionnels.com\/en\/#website","url":"https:\/\/www.fprofessionnels.com\/en\/","name":"fdp Gestion priv\u00e9e","description":"Une longueur d\u2019avance dans vos prises de d\u00e9cisions financi\u00e8res","publisher":{"@id":"https:\/\/www.fprofessionnels.com\/en\/#organization"},"potentialAction":[{"@type":"SearchAction","target":{"@type":"EntryPoint","urlTemplate":"https:\/\/www.fprofessionnels.com\/en\/?s={search_term_string}"},"query-input":{"@type":"PropertyValueSpecification","valueRequired":true,"valueName":"search_term_string"}}],"inLanguage":"en-US"},{"@type":"Organization","@id":"https:\/\/www.fprofessionnels.com\/en\/#organization","name":"Financi\u00e8re des professionnels","url":"https:\/\/www.fprofessionnels.com\/en\/","logo":{"@type":"ImageObject","inLanguage":"en-US","@id":"https:\/\/www.fprofessionnels.com\/en\/#\/schema\/logo\/image\/","url":"\/wp-content\/uploads\/2016\/06\/logo-fpro.png","contentUrl":"\/wp-content\/uploads\/2016\/06\/logo-fpro.png","width":292,"height":184,"caption":"Financi\u00e8re des professionnels"},"image":{"@id":"https:\/\/www.fprofessionnels.com\/en\/#\/schema\/logo\/image\/"},"sameAs":["https:\/\/www.facebook.com\/Fprofessionnels\/","https:\/\/x.com\/Fprofessionnels","https:\/\/www.linkedin.com\/company\/financi-re-des-professionnels"]}]}},"_links":{"self":[{"href":"https:\/\/www.fprofessionnels.com\/en\/wp-json\/wp\/v2\/pages\/45953","targetHints":{"allow":["GET"]}}],"collection":[{"href":"https:\/\/www.fprofessionnels.com\/en\/wp-json\/wp\/v2\/pages"}],"about":[{"href":"https:\/\/www.fprofessionnels.com\/en\/wp-json\/wp\/v2\/types\/page"}],"author":[{"embeddable":true,"href":"https:\/\/www.fprofessionnels.com\/en\/wp-json\/wp\/v2\/users\/1047"}],"replies":[{"embeddable":true,"href":"https:\/\/www.fprofessionnels.com\/en\/wp-json\/wp\/v2\/comments?post=45953"}],"version-history":[{"count":1,"href":"https:\/\/www.fprofessionnels.com\/en\/wp-json\/wp\/v2\/pages\/45953\/revisions"}],"predecessor-version":[{"id":45998,"href":"https:\/\/www.fprofessionnels.com\/en\/wp-json\/wp\/v2\/pages\/45953\/revisions\/45998"}],"up":[{"embeddable":true,"href":"https:\/\/www.fprofessionnels.com\/en\/wp-json\/wp\/v2\/pages\/776"}],"wp:attachment":[{"href":"https:\/\/www.fprofessionnels.com\/en\/wp-json\/wp\/v2\/media?parent=45953"}],"wp:term":[{"taxonomy":"categorie-de-page","embeddable":true,"href":"https:\/\/www.fprofessionnels.com\/en\/wp-json\/wp\/v2\/categorie-de-page?post=45953"}],"curies":[{"name":"wp","href":"https:\/\/api.w.org\/{rel}","templated":true}]}}