{"id":48439,"date":"2023-09-21T09:42:19","date_gmt":"2023-09-21T13:42:19","guid":{"rendered":"https:\/\/wwwprodaz.fprofessionnels.com\/?page_id=48439"},"modified":"2025-12-10T16:37:39","modified_gmt":"2025-12-10T21:37:39","slug":"appsq","status":"publish","type":"page","link":"https:\/\/www.fprofessionnels.com\/en\/about\/our-shareholders-partners\/appsq\/","title":{"rendered":"Association professionnelle des pharmaciens salari\u00e9s du Qu\u00e9bec"},"content":{"rendered":"<p><strong>Partner since 2023<\/strong><\/p>\n<div class=\"et_pb_column et_pb_column_1_2 et_pb_column_2 et_pb_css_mix_blend_mode_passthrough\">\n<div class=\"et_pb_module et_pb_text et_pb_text_2 et_pb_text_align_left et_pb_bg_layout_light\">\n<div class=\"et_pb_text_inner\">\n<p>The Association professionnelle des pharmaciens salari\u00e9s du Qu\u00e9bec (APPSQ) is an association recognized by all players in Quebec\u2019s pharmacy industry. Established in 2015, the group aims to represent all salaried pharmacists in Quebec and guarantee them appropriate professional development while respecting their health.<\/p>\n<p>In fall 2023, the fdp Private Wealth Management and APPSQ teams are proud to announce a partnership agreement to help pharmacists navigate their personal and business financial journey throughout their careers. The Association qu\u00e9b\u00e9coise des pharmaciens propri\u00e9taires (AQPP) being one of our shareholders, this partnership underscores the importance of the pharmacy profession in our corporate mission and will enable us to raise awareness of the services and products available to salaried pharmacists.<\/p>\n<\/div>\n<\/div>\n<\/div>\n<p><strong>For more information<\/strong> : <a href=\"https:\/\/appsq.org\/\" target=\"_blank\" rel=\"noopener\">appsq.org<\/a><\/p>\n","protected":false},"excerpt":{"rendered":"<p>Partner since 2023 The Association professionnelle des pharmaciens salari\u00e9s du Qu\u00e9bec (APPSQ) is an association recognized by all players in Quebec\u2019s pharmacy industry. Established in 2015, the group aims to represent all salaried pharmacists in Quebec and guarantee them appropriate professional development while respecting their health. In fall 2023, the fdp Private Wealth Management and <a class=\"read-more\" href=\"https:\/\/www.fprofessionnels.com\/en\/about\/our-shareholders-partners\/appsq\/\">[&#8230;]<\/a><\/p>\n","protected":false},"author":1047,"featured_media":0,"parent":780,"menu_order":5,"comment_status":"closed","ping_status":"closed","template":"","meta":{"_acf_changed":false,"footnotes":"","_links_to":"","_links_to_target":""},"categorie-de-page":[],"class_list":["post-48439","page","type-page","status-publish","hentry"],"acf":[],"yoast_head":"<!-- This site is optimized with the Yoast SEO Premium plugin v26.9 (Yoast SEO v26.9) - https:\/\/yoast.com\/product\/yoast-seo-premium-wordpress\/ -->\n<title>Association professionnelle des pharmaciens salari\u00e9s du Qu\u00e9bec &#8902;<\/title>\n<meta name=\"description\" content=\"The Association professionnelle des notaires du Qu\u00e9bec (APNQ) is an association known for its contribution to the development of the notarial profession in Quebec.\" \/>\n<meta name=\"robots\" content=\"index, follow, max-snippet:-1, max-image-preview:large, max-video-preview:-1\" \/>\n<link rel=\"canonical\" href=\"https:\/\/www.fprofessionnels.com\/en\/about\/our-shareholders-partners\/appsq\/\" \/>\n<meta property=\"og:locale\" content=\"en_US\" \/>\n<meta property=\"og:type\" content=\"article\" \/>\n<meta property=\"og:title\" content=\"Association professionnelle des pharmaciens salari\u00e9s du Qu\u00e9bec\" \/>\n<meta property=\"og:description\" content=\"The Association professionnelle des notaires du Qu\u00e9bec (APNQ) is an association known for its contribution to the development of the notarial profession in Quebec.\" \/>\n<meta property=\"og:url\" content=\"https:\/\/www.fprofessionnels.com\/en\/about\/our-shareholders-partners\/appsq\/\" \/>\n<meta property=\"og:site_name\" content=\"fdp Gestion priv\u00e9e\" \/>\n<meta property=\"article:publisher\" content=\"https:\/\/www.facebook.com\/Fprofessionnels\/\" \/>\n<meta property=\"article:modified_time\" content=\"2025-12-10T21:37:39+00:00\" \/>\n<meta property=\"og:image\" content=\"https:\/\/www.fprofessionnels.com\/wp-content\/uploads\/2020\/10\/FDP_SiteWeb_FB_Share_D_v08.jpg\" \/>\n\t<meta property=\"og:image:width\" content=\"1200\" \/>\n\t<meta property=\"og:image:height\" content=\"630\" \/>\n\t<meta property=\"og:image:type\" content=\"image\/jpeg\" \/>\n<meta name=\"twitter:card\" content=\"summary_large_image\" \/>\n<meta name=\"twitter:site\" content=\"@Fprofessionnels\" \/>\n<meta name=\"twitter:label1\" content=\"Est. reading time\" \/>\n\t<meta name=\"twitter:data1\" content=\"1 minute\" \/>\n<script type=\"application\/ld+json\" class=\"yoast-schema-graph\">{\"@context\":\"https:\/\/schema.org\",\"@graph\":[{\"@type\":\"WebPage\",\"@id\":\"https:\/\/www.fprofessionnels.com\/en\/about\/our-shareholders-partners\/appsq\/\",\"url\":\"https:\/\/www.fprofessionnels.com\/en\/about\/our-shareholders-partners\/appsq\/\",\"name\":\"Association professionnelle des pharmaciens salari\u00e9s du Qu\u00e9bec &#8902;\",\"isPartOf\":{\"@id\":\"https:\/\/www.fprofessionnels.com\/en\/#website\"},\"datePublished\":\"2023-09-21T13:42:19+00:00\",\"dateModified\":\"2025-12-10T21:37:39+00:00\",\"description\":\"The Association professionnelle des notaires du Qu\u00e9bec (APNQ) is an association known for its contribution to the development of the notarial profession in Quebec.\",\"breadcrumb\":{\"@id\":\"https:\/\/www.fprofessionnels.com\/en\/about\/our-shareholders-partners\/appsq\/#breadcrumb\"},\"inLanguage\":\"en-US\",\"potentialAction\":[{\"@type\":\"ReadAction\",\"target\":[\"https:\/\/www.fprofessionnels.com\/en\/about\/our-shareholders-partners\/appsq\/\"]}]},{\"@type\":\"BreadcrumbList\",\"@id\":\"https:\/\/www.fprofessionnels.com\/en\/about\/our-shareholders-partners\/appsq\/#breadcrumb\",\"itemListElement\":[{\"@type\":\"ListItem\",\"position\":1,\"name\":\"Accueil\",\"item\":\"https:\/\/www.fprofessionnels.com\/en\/\"},{\"@type\":\"ListItem\",\"position\":2,\"name\":\"About us\",\"item\":\"https:\/\/www.fprofessionnels.com\/en\/about\/\"},{\"@type\":\"ListItem\",\"position\":3,\"name\":\"Our shareholders and partners\",\"item\":\"https:\/\/www.fprofessionnels.com\/en\/about\/our-shareholders-partners\/\"},{\"@type\":\"ListItem\",\"position\":4,\"name\":\"Association professionnelle des pharmaciens salari\u00e9s du Qu\u00e9bec\"}]},{\"@type\":\"WebSite\",\"@id\":\"https:\/\/www.fprofessionnels.com\/en\/#website\",\"url\":\"https:\/\/www.fprofessionnels.com\/en\/\",\"name\":\"fdp Gestion priv\u00e9e\",\"description\":\"Une longueur d\u2019avance dans vos prises de d\u00e9cisions financi\u00e8res\",\"publisher\":{\"@id\":\"https:\/\/www.fprofessionnels.com\/en\/#organization\"},\"potentialAction\":[{\"@type\":\"SearchAction\",\"target\":{\"@type\":\"EntryPoint\",\"urlTemplate\":\"https:\/\/www.fprofessionnels.com\/en\/?s={search_term_string}\"},\"query-input\":{\"@type\":\"PropertyValueSpecification\",\"valueRequired\":true,\"valueName\":\"search_term_string\"}}],\"inLanguage\":\"en-US\"},{\"@type\":\"Organization\",\"@id\":\"https:\/\/www.fprofessionnels.com\/en\/#organization\",\"name\":\"Financi\u00e8re des professionnels\",\"url\":\"https:\/\/www.fprofessionnels.com\/en\/\",\"logo\":{\"@type\":\"ImageObject\",\"inLanguage\":\"en-US\",\"@id\":\"https:\/\/www.fprofessionnels.com\/en\/#\/schema\/logo\/image\/\",\"url\":\"\/wp-content\/uploads\/2016\/06\/logo-fpro.png\",\"contentUrl\":\"\/wp-content\/uploads\/2016\/06\/logo-fpro.png\",\"width\":292,\"height\":184,\"caption\":\"Financi\u00e8re des professionnels\"},\"image\":{\"@id\":\"https:\/\/www.fprofessionnels.com\/en\/#\/schema\/logo\/image\/\"},\"sameAs\":[\"https:\/\/www.facebook.com\/Fprofessionnels\/\",\"https:\/\/x.com\/Fprofessionnels\",\"https:\/\/www.linkedin.com\/company\/financi-re-des-professionnels\"]}]}<\/script>\n<!-- \/ Yoast SEO Premium plugin. -->","yoast_head_json":{"title":"Association professionnelle des pharmaciens salari\u00e9s du Qu\u00e9bec &#8902;","description":"The Association professionnelle des notaires du Qu\u00e9bec (APNQ) is an association known for its contribution to the development of the notarial profession in Quebec.","robots":{"index":"index","follow":"follow","max-snippet":"max-snippet:-1","max-image-preview":"max-image-preview:large","max-video-preview":"max-video-preview:-1"},"canonical":"https:\/\/www.fprofessionnels.com\/en\/about\/our-shareholders-partners\/appsq\/","og_locale":"en_US","og_type":"article","og_title":"Association professionnelle des pharmaciens salari\u00e9s du Qu\u00e9bec","og_description":"The Association professionnelle des notaires du Qu\u00e9bec (APNQ) is an association known for its contribution to the development of the notarial profession in Quebec.","og_url":"https:\/\/www.fprofessionnels.com\/en\/about\/our-shareholders-partners\/appsq\/","og_site_name":"fdp Gestion priv\u00e9e","article_publisher":"https:\/\/www.facebook.com\/Fprofessionnels\/","article_modified_time":"2025-12-10T21:37:39+00:00","og_image":[{"width":1200,"height":630,"url":"https:\/\/www.fprofessionnels.com\/wp-content\/uploads\/2020\/10\/FDP_SiteWeb_FB_Share_D_v08.jpg","type":"image\/jpeg"}],"twitter_card":"summary_large_image","twitter_site":"@Fprofessionnels","twitter_misc":{"Est. reading time":"1 minute"},"schema":{"@context":"https:\/\/schema.org","@graph":[{"@type":"WebPage","@id":"https:\/\/www.fprofessionnels.com\/en\/about\/our-shareholders-partners\/appsq\/","url":"https:\/\/www.fprofessionnels.com\/en\/about\/our-shareholders-partners\/appsq\/","name":"Association professionnelle des pharmaciens salari\u00e9s du Qu\u00e9bec &#8902;","isPartOf":{"@id":"https:\/\/www.fprofessionnels.com\/en\/#website"},"datePublished":"2023-09-21T13:42:19+00:00","dateModified":"2025-12-10T21:37:39+00:00","description":"The Association professionnelle des notaires du Qu\u00e9bec (APNQ) is an association known for its contribution to the development of the notarial profession in Quebec.","breadcrumb":{"@id":"https:\/\/www.fprofessionnels.com\/en\/about\/our-shareholders-partners\/appsq\/#breadcrumb"},"inLanguage":"en-US","potentialAction":[{"@type":"ReadAction","target":["https:\/\/www.fprofessionnels.com\/en\/about\/our-shareholders-partners\/appsq\/"]}]},{"@type":"BreadcrumbList","@id":"https:\/\/www.fprofessionnels.com\/en\/about\/our-shareholders-partners\/appsq\/#breadcrumb","itemListElement":[{"@type":"ListItem","position":1,"name":"Accueil","item":"https:\/\/www.fprofessionnels.com\/en\/"},{"@type":"ListItem","position":2,"name":"About us","item":"https:\/\/www.fprofessionnels.com\/en\/about\/"},{"@type":"ListItem","position":3,"name":"Our shareholders and partners","item":"https:\/\/www.fprofessionnels.com\/en\/about\/our-shareholders-partners\/"},{"@type":"ListItem","position":4,"name":"Association professionnelle des pharmaciens salari\u00e9s du Qu\u00e9bec"}]},{"@type":"WebSite","@id":"https:\/\/www.fprofessionnels.com\/en\/#website","url":"https:\/\/www.fprofessionnels.com\/en\/","name":"fdp Gestion priv\u00e9e","description":"Une longueur d\u2019avance dans vos prises de d\u00e9cisions financi\u00e8res","publisher":{"@id":"https:\/\/www.fprofessionnels.com\/en\/#organization"},"potentialAction":[{"@type":"SearchAction","target":{"@type":"EntryPoint","urlTemplate":"https:\/\/www.fprofessionnels.com\/en\/?s={search_term_string}"},"query-input":{"@type":"PropertyValueSpecification","valueRequired":true,"valueName":"search_term_string"}}],"inLanguage":"en-US"},{"@type":"Organization","@id":"https:\/\/www.fprofessionnels.com\/en\/#organization","name":"Financi\u00e8re des professionnels","url":"https:\/\/www.fprofessionnels.com\/en\/","logo":{"@type":"ImageObject","inLanguage":"en-US","@id":"https:\/\/www.fprofessionnels.com\/en\/#\/schema\/logo\/image\/","url":"\/wp-content\/uploads\/2016\/06\/logo-fpro.png","contentUrl":"\/wp-content\/uploads\/2016\/06\/logo-fpro.png","width":292,"height":184,"caption":"Financi\u00e8re des professionnels"},"image":{"@id":"https:\/\/www.fprofessionnels.com\/en\/#\/schema\/logo\/image\/"},"sameAs":["https:\/\/www.facebook.com\/Fprofessionnels\/","https:\/\/x.com\/Fprofessionnels","https:\/\/www.linkedin.com\/company\/financi-re-des-professionnels"]}]}},"_links":{"self":[{"href":"https:\/\/www.fprofessionnels.com\/en\/wp-json\/wp\/v2\/pages\/48439","targetHints":{"allow":["GET"]}}],"collection":[{"href":"https:\/\/www.fprofessionnels.com\/en\/wp-json\/wp\/v2\/pages"}],"about":[{"href":"https:\/\/www.fprofessionnels.com\/en\/wp-json\/wp\/v2\/types\/page"}],"author":[{"embeddable":true,"href":"https:\/\/www.fprofessionnels.com\/en\/wp-json\/wp\/v2\/users\/1047"}],"replies":[{"embeddable":true,"href":"https:\/\/www.fprofessionnels.com\/en\/wp-json\/wp\/v2\/comments?post=48439"}],"version-history":[{"count":7,"href":"https:\/\/www.fprofessionnels.com\/en\/wp-json\/wp\/v2\/pages\/48439\/revisions"}],"predecessor-version":[{"id":58293,"href":"https:\/\/www.fprofessionnels.com\/en\/wp-json\/wp\/v2\/pages\/48439\/revisions\/58293"}],"up":[{"embeddable":true,"href":"https:\/\/www.fprofessionnels.com\/en\/wp-json\/wp\/v2\/pages\/780"}],"wp:attachment":[{"href":"https:\/\/www.fprofessionnels.com\/en\/wp-json\/wp\/v2\/media?parent=48439"}],"wp:term":[{"taxonomy":"categorie-de-page","embeddable":true,"href":"https:\/\/www.fprofessionnels.com\/en\/wp-json\/wp\/v2\/categorie-de-page?post=48439"}],"curies":[{"name":"wp","href":"https:\/\/api.w.org\/{rel}","templated":true}]}}