{"id":709,"date":"2016-05-03T14:27:34","date_gmt":"2016-05-03T18:27:34","guid":{"rendered":"https:\/\/wwwprodaz.fprofessionnels.com\/en\/?page_id=709"},"modified":"2025-03-18T16:27:17","modified_gmt":"2025-03-18T20:27:17","slug":"our-experts","status":"publish","type":"page","link":"https:\/\/www.fprofessionnels.com\/en\/our-experts\/","title":{"rendered":"Our experts"},"content":{"rendered":"<h3>To achieve your dreams<\/h3>\n<p>Whether they are part of the <a href=\"https:\/\/www.fprofessionnels.com\/en\/our-experts\/our-advisors\/\">fdp Private Wealth Management team<\/a> or that of our business partners, our experts and specialists work together to build and protect your financial security.<\/p>\n<p><strong>Discover our services ecosystem!<\/strong><\/p>\n<style>#bulles-container{display:none;}<\/style>\n<p><img loading=\"lazy\" decoding=\"async\" class=\"aligncenter wp-image-43638 size-full content-img\" src=\"\/wp-content\/uploads\/2022\/09\/Graphique_ServicesEN_682x404.jpg\" alt=\"\" width=\"1364\" height=\"808\" srcset=\"\/wp-content\/uploads\/2022\/09\/Graphique_ServicesEN_682x404.jpg 1364w, \/wp-content\/uploads\/2022\/09\/Graphique_ServicesEN_682x404-300x178.jpg 300w, \/wp-content\/uploads\/2022\/09\/Graphique_ServicesEN_682x404-1024x607.jpg 1024w, \/wp-content\/uploads\/2022\/09\/Graphique_ServicesEN_682x404-768x455.jpg 768w\" sizes=\"auto, (max-width: 1364px) 100vw, 1364px\" \/><\/p>\n","protected":false},"excerpt":{"rendered":"<p>To achieve your dreams Whether they are part of the fdp Private Wealth Management team or that of our business partners, our experts and specialists work together to build and protect your financial security. Discover our services ecosystem!<\/p>\n","protected":false},"author":6,"featured_media":9762,"parent":0,"menu_order":20,"comment_status":"closed","ping_status":"closed","template":"","meta":{"_acf_changed":false,"footnotes":"","_links_to":"","_links_to_target":""},"categorie-de-page":[],"class_list":["post-709","page","type-page","status-publish","has-post-thumbnail","hentry"],"acf":[],"yoast_head":"<!-- This site is optimized with the Yoast SEO Premium plugin v26.9 (Yoast SEO v26.9) - https:\/\/yoast.com\/product\/yoast-seo-premium-wordpress\/ -->\n<title>Nos planificateurs financiers &#8902; fdp Gestion priv\u00e9e<\/title>\n<meta name=\"description\" content=\"Trouvez un planificateur financier pour vous aider et vous conseiller dans chacune des \u00e9tapes de votre vie financi\u00e8re. Discuter avec l&#039;un de nos conseiller!\" \/>\n<meta name=\"robots\" content=\"index, follow, max-snippet:-1, max-image-preview:large, max-video-preview:-1\" \/>\n<link rel=\"canonical\" href=\"https:\/\/www.fprofessionnels.com\/en\/our-experts\/\" \/>\n<meta property=\"og:locale\" content=\"en_US\" \/>\n<meta property=\"og:type\" content=\"article\" \/>\n<meta property=\"og:title\" content=\"Our experts\" \/>\n<meta property=\"og:description\" content=\"Trouvez un planificateur financier pour vous aider et vous conseiller dans chacune des \u00e9tapes de votre vie financi\u00e8re. Discuter avec l&#039;un de nos conseiller!\" \/>\n<meta property=\"og:url\" content=\"https:\/\/www.fprofessionnels.com\/en\/our-experts\/\" \/>\n<meta property=\"og:site_name\" content=\"fdp Gestion priv\u00e9e\" \/>\n<meta property=\"article:publisher\" content=\"https:\/\/www.facebook.com\/Fprofessionnels\/\" \/>\n<meta property=\"article:modified_time\" content=\"2025-03-18T20:27:17+00:00\" \/>\n<meta property=\"og:image\" content=\"https:\/\/www.fprofessionnels.com\/wp-content\/uploads\/2016\/04\/Pastille_Conseiller-1.jpg\" \/>\n\t<meta property=\"og:image:width\" content=\"220\" \/>\n\t<meta property=\"og:image:height\" content=\"200\" \/>\n\t<meta property=\"og:image:type\" content=\"image\/jpeg\" \/>\n<meta name=\"twitter:card\" content=\"summary_large_image\" \/>\n<meta name=\"twitter:site\" content=\"@Fprofessionnels\" \/>\n<meta name=\"twitter:label1\" content=\"Est. reading time\" \/>\n\t<meta name=\"twitter:data1\" content=\"1 minute\" \/>\n<script type=\"application\/ld+json\" class=\"yoast-schema-graph\">{\"@context\":\"https:\/\/schema.org\",\"@graph\":[{\"@type\":\"WebPage\",\"@id\":\"https:\/\/www.fprofessionnels.com\/en\/our-experts\/\",\"url\":\"https:\/\/www.fprofessionnels.com\/en\/our-experts\/\",\"name\":\"Nos planificateurs financiers &#8902; fdp Gestion priv\u00e9e\",\"isPartOf\":{\"@id\":\"https:\/\/www.fprofessionnels.com\/en\/#website\"},\"primaryImageOfPage\":{\"@id\":\"https:\/\/www.fprofessionnels.com\/en\/our-experts\/#primaryimage\"},\"image\":{\"@id\":\"https:\/\/www.fprofessionnels.com\/en\/our-experts\/#primaryimage\"},\"thumbnailUrl\":\"\/wp-content\/uploads\/2016\/04\/Pastille_Conseiller-1.jpg\",\"datePublished\":\"2016-05-03T18:27:34+00:00\",\"dateModified\":\"2025-03-18T20:27:17+00:00\",\"description\":\"Trouvez un planificateur financier pour vous aider et vous conseiller dans chacune des \u00e9tapes de votre vie financi\u00e8re. Discuter avec l'un de nos conseiller!\",\"breadcrumb\":{\"@id\":\"https:\/\/www.fprofessionnels.com\/en\/our-experts\/#breadcrumb\"},\"inLanguage\":\"en-US\",\"potentialAction\":[{\"@type\":\"ReadAction\",\"target\":[\"https:\/\/www.fprofessionnels.com\/en\/our-experts\/\"]}]},{\"@type\":\"ImageObject\",\"inLanguage\":\"en-US\",\"@id\":\"https:\/\/www.fprofessionnels.com\/en\/our-experts\/#primaryimage\",\"url\":\"\/wp-content\/uploads\/2016\/04\/Pastille_Conseiller-1.jpg\",\"contentUrl\":\"\/wp-content\/uploads\/2016\/04\/Pastille_Conseiller-1.jpg\",\"width\":220,\"height\":200,\"caption\":\"Planificateurs financiers\"},{\"@type\":\"BreadcrumbList\",\"@id\":\"https:\/\/www.fprofessionnels.com\/en\/our-experts\/#breadcrumb\",\"itemListElement\":[{\"@type\":\"ListItem\",\"position\":1,\"name\":\"Accueil\",\"item\":\"https:\/\/www.fprofessionnels.com\/en\/\"},{\"@type\":\"ListItem\",\"position\":2,\"name\":\"Our experts\"}]},{\"@type\":\"WebSite\",\"@id\":\"https:\/\/www.fprofessionnels.com\/en\/#website\",\"url\":\"https:\/\/www.fprofessionnels.com\/en\/\",\"name\":\"fdp Gestion priv\u00e9e\",\"description\":\"Une longueur d\u2019avance dans vos prises de d\u00e9cisions financi\u00e8res\",\"publisher\":{\"@id\":\"https:\/\/www.fprofessionnels.com\/en\/#organization\"},\"potentialAction\":[{\"@type\":\"SearchAction\",\"target\":{\"@type\":\"EntryPoint\",\"urlTemplate\":\"https:\/\/www.fprofessionnels.com\/en\/?s={search_term_string}\"},\"query-input\":{\"@type\":\"PropertyValueSpecification\",\"valueRequired\":true,\"valueName\":\"search_term_string\"}}],\"inLanguage\":\"en-US\"},{\"@type\":\"Organization\",\"@id\":\"https:\/\/www.fprofessionnels.com\/en\/#organization\",\"name\":\"Financi\u00e8re des professionnels\",\"url\":\"https:\/\/www.fprofessionnels.com\/en\/\",\"logo\":{\"@type\":\"ImageObject\",\"inLanguage\":\"en-US\",\"@id\":\"https:\/\/www.fprofessionnels.com\/en\/#\/schema\/logo\/image\/\",\"url\":\"\/wp-content\/uploads\/2016\/06\/logo-fpro.png\",\"contentUrl\":\"\/wp-content\/uploads\/2016\/06\/logo-fpro.png\",\"width\":292,\"height\":184,\"caption\":\"Financi\u00e8re des professionnels\"},\"image\":{\"@id\":\"https:\/\/www.fprofessionnels.com\/en\/#\/schema\/logo\/image\/\"},\"sameAs\":[\"https:\/\/www.facebook.com\/Fprofessionnels\/\",\"https:\/\/x.com\/Fprofessionnels\",\"https:\/\/www.linkedin.com\/company\/financi-re-des-professionnels\"]}]}<\/script>\n<!-- \/ Yoast SEO Premium plugin. -->","yoast_head_json":{"title":"Nos planificateurs financiers &#8902; fdp Gestion priv\u00e9e","description":"Trouvez un planificateur financier pour vous aider et vous conseiller dans chacune des \u00e9tapes de votre vie financi\u00e8re. Discuter avec l'un de nos conseiller!","robots":{"index":"index","follow":"follow","max-snippet":"max-snippet:-1","max-image-preview":"max-image-preview:large","max-video-preview":"max-video-preview:-1"},"canonical":"https:\/\/www.fprofessionnels.com\/en\/our-experts\/","og_locale":"en_US","og_type":"article","og_title":"Our experts","og_description":"Trouvez un planificateur financier pour vous aider et vous conseiller dans chacune des \u00e9tapes de votre vie financi\u00e8re. Discuter avec l'un de nos conseiller!","og_url":"https:\/\/www.fprofessionnels.com\/en\/our-experts\/","og_site_name":"fdp Gestion priv\u00e9e","article_publisher":"https:\/\/www.facebook.com\/Fprofessionnels\/","article_modified_time":"2025-03-18T20:27:17+00:00","og_image":[{"width":220,"height":200,"url":"https:\/\/www.fprofessionnels.com\/wp-content\/uploads\/2016\/04\/Pastille_Conseiller-1.jpg","type":"image\/jpeg"}],"twitter_card":"summary_large_image","twitter_site":"@Fprofessionnels","twitter_misc":{"Est. reading time":"1 minute"},"schema":{"@context":"https:\/\/schema.org","@graph":[{"@type":"WebPage","@id":"https:\/\/www.fprofessionnels.com\/en\/our-experts\/","url":"https:\/\/www.fprofessionnels.com\/en\/our-experts\/","name":"Nos planificateurs financiers &#8902; fdp Gestion priv\u00e9e","isPartOf":{"@id":"https:\/\/www.fprofessionnels.com\/en\/#website"},"primaryImageOfPage":{"@id":"https:\/\/www.fprofessionnels.com\/en\/our-experts\/#primaryimage"},"image":{"@id":"https:\/\/www.fprofessionnels.com\/en\/our-experts\/#primaryimage"},"thumbnailUrl":"\/wp-content\/uploads\/2016\/04\/Pastille_Conseiller-1.jpg","datePublished":"2016-05-03T18:27:34+00:00","dateModified":"2025-03-18T20:27:17+00:00","description":"Trouvez un planificateur financier pour vous aider et vous conseiller dans chacune des \u00e9tapes de votre vie financi\u00e8re. Discuter avec l'un de nos conseiller!","breadcrumb":{"@id":"https:\/\/www.fprofessionnels.com\/en\/our-experts\/#breadcrumb"},"inLanguage":"en-US","potentialAction":[{"@type":"ReadAction","target":["https:\/\/www.fprofessionnels.com\/en\/our-experts\/"]}]},{"@type":"ImageObject","inLanguage":"en-US","@id":"https:\/\/www.fprofessionnels.com\/en\/our-experts\/#primaryimage","url":"\/wp-content\/uploads\/2016\/04\/Pastille_Conseiller-1.jpg","contentUrl":"\/wp-content\/uploads\/2016\/04\/Pastille_Conseiller-1.jpg","width":220,"height":200,"caption":"Planificateurs financiers"},{"@type":"BreadcrumbList","@id":"https:\/\/www.fprofessionnels.com\/en\/our-experts\/#breadcrumb","itemListElement":[{"@type":"ListItem","position":1,"name":"Accueil","item":"https:\/\/www.fprofessionnels.com\/en\/"},{"@type":"ListItem","position":2,"name":"Our experts"}]},{"@type":"WebSite","@id":"https:\/\/www.fprofessionnels.com\/en\/#website","url":"https:\/\/www.fprofessionnels.com\/en\/","name":"fdp Gestion priv\u00e9e","description":"Une longueur d\u2019avance dans vos prises de d\u00e9cisions financi\u00e8res","publisher":{"@id":"https:\/\/www.fprofessionnels.com\/en\/#organization"},"potentialAction":[{"@type":"SearchAction","target":{"@type":"EntryPoint","urlTemplate":"https:\/\/www.fprofessionnels.com\/en\/?s={search_term_string}"},"query-input":{"@type":"PropertyValueSpecification","valueRequired":true,"valueName":"search_term_string"}}],"inLanguage":"en-US"},{"@type":"Organization","@id":"https:\/\/www.fprofessionnels.com\/en\/#organization","name":"Financi\u00e8re des professionnels","url":"https:\/\/www.fprofessionnels.com\/en\/","logo":{"@type":"ImageObject","inLanguage":"en-US","@id":"https:\/\/www.fprofessionnels.com\/en\/#\/schema\/logo\/image\/","url":"\/wp-content\/uploads\/2016\/06\/logo-fpro.png","contentUrl":"\/wp-content\/uploads\/2016\/06\/logo-fpro.png","width":292,"height":184,"caption":"Financi\u00e8re des professionnels"},"image":{"@id":"https:\/\/www.fprofessionnels.com\/en\/#\/schema\/logo\/image\/"},"sameAs":["https:\/\/www.facebook.com\/Fprofessionnels\/","https:\/\/x.com\/Fprofessionnels","https:\/\/www.linkedin.com\/company\/financi-re-des-professionnels"]}]}},"_links":{"self":[{"href":"https:\/\/www.fprofessionnels.com\/en\/wp-json\/wp\/v2\/pages\/709","targetHints":{"allow":["GET"]}}],"collection":[{"href":"https:\/\/www.fprofessionnels.com\/en\/wp-json\/wp\/v2\/pages"}],"about":[{"href":"https:\/\/www.fprofessionnels.com\/en\/wp-json\/wp\/v2\/types\/page"}],"author":[{"embeddable":true,"href":"https:\/\/www.fprofessionnels.com\/en\/wp-json\/wp\/v2\/users\/6"}],"replies":[{"embeddable":true,"href":"https:\/\/www.fprofessionnels.com\/en\/wp-json\/wp\/v2\/comments?post=709"}],"version-history":[{"count":12,"href":"https:\/\/www.fprofessionnels.com\/en\/wp-json\/wp\/v2\/pages\/709\/revisions"}],"predecessor-version":[{"id":55019,"href":"https:\/\/www.fprofessionnels.com\/en\/wp-json\/wp\/v2\/pages\/709\/revisions\/55019"}],"wp:featuredmedia":[{"embeddable":true,"href":"https:\/\/www.fprofessionnels.com\/en\/wp-json\/wp\/v2\/media\/9762"}],"wp:attachment":[{"href":"https:\/\/www.fprofessionnels.com\/en\/wp-json\/wp\/v2\/media?parent=709"}],"wp:term":[{"taxonomy":"categorie-de-page","embeddable":true,"href":"https:\/\/www.fprofessionnels.com\/en\/wp-json\/wp\/v2\/categorie-de-page?post=709"}],"curies":[{"name":"wp","href":"https:\/\/api.w.org\/{rel}","templated":true}]}}