{"id":711,"date":"2016-05-03T14:28:25","date_gmt":"2016-05-03T18:28:25","guid":{"rendered":"https:\/\/wwwprodaz.fprofessionnels.com\/en\/?page_id=711"},"modified":"2026-01-13T13:48:03","modified_gmt":"2026-01-13T18:48:03","slug":"about","status":"publish","type":"page","link":"https:\/\/www.fprofessionnels.com\/en\/about\/","title":{"rendered":"About us"},"content":{"rendered":"<h3>Professionals serving professionals!<\/h3>\n<p>Professionals\u2019 Financial was founded in 1978 by the F\u00e9d\u00e9ration des m\u00e9decins sp\u00e9cialistes du Qu\u00e9bec (FMSQ) with a view to serving the financial needs and interests of all professionals. In addition to the FMSQ, the Financial is guided by the Association des chirurgiens dentistes du Qu\u00e9bec, the Corporation de service des notaires du Qu\u00e9bec, the Association des architectes en pratique priv\u00e9e du Qu\u00e9bec and the Association qu\u00e9b\u00e9coise des pharmaciens propri\u00e9taires.<\/p>\n<p>Much progress has been made over the years, and we\u2019ve become indispensable allies for a growing number of privileged clients who place their trust in us.<\/p>\n<h3>Mission<\/h3>\n<p>Created by and for professionals, Professionals&#8217; Financial is fully dedicated to responding to its clients&#8217; wealth management needs, offering innovative and customized solutions, while maintaining the highest standards of competence, integrity and corporate governance.<\/p>\n<h3>Values<\/h3>\n<p>Deeply entrenched in each of the persons who work at Professionals\u2019 Financial, our values are at the heart of everything we do for you.<\/p>\n<h5 style=\"padding-left: 30px;\"><img loading=\"lazy\" decoding=\"async\" style=\"width: 100px; height: 100px;\" class=\"alignleft wp-image-58349 content-img\" src=\"\/wp-content\/uploads\/2025\/12\/Confiance.svg\" alt=\"Confiance\" width=\"100\" height=\"100\" \/><\/h5>\n<h5 style=\"padding-left: 30px;\">TRUST<\/h5>\n<p style=\"padding-left: 30px;\">It is built by creating an inclusive environment, focusing on our customers&#8217; needs, and working together to consistently and ethically deliver on our commitments.<\/p>\n<div class=\"clearfix\" style=\"padding-left: 30px;\">\u00a0<\/div>\n<h5 style=\"padding-left: 30px;\"><img loading=\"lazy\" decoding=\"async\" style=\"width: 100px; height: 102px;\" class=\"alignleft wp-image-58345 content-img\" src=\"\/wp-content\/uploads\/2025\/12\/Accessibilite.svg\" alt=\"Accessibilit\u00e9\" width=\"100\" height=\"102\" \/>ACCESSIBILITY<\/h5>\n<p style=\"padding-left: 30px;\">Being accessible means being present, attentive, and authentic. On a human level, we cultivate open and sincere relationships with everyone around us.<\/p>\n<div class=\"clearfix\" style=\"padding-left: 30px;\">\u00a0<\/div>\n<h5 style=\"padding-left: 30px;\"><img loading=\"lazy\" decoding=\"async\" style=\"width: 100px; height: 87px;\" class=\"alignleft wp-image-58351 content-img\" src=\"\/wp-content\/uploads\/2025\/12\/Expertise.svg\" alt=\"Expertise\" width=\"100\" height=\"87\" \/>EXPERTISE<\/h5>\n<p style=\"padding-left: 30px;\">Our expertise is valuable and diverse. We constantly strive to push the boundaries of our know-how.<\/p>\n<div class=\"clearfix\" style=\"padding-left: 30px;\">\u00a0<\/div>\n<h5 style=\"padding-left: 30px;\"><img loading=\"lazy\" decoding=\"async\" style=\"width: 100px; height: 84px;\" class=\"alignleft wp-image-58347 content-img\" src=\"\/wp-content\/uploads\/2025\/12\/Audace.svg\" alt=\"Audace\" width=\"100\" height=\"84\" \/>EXPERTISE<\/h5>\n<p style=\"padding-left: 30px;\">With our team of complementary experts, our understanding of your situation, and our efforts to remain on the cutting edge of our industry, we\u2019re able to offer you quality solutions.<\/p>\n","protected":false},"excerpt":{"rendered":"<p>Professionals serving professionals! Professionals\u2019 Financial was founded in 1978 by the F\u00e9d\u00e9ration des m\u00e9decins sp\u00e9cialistes du Qu\u00e9bec (FMSQ) with a view to serving the financial needs and interests of all professionals. In addition to the FMSQ, the Financial is guided by the Association des chirurgiens dentistes du Qu\u00e9bec, the Corporation de service des notaires du <a class=\"read-more\" href=\"https:\/\/www.fprofessionnels.com\/en\/about\/\">[&#8230;]<\/a><\/p>\n","protected":false},"author":6,"featured_media":4081,"parent":0,"menu_order":25,"comment_status":"closed","ping_status":"closed","template":"","meta":{"_acf_changed":false,"footnotes":"","_links_to":"","_links_to_target":""},"categorie-de-page":[],"class_list":["post-711","page","type-page","status-publish","has-post-thumbnail","hentry"],"acf":[],"yoast_head":"<!-- This site is optimized with the Yoast SEO Premium plugin v26.9 (Yoast SEO v26.9) - https:\/\/yoast.com\/product\/yoast-seo-premium-wordpress\/ -->\n<title>About us &#8902; fdp Gestion priv\u00e9e<\/title>\n<meta name=\"robots\" content=\"index, follow, max-snippet:-1, max-image-preview:large, max-video-preview:-1\" \/>\n<link rel=\"canonical\" href=\"https:\/\/www.fprofessionnels.com\/en\/about\/\" \/>\n<meta property=\"og:locale\" content=\"en_US\" \/>\n<meta property=\"og:type\" content=\"article\" \/>\n<meta property=\"og:title\" content=\"About us\" \/>\n<meta property=\"og:description\" content=\"Professionals serving professionals! Professionals\u2019 Financial was founded in 1978 by the F\u00e9d\u00e9ration des m\u00e9decins sp\u00e9cialistes du Qu\u00e9bec (FMSQ) with a view to serving the financial needs and interests of all professionals. In addition to the FMSQ, the Financial is guided by the Association des chirurgiens dentistes du Qu\u00e9bec, the Corporation de service des notaires du [...]\" \/>\n<meta property=\"og:url\" content=\"https:\/\/www.fprofessionnels.com\/en\/about\/\" \/>\n<meta property=\"og:site_name\" content=\"fdp Gestion priv\u00e9e\" \/>\n<meta property=\"article:publisher\" content=\"https:\/\/www.facebook.com\/Fprofessionnels\/\" \/>\n<meta property=\"article:modified_time\" content=\"2026-01-13T18:48:03+00:00\" \/>\n<meta property=\"og:image\" content=\"https:\/\/www.fprofessionnels.com\/wp-content\/uploads\/2016\/04\/Pastille_Propos.jpg\" \/>\n\t<meta property=\"og:image:width\" content=\"220\" \/>\n\t<meta property=\"og:image:height\" content=\"200\" \/>\n\t<meta property=\"og:image:type\" content=\"image\/jpeg\" \/>\n<meta name=\"twitter:card\" content=\"summary_large_image\" \/>\n<meta name=\"twitter:site\" content=\"@Fprofessionnels\" \/>\n<meta name=\"twitter:label1\" content=\"Est. reading time\" \/>\n\t<meta name=\"twitter:data1\" content=\"3 minutes\" \/>\n<script type=\"application\/ld+json\" class=\"yoast-schema-graph\">{\"@context\":\"https:\/\/schema.org\",\"@graph\":[{\"@type\":\"WebPage\",\"@id\":\"https:\/\/www.fprofessionnels.com\/en\/about\/\",\"url\":\"https:\/\/www.fprofessionnels.com\/en\/about\/\",\"name\":\"About us &#8902; fdp Gestion priv\u00e9e\",\"isPartOf\":{\"@id\":\"https:\/\/www.fprofessionnels.com\/en\/#website\"},\"primaryImageOfPage\":{\"@id\":\"https:\/\/www.fprofessionnels.com\/en\/about\/#primaryimage\"},\"image\":{\"@id\":\"https:\/\/www.fprofessionnels.com\/en\/about\/#primaryimage\"},\"thumbnailUrl\":\"\/wp-content\/uploads\/2016\/04\/Pastille_Propos.jpg\",\"datePublished\":\"2016-05-03T18:28:25+00:00\",\"dateModified\":\"2026-01-13T18:48:03+00:00\",\"breadcrumb\":{\"@id\":\"https:\/\/www.fprofessionnels.com\/en\/about\/#breadcrumb\"},\"inLanguage\":\"en-US\",\"potentialAction\":[{\"@type\":\"ReadAction\",\"target\":[\"https:\/\/www.fprofessionnels.com\/en\/about\/\"]}]},{\"@type\":\"ImageObject\",\"inLanguage\":\"en-US\",\"@id\":\"https:\/\/www.fprofessionnels.com\/en\/about\/#primaryimage\",\"url\":\"\/wp-content\/uploads\/2016\/04\/Pastille_Propos.jpg\",\"contentUrl\":\"\/wp-content\/uploads\/2016\/04\/Pastille_Propos.jpg\",\"width\":220,\"height\":200},{\"@type\":\"BreadcrumbList\",\"@id\":\"https:\/\/www.fprofessionnels.com\/en\/about\/#breadcrumb\",\"itemListElement\":[{\"@type\":\"ListItem\",\"position\":1,\"name\":\"Accueil\",\"item\":\"https:\/\/www.fprofessionnels.com\/en\/\"},{\"@type\":\"ListItem\",\"position\":2,\"name\":\"About us\"}]},{\"@type\":\"WebSite\",\"@id\":\"https:\/\/www.fprofessionnels.com\/en\/#website\",\"url\":\"https:\/\/www.fprofessionnels.com\/en\/\",\"name\":\"fdp Gestion priv\u00e9e\",\"description\":\"Une longueur d\u2019avance dans vos prises de d\u00e9cisions financi\u00e8res\",\"publisher\":{\"@id\":\"https:\/\/www.fprofessionnels.com\/en\/#organization\"},\"potentialAction\":[{\"@type\":\"SearchAction\",\"target\":{\"@type\":\"EntryPoint\",\"urlTemplate\":\"https:\/\/www.fprofessionnels.com\/en\/?s={search_term_string}\"},\"query-input\":{\"@type\":\"PropertyValueSpecification\",\"valueRequired\":true,\"valueName\":\"search_term_string\"}}],\"inLanguage\":\"en-US\"},{\"@type\":\"Organization\",\"@id\":\"https:\/\/www.fprofessionnels.com\/en\/#organization\",\"name\":\"Financi\u00e8re des professionnels\",\"url\":\"https:\/\/www.fprofessionnels.com\/en\/\",\"logo\":{\"@type\":\"ImageObject\",\"inLanguage\":\"en-US\",\"@id\":\"https:\/\/www.fprofessionnels.com\/en\/#\/schema\/logo\/image\/\",\"url\":\"\/wp-content\/uploads\/2016\/06\/logo-fpro.png\",\"contentUrl\":\"\/wp-content\/uploads\/2016\/06\/logo-fpro.png\",\"width\":292,\"height\":184,\"caption\":\"Financi\u00e8re des professionnels\"},\"image\":{\"@id\":\"https:\/\/www.fprofessionnels.com\/en\/#\/schema\/logo\/image\/\"},\"sameAs\":[\"https:\/\/www.facebook.com\/Fprofessionnels\/\",\"https:\/\/x.com\/Fprofessionnels\",\"https:\/\/www.linkedin.com\/company\/financi-re-des-professionnels\"]}]}<\/script>\n<!-- \/ Yoast SEO Premium plugin. -->","yoast_head_json":{"title":"About us &#8902; fdp Gestion priv\u00e9e","robots":{"index":"index","follow":"follow","max-snippet":"max-snippet:-1","max-image-preview":"max-image-preview:large","max-video-preview":"max-video-preview:-1"},"canonical":"https:\/\/www.fprofessionnels.com\/en\/about\/","og_locale":"en_US","og_type":"article","og_title":"About us","og_description":"Professionals serving professionals! Professionals\u2019 Financial was founded in 1978 by the F\u00e9d\u00e9ration des m\u00e9decins sp\u00e9cialistes du Qu\u00e9bec (FMSQ) with a view to serving the financial needs and interests of all professionals. In addition to the FMSQ, the Financial is guided by the Association des chirurgiens dentistes du Qu\u00e9bec, the Corporation de service des notaires du [...]","og_url":"https:\/\/www.fprofessionnels.com\/en\/about\/","og_site_name":"fdp Gestion priv\u00e9e","article_publisher":"https:\/\/www.facebook.com\/Fprofessionnels\/","article_modified_time":"2026-01-13T18:48:03+00:00","og_image":[{"width":220,"height":200,"url":"https:\/\/www.fprofessionnels.com\/wp-content\/uploads\/2016\/04\/Pastille_Propos.jpg","type":"image\/jpeg"}],"twitter_card":"summary_large_image","twitter_site":"@Fprofessionnels","twitter_misc":{"Est. reading time":"3 minutes"},"schema":{"@context":"https:\/\/schema.org","@graph":[{"@type":"WebPage","@id":"https:\/\/www.fprofessionnels.com\/en\/about\/","url":"https:\/\/www.fprofessionnels.com\/en\/about\/","name":"About us &#8902; fdp Gestion priv\u00e9e","isPartOf":{"@id":"https:\/\/www.fprofessionnels.com\/en\/#website"},"primaryImageOfPage":{"@id":"https:\/\/www.fprofessionnels.com\/en\/about\/#primaryimage"},"image":{"@id":"https:\/\/www.fprofessionnels.com\/en\/about\/#primaryimage"},"thumbnailUrl":"\/wp-content\/uploads\/2016\/04\/Pastille_Propos.jpg","datePublished":"2016-05-03T18:28:25+00:00","dateModified":"2026-01-13T18:48:03+00:00","breadcrumb":{"@id":"https:\/\/www.fprofessionnels.com\/en\/about\/#breadcrumb"},"inLanguage":"en-US","potentialAction":[{"@type":"ReadAction","target":["https:\/\/www.fprofessionnels.com\/en\/about\/"]}]},{"@type":"ImageObject","inLanguage":"en-US","@id":"https:\/\/www.fprofessionnels.com\/en\/about\/#primaryimage","url":"\/wp-content\/uploads\/2016\/04\/Pastille_Propos.jpg","contentUrl":"\/wp-content\/uploads\/2016\/04\/Pastille_Propos.jpg","width":220,"height":200},{"@type":"BreadcrumbList","@id":"https:\/\/www.fprofessionnels.com\/en\/about\/#breadcrumb","itemListElement":[{"@type":"ListItem","position":1,"name":"Accueil","item":"https:\/\/www.fprofessionnels.com\/en\/"},{"@type":"ListItem","position":2,"name":"About us"}]},{"@type":"WebSite","@id":"https:\/\/www.fprofessionnels.com\/en\/#website","url":"https:\/\/www.fprofessionnels.com\/en\/","name":"fdp Gestion priv\u00e9e","description":"Une longueur d\u2019avance dans vos prises de d\u00e9cisions financi\u00e8res","publisher":{"@id":"https:\/\/www.fprofessionnels.com\/en\/#organization"},"potentialAction":[{"@type":"SearchAction","target":{"@type":"EntryPoint","urlTemplate":"https:\/\/www.fprofessionnels.com\/en\/?s={search_term_string}"},"query-input":{"@type":"PropertyValueSpecification","valueRequired":true,"valueName":"search_term_string"}}],"inLanguage":"en-US"},{"@type":"Organization","@id":"https:\/\/www.fprofessionnels.com\/en\/#organization","name":"Financi\u00e8re des professionnels","url":"https:\/\/www.fprofessionnels.com\/en\/","logo":{"@type":"ImageObject","inLanguage":"en-US","@id":"https:\/\/www.fprofessionnels.com\/en\/#\/schema\/logo\/image\/","url":"\/wp-content\/uploads\/2016\/06\/logo-fpro.png","contentUrl":"\/wp-content\/uploads\/2016\/06\/logo-fpro.png","width":292,"height":184,"caption":"Financi\u00e8re des professionnels"},"image":{"@id":"https:\/\/www.fprofessionnels.com\/en\/#\/schema\/logo\/image\/"},"sameAs":["https:\/\/www.facebook.com\/Fprofessionnels\/","https:\/\/x.com\/Fprofessionnels","https:\/\/www.linkedin.com\/company\/financi-re-des-professionnels"]}]}},"_links":{"self":[{"href":"https:\/\/www.fprofessionnels.com\/en\/wp-json\/wp\/v2\/pages\/711","targetHints":{"allow":["GET"]}}],"collection":[{"href":"https:\/\/www.fprofessionnels.com\/en\/wp-json\/wp\/v2\/pages"}],"about":[{"href":"https:\/\/www.fprofessionnels.com\/en\/wp-json\/wp\/v2\/types\/page"}],"author":[{"embeddable":true,"href":"https:\/\/www.fprofessionnels.com\/en\/wp-json\/wp\/v2\/users\/6"}],"replies":[{"embeddable":true,"href":"https:\/\/www.fprofessionnels.com\/en\/wp-json\/wp\/v2\/comments?post=711"}],"version-history":[{"count":12,"href":"https:\/\/www.fprofessionnels.com\/en\/wp-json\/wp\/v2\/pages\/711\/revisions"}],"predecessor-version":[{"id":58449,"href":"https:\/\/www.fprofessionnels.com\/en\/wp-json\/wp\/v2\/pages\/711\/revisions\/58449"}],"wp:featuredmedia":[{"embeddable":true,"href":"https:\/\/www.fprofessionnels.com\/en\/wp-json\/wp\/v2\/media\/4081"}],"wp:attachment":[{"href":"https:\/\/www.fprofessionnels.com\/en\/wp-json\/wp\/v2\/media?parent=711"}],"wp:term":[{"taxonomy":"categorie-de-page","embeddable":true,"href":"https:\/\/www.fprofessionnels.com\/en\/wp-json\/wp\/v2\/categorie-de-page?post=711"}],"curies":[{"name":"wp","href":"https:\/\/api.w.org\/{rel}","templated":true}]}}