{"id":780,"date":"2016-05-04T10:55:25","date_gmt":"2016-05-04T14:55:25","guid":{"rendered":"https:\/\/wwwprodaz.fprofessionnels.com\/en\/?page_id=780"},"modified":"2026-02-10T16:20:18","modified_gmt":"2026-02-10T21:20:18","slug":"our-shareholders-partners","status":"publish","type":"page","link":"https:\/\/www.fprofessionnels.com\/en\/about\/our-shareholders-partners\/","title":{"rendered":"Our shareholders and partners"},"content":{"rendered":"<p>fdp Private Wealth Management can rely on the support of its professional association shareholders and partners and on the complementary expertise of its business partners to serve its clients by putting their interests first.<\/p>\n<p>To that end, fdp Private Wealth Management is also a <a href=\"https:\/\/www.fprofessionnels.com\/en\/about\/our-shareholders-partners\/multid\/\" target=\"_blank\" rel=\"noopener\">shareholder of MultiD<\/a>, whose services cover all administrative aspects of the practice of medicine.<\/p>\n<p><strong>Created by you and for you, fdp Private Wealth Management knows you better than anyone.<\/strong><\/p>\n<h4>Five professional association shareholders<\/h4>\n<p style=\"padding-left: 30px;\"><a href=\"https:\/\/www.fprofessionnels.com\/en\/about\/our-shareholders-partners\/fmsq\/\">F\u00e9d\u00e9ration des m\u00e9decins sp\u00e9cialistes du Qu\u00e9bec<\/a><\/p>\n<p style=\"padding-left: 30px;\"><a href=\"https:\/\/www.fprofessionnels.com\/en\/about\/our-shareholders-partners\/acdq\/\">Association des chirurgiens dentistes du Qu\u00e9bec<\/a><\/p>\n<p style=\"padding-left: 30px;\"><a href=\"https:\/\/www.fprofessionnels.com\/en\/about\/our-shareholders-partners\/cnq\/\">Corporation de service des notaires du Qu\u00e9bec<\/a><\/p>\n<p style=\"padding-left: 30px;\"><a href=\"https:\/\/www.fprofessionnels.com\/en\/about\/our-shareholders-partners\/aappq\/\">Association des architectes en pratique priv\u00e9e du Qu\u00e9bec<\/a><\/p>\n<p style=\"padding-left: 30px;\"><a href=\"https:\/\/www.fprofessionnels.com\/en\/about\/our-shareholders-partners\/aqpp\/\">Association qu\u00e9b\u00e9coise des pharmaciens propri\u00e9taires<\/a><\/p>\n<h4>Majority stake<\/h4>\n<p><a href=\"https:\/\/www.fprofessionnels.com\/en\/about\/our-shareholders-partners\/multid\/\" target=\"_blank\" rel=\"noopener\">\u00a0 \u00a0 \u00a0 \u00a0 MultiD<\/a><\/p>\n<h4>Seven partners<\/h4>\n<p style=\"padding-left: 30px;\"><a href=\"https:\/\/www.fprofessionnels.com\/en\/about\/our-shareholders-partners\/fmrq\/\">F\u00e9d\u00e9ration des m\u00e9decins r\u00e9sidents du Qu\u00e9bec<\/a><\/p>\n<p style=\"padding-left: 30px;\"><a href=\"https:\/\/www.fprofessionnels.com\/en\/about\/our-shareholders-partners\/mfc\/\">M\u00e9decins francophones du Canada<\/a><\/p>\n<p style=\"padding-left: 30px;\"><a href=\"https:\/\/www.fprofessionnels.com\/en\/about\/our-shareholders-partners\/adma\/\">Ordre des administrateurs agr\u00e9\u00e9s du Qu\u00e9bec<\/a><\/p>\n<p style=\"padding-left: 30px;\"><a href=\"https:\/\/www.fprofessionnels.com\/en\/about\/our-shareholders-partners\/federation-medicale-etudiante-quebec\/\" target=\"_blank\" rel=\"noopener\">F\u00e9d\u00e9ration m\u00e9dicale \u00e9tudiante du Qu\u00e9bec<\/a><\/p>\n<p style=\"padding-left: 30px;\"><a href=\"https:\/\/www.fprofessionnels.com\/en\/about\/our-shareholders-partners\/ajnq\/\" target=\"_blank\" rel=\"noopener noreferrer\">Association des jeunes notaires du Qu\u00e9bec<\/a><\/p>\n<p style=\"padding-left: 30px;\"><a href=\"https:\/\/www.fprofessionnels.com\/en\/about\/our-shareholders-partners\/apnq\/\">Association professionnelle des notaires du Qu\u00e9bec<\/a><\/p>\n<p style=\"padding-left: 30px;\"><a href=\"https:\/\/www.fprofessionnels.com\/en\/about\/our-shareholders-partners\/appsq\/\">Association professionnelle des pharmaciens salari\u00e9s du Qu\u00e9bec<\/a><\/p>\n<h4>Two affiliated companies<\/h4>\n<p>Our affiliated companies\u00a0provide additional expertise in insurance. They are always on hand to share their experience and their understanding of professionals\u2019 needs.<\/p>\n<p style=\"padding-left: 30px;\"><a href=\"https:\/\/www.fprofessionnels.com\/en\/about\/our-shareholders-partners\/sogemec-assurances\/\">Sogemec Assurances<\/a><\/p>\n<p style=\"padding-left: 30px;\"><a href=\"https:\/\/www.fprofessionnels.com\/en\/about\/our-shareholders-partners\/sogedent-assurances\/\">Sogedent Assurances<\/a><\/p>\n<h4>\u00a0<\/h4>\n","protected":false},"excerpt":{"rendered":"<p>fdp Private Wealth Management can rely on the support of its professional association shareholders and partners and on the complementary expertise of its business partners to serve its clients by putting their interests first. To that end, fdp Private Wealth Management is also a shareholder of MultiD, whose services cover all administrative aspects of the <a class=\"read-more\" href=\"https:\/\/www.fprofessionnels.com\/en\/about\/our-shareholders-partners\/\">[&#8230;]<\/a><\/p>\n","protected":false},"author":6,"featured_media":4081,"parent":711,"menu_order":18,"comment_status":"closed","ping_status":"closed","template":"","meta":{"_acf_changed":false,"footnotes":"","_links_to":"","_links_to_target":""},"categorie-de-page":[],"class_list":["post-780","page","type-page","status-publish","has-post-thumbnail","hentry"],"acf":[],"yoast_head":"<!-- This site is optimized with the Yoast SEO Premium plugin v26.9 (Yoast SEO v26.9) - https:\/\/yoast.com\/product\/yoast-seo-premium-wordpress\/ -->\n<title>Our shareholders and partners &#8902; fdp Gestion priv\u00e9e<\/title>\n<meta name=\"robots\" content=\"index, follow, max-snippet:-1, max-image-preview:large, max-video-preview:-1\" \/>\n<link rel=\"canonical\" href=\"https:\/\/www.fprofessionnels.com\/en\/about\/our-shareholders-partners\/\" \/>\n<meta property=\"og:locale\" content=\"en_US\" \/>\n<meta property=\"og:type\" content=\"article\" \/>\n<meta property=\"og:title\" content=\"Our shareholders and partners\" \/>\n<meta property=\"og:description\" content=\"fdp Private Wealth Management can rely on the support of its professional association shareholders and partners and on the complementary expertise of its business partners to serve its clients by putting their interests first. To that end, fdp Private Wealth Management is also a shareholder of MultiD, whose services cover all administrative aspects of the [...]\" \/>\n<meta property=\"og:url\" content=\"https:\/\/www.fprofessionnels.com\/en\/about\/our-shareholders-partners\/\" \/>\n<meta property=\"og:site_name\" content=\"fdp Gestion priv\u00e9e\" \/>\n<meta property=\"article:publisher\" content=\"https:\/\/www.facebook.com\/Fprofessionnels\/\" \/>\n<meta property=\"article:modified_time\" content=\"2026-02-10T21:20:18+00:00\" \/>\n<meta property=\"og:image\" content=\"https:\/\/www.fprofessionnels.com\/wp-content\/uploads\/2016\/04\/Pastille_Propos.jpg\" \/>\n\t<meta property=\"og:image:width\" content=\"220\" \/>\n\t<meta property=\"og:image:height\" content=\"200\" \/>\n\t<meta property=\"og:image:type\" content=\"image\/jpeg\" \/>\n<meta name=\"twitter:card\" content=\"summary_large_image\" \/>\n<meta name=\"twitter:site\" content=\"@Fprofessionnels\" \/>\n<meta name=\"twitter:label1\" content=\"Est. reading time\" \/>\n\t<meta name=\"twitter:data1\" content=\"2 minutes\" \/>\n<script type=\"application\/ld+json\" class=\"yoast-schema-graph\">{\"@context\":\"https:\/\/schema.org\",\"@graph\":[{\"@type\":\"WebPage\",\"@id\":\"https:\/\/www.fprofessionnels.com\/en\/about\/our-shareholders-partners\/\",\"url\":\"https:\/\/www.fprofessionnels.com\/en\/about\/our-shareholders-partners\/\",\"name\":\"Our shareholders and partners &#8902; fdp Gestion priv\u00e9e\",\"isPartOf\":{\"@id\":\"https:\/\/www.fprofessionnels.com\/en\/#website\"},\"primaryImageOfPage\":{\"@id\":\"https:\/\/www.fprofessionnels.com\/en\/about\/our-shareholders-partners\/#primaryimage\"},\"image\":{\"@id\":\"https:\/\/www.fprofessionnels.com\/en\/about\/our-shareholders-partners\/#primaryimage\"},\"thumbnailUrl\":\"\/wp-content\/uploads\/2016\/04\/Pastille_Propos.jpg\",\"datePublished\":\"2016-05-04T14:55:25+00:00\",\"dateModified\":\"2026-02-10T21:20:18+00:00\",\"breadcrumb\":{\"@id\":\"https:\/\/www.fprofessionnels.com\/en\/about\/our-shareholders-partners\/#breadcrumb\"},\"inLanguage\":\"en-US\",\"potentialAction\":[{\"@type\":\"ReadAction\",\"target\":[\"https:\/\/www.fprofessionnels.com\/en\/about\/our-shareholders-partners\/\"]}]},{\"@type\":\"ImageObject\",\"inLanguage\":\"en-US\",\"@id\":\"https:\/\/www.fprofessionnels.com\/en\/about\/our-shareholders-partners\/#primaryimage\",\"url\":\"\/wp-content\/uploads\/2016\/04\/Pastille_Propos.jpg\",\"contentUrl\":\"\/wp-content\/uploads\/2016\/04\/Pastille_Propos.jpg\",\"width\":220,\"height\":200},{\"@type\":\"BreadcrumbList\",\"@id\":\"https:\/\/www.fprofessionnels.com\/en\/about\/our-shareholders-partners\/#breadcrumb\",\"itemListElement\":[{\"@type\":\"ListItem\",\"position\":1,\"name\":\"Accueil\",\"item\":\"https:\/\/www.fprofessionnels.com\/en\/\"},{\"@type\":\"ListItem\",\"position\":2,\"name\":\"About us\",\"item\":\"https:\/\/www.fprofessionnels.com\/en\/about\/\"},{\"@type\":\"ListItem\",\"position\":3,\"name\":\"Our shareholders and partners\"}]},{\"@type\":\"WebSite\",\"@id\":\"https:\/\/www.fprofessionnels.com\/en\/#website\",\"url\":\"https:\/\/www.fprofessionnels.com\/en\/\",\"name\":\"fdp Gestion priv\u00e9e\",\"description\":\"Une longueur d\u2019avance dans vos prises de d\u00e9cisions financi\u00e8res\",\"publisher\":{\"@id\":\"https:\/\/www.fprofessionnels.com\/en\/#organization\"},\"potentialAction\":[{\"@type\":\"SearchAction\",\"target\":{\"@type\":\"EntryPoint\",\"urlTemplate\":\"https:\/\/www.fprofessionnels.com\/en\/?s={search_term_string}\"},\"query-input\":{\"@type\":\"PropertyValueSpecification\",\"valueRequired\":true,\"valueName\":\"search_term_string\"}}],\"inLanguage\":\"en-US\"},{\"@type\":\"Organization\",\"@id\":\"https:\/\/www.fprofessionnels.com\/en\/#organization\",\"name\":\"Financi\u00e8re des professionnels\",\"url\":\"https:\/\/www.fprofessionnels.com\/en\/\",\"logo\":{\"@type\":\"ImageObject\",\"inLanguage\":\"en-US\",\"@id\":\"https:\/\/www.fprofessionnels.com\/en\/#\/schema\/logo\/image\/\",\"url\":\"\/wp-content\/uploads\/2016\/06\/logo-fpro.png\",\"contentUrl\":\"\/wp-content\/uploads\/2016\/06\/logo-fpro.png\",\"width\":292,\"height\":184,\"caption\":\"Financi\u00e8re des professionnels\"},\"image\":{\"@id\":\"https:\/\/www.fprofessionnels.com\/en\/#\/schema\/logo\/image\/\"},\"sameAs\":[\"https:\/\/www.facebook.com\/Fprofessionnels\/\",\"https:\/\/x.com\/Fprofessionnels\",\"https:\/\/www.linkedin.com\/company\/financi-re-des-professionnels\"]}]}<\/script>\n<!-- \/ Yoast SEO Premium plugin. -->","yoast_head_json":{"title":"Our shareholders and partners &#8902; fdp Gestion priv\u00e9e","robots":{"index":"index","follow":"follow","max-snippet":"max-snippet:-1","max-image-preview":"max-image-preview:large","max-video-preview":"max-video-preview:-1"},"canonical":"https:\/\/www.fprofessionnels.com\/en\/about\/our-shareholders-partners\/","og_locale":"en_US","og_type":"article","og_title":"Our shareholders and partners","og_description":"fdp Private Wealth Management can rely on the support of its professional association shareholders and partners and on the complementary expertise of its business partners to serve its clients by putting their interests first. To that end, fdp Private Wealth Management is also a shareholder of MultiD, whose services cover all administrative aspects of the [...]","og_url":"https:\/\/www.fprofessionnels.com\/en\/about\/our-shareholders-partners\/","og_site_name":"fdp Gestion priv\u00e9e","article_publisher":"https:\/\/www.facebook.com\/Fprofessionnels\/","article_modified_time":"2026-02-10T21:20:18+00:00","og_image":[{"width":220,"height":200,"url":"https:\/\/www.fprofessionnels.com\/wp-content\/uploads\/2016\/04\/Pastille_Propos.jpg","type":"image\/jpeg"}],"twitter_card":"summary_large_image","twitter_site":"@Fprofessionnels","twitter_misc":{"Est. reading time":"2 minutes"},"schema":{"@context":"https:\/\/schema.org","@graph":[{"@type":"WebPage","@id":"https:\/\/www.fprofessionnels.com\/en\/about\/our-shareholders-partners\/","url":"https:\/\/www.fprofessionnels.com\/en\/about\/our-shareholders-partners\/","name":"Our shareholders and partners &#8902; fdp Gestion priv\u00e9e","isPartOf":{"@id":"https:\/\/www.fprofessionnels.com\/en\/#website"},"primaryImageOfPage":{"@id":"https:\/\/www.fprofessionnels.com\/en\/about\/our-shareholders-partners\/#primaryimage"},"image":{"@id":"https:\/\/www.fprofessionnels.com\/en\/about\/our-shareholders-partners\/#primaryimage"},"thumbnailUrl":"\/wp-content\/uploads\/2016\/04\/Pastille_Propos.jpg","datePublished":"2016-05-04T14:55:25+00:00","dateModified":"2026-02-10T21:20:18+00:00","breadcrumb":{"@id":"https:\/\/www.fprofessionnels.com\/en\/about\/our-shareholders-partners\/#breadcrumb"},"inLanguage":"en-US","potentialAction":[{"@type":"ReadAction","target":["https:\/\/www.fprofessionnels.com\/en\/about\/our-shareholders-partners\/"]}]},{"@type":"ImageObject","inLanguage":"en-US","@id":"https:\/\/www.fprofessionnels.com\/en\/about\/our-shareholders-partners\/#primaryimage","url":"\/wp-content\/uploads\/2016\/04\/Pastille_Propos.jpg","contentUrl":"\/wp-content\/uploads\/2016\/04\/Pastille_Propos.jpg","width":220,"height":200},{"@type":"BreadcrumbList","@id":"https:\/\/www.fprofessionnels.com\/en\/about\/our-shareholders-partners\/#breadcrumb","itemListElement":[{"@type":"ListItem","position":1,"name":"Accueil","item":"https:\/\/www.fprofessionnels.com\/en\/"},{"@type":"ListItem","position":2,"name":"About us","item":"https:\/\/www.fprofessionnels.com\/en\/about\/"},{"@type":"ListItem","position":3,"name":"Our shareholders and partners"}]},{"@type":"WebSite","@id":"https:\/\/www.fprofessionnels.com\/en\/#website","url":"https:\/\/www.fprofessionnels.com\/en\/","name":"fdp Gestion priv\u00e9e","description":"Une longueur d\u2019avance dans vos prises de d\u00e9cisions financi\u00e8res","publisher":{"@id":"https:\/\/www.fprofessionnels.com\/en\/#organization"},"potentialAction":[{"@type":"SearchAction","target":{"@type":"EntryPoint","urlTemplate":"https:\/\/www.fprofessionnels.com\/en\/?s={search_term_string}"},"query-input":{"@type":"PropertyValueSpecification","valueRequired":true,"valueName":"search_term_string"}}],"inLanguage":"en-US"},{"@type":"Organization","@id":"https:\/\/www.fprofessionnels.com\/en\/#organization","name":"Financi\u00e8re des professionnels","url":"https:\/\/www.fprofessionnels.com\/en\/","logo":{"@type":"ImageObject","inLanguage":"en-US","@id":"https:\/\/www.fprofessionnels.com\/en\/#\/schema\/logo\/image\/","url":"\/wp-content\/uploads\/2016\/06\/logo-fpro.png","contentUrl":"\/wp-content\/uploads\/2016\/06\/logo-fpro.png","width":292,"height":184,"caption":"Financi\u00e8re des professionnels"},"image":{"@id":"https:\/\/www.fprofessionnels.com\/en\/#\/schema\/logo\/image\/"},"sameAs":["https:\/\/www.facebook.com\/Fprofessionnels\/","https:\/\/x.com\/Fprofessionnels","https:\/\/www.linkedin.com\/company\/financi-re-des-professionnels"]}]}},"_links":{"self":[{"href":"https:\/\/www.fprofessionnels.com\/en\/wp-json\/wp\/v2\/pages\/780","targetHints":{"allow":["GET"]}}],"collection":[{"href":"https:\/\/www.fprofessionnels.com\/en\/wp-json\/wp\/v2\/pages"}],"about":[{"href":"https:\/\/www.fprofessionnels.com\/en\/wp-json\/wp\/v2\/types\/page"}],"author":[{"embeddable":true,"href":"https:\/\/www.fprofessionnels.com\/en\/wp-json\/wp\/v2\/users\/6"}],"replies":[{"embeddable":true,"href":"https:\/\/www.fprofessionnels.com\/en\/wp-json\/wp\/v2\/comments?post=780"}],"version-history":[{"count":22,"href":"https:\/\/www.fprofessionnels.com\/en\/wp-json\/wp\/v2\/pages\/780\/revisions"}],"predecessor-version":[{"id":58720,"href":"https:\/\/www.fprofessionnels.com\/en\/wp-json\/wp\/v2\/pages\/780\/revisions\/58720"}],"up":[{"embeddable":true,"href":"https:\/\/www.fprofessionnels.com\/en\/wp-json\/wp\/v2\/pages\/711"}],"wp:featuredmedia":[{"embeddable":true,"href":"https:\/\/www.fprofessionnels.com\/en\/wp-json\/wp\/v2\/media\/4081"}],"wp:attachment":[{"href":"https:\/\/www.fprofessionnels.com\/en\/wp-json\/wp\/v2\/media?parent=780"}],"wp:term":[{"taxonomy":"categorie-de-page","embeddable":true,"href":"https:\/\/www.fprofessionnels.com\/en\/wp-json\/wp\/v2\/categorie-de-page?post=780"}],"curies":[{"name":"wp","href":"https:\/\/api.w.org\/{rel}","templated":true}]}}